{"id":7767,"date":"2025-02-04T19:45:58","date_gmt":"2025-02-04T18:45:58","guid":{"rendered":"https:\/\/familycancat.com\/?post_type=product&#038;p=7767"},"modified":"2026-03-24T18:11:41","modified_gmt":"2026-03-24T17:11:41","slug":"applaws-dog-lata-topper-estofado-de-pollo-y-verduras-156-gr","status":"publish","type":"product","link":"https:\/\/familycancat.com\/en\/product\/applaws-dog-lata-topper-estofado-de-pollo-y-verduras-156-gr\/","title":{"rendered":"Applaws Dog Lata Topper Estofado de Pollo y Verduras 156 GR"},"content":{"rendered":"<p>Applaws Topper guiso de pollo con verduras, perfecto para mezclar con el pienso seco del perro, a\u00f1adiendo a su alimentaci\u00f3n habitual prote\u00ednas de calidad y texturas diferentes. Alimento h\u00famedo para perros elaborado con zanahorias y jud\u00edas verdes para aportar vitaminas y fibra, elaborado con ingredientes 100% naturales y sin cereales<\/p>\n<p>Ingredientes: Pechuga de pollo 40%, zanahorias 10%, jud\u00edas verdes 10%, patata 5%, gelificante vegetal, tomillo.<\/p>\n<p>Componentes anal\u00edticos: prote\u00edna 8%, fibra bruta 0,1%, grasa bruta 0,5%, ceniza bruta 2%, humedad 89%.<\/p>","protected":false},"excerpt":{"rendered":"<p>Applaws Topper guiso de pollo con verduras, perfecto para mezclar con el pienso seco del perro, a\u00f1adiendo a su alimentaci\u00f3n habitual prote\u00ednas de calidad y&#8230;<\/p>","protected":false},"featured_media":7768,"template":"","meta":[],"etheme_brands":[{"term_id":104,"name":"APPLAWS","slug":"applaws","term_group":0,"term_taxonomy_id":104,"taxonomy":"brand","description":"","parent":0,"count":67,"filter":"raw"}],"product_cat":[96,20,89],"product_tag":[],"class_list":{"0":"post-7767","1":"product","2":"type-product","3":"status-publish","4":"has-post-thumbnail","6":"brand-applaws","7":"product_cat-todos-los-productos","8":"product_cat-perros","9":"product_cat-comida-humeda-para-perros","11":"first","12":"instock","13":"taxable","14":"shipping-taxable","15":"purchasable","16":"product-type-simple"},"jetpack_sharing_enabled":true,"_links":{"self":[{"href":"https:\/\/familycancat.com\/en\/wp-json\/wp\/v2\/product\/7767","targetHints":{"allow":["GET"]}}],"collection":[{"href":"https:\/\/familycancat.com\/en\/wp-json\/wp\/v2\/product"}],"about":[{"href":"https:\/\/familycancat.com\/en\/wp-json\/wp\/v2\/types\/product"}],"version-history":[{"count":2,"href":"https:\/\/familycancat.com\/en\/wp-json\/wp\/v2\/product\/7767\/revisions"}],"predecessor-version":[{"id":8402,"href":"https:\/\/familycancat.com\/en\/wp-json\/wp\/v2\/product\/7767\/revisions\/8402"}],"wp:featuredmedia":[{"embeddable":true,"href":"https:\/\/familycancat.com\/en\/wp-json\/wp\/v2\/media\/7768"}],"wp:attachment":[{"href":"https:\/\/familycancat.com\/en\/wp-json\/wp\/v2\/media?parent=7767"}],"wp:term":[{"taxonomy":"brand","embeddable":true,"href":"https:\/\/familycancat.com\/en\/wp-json\/wp\/v2\/etheme_brands?post=7767"},{"taxonomy":"product_cat","embeddable":true,"href":"https:\/\/familycancat.com\/en\/wp-json\/wp\/v2\/product_cat?post=7767"},{"taxonomy":"product_tag","embeddable":true,"href":"https:\/\/familycancat.com\/en\/wp-json\/wp\/v2\/product_tag?post=7767"}],"curies":[{"name":"wp","href":"https:\/\/api.w.org\/{rel}","templated":true}]}}