{"id":7705,"date":"2025-01-28T18:43:28","date_gmt":"2025-01-28T17:43:28","guid":{"rendered":"https:\/\/familycancat.com\/?post_type=product&#038;p=7705"},"modified":"2026-03-31T11:40:43","modified_gmt":"2026-03-31T10:40:43","slug":"applaws-cat-sobre-caldo-pollo-multipack-12x70","status":"publish","type":"product","link":"https:\/\/familycancat.com\/en\/product\/applaws-cat-sobre-caldo-pollo-multipack-12x70\/","title":{"rendered":"Applaws Cat Sobre Caldo Pollo Multipack 12X70"},"content":{"rendered":"<p><b>Todas las caracter\u00edsticas de un vistazo:<\/b><\/p>\n<ul>\n<li>Alimento complementario para gatos adultos<\/li>\n<li>Ingredientes exclusivamente naturales: de la m\u00e1xima calidad<\/li>\n<li>Alta proporci\u00f3n de carne o pescado: cada uno procedente de una cr\u00eda sostenible y adaptada a la especie<\/li>\n<li>Sin aditivos<\/li>\n<li>Su excelente sabor garantiza la mejor aceptaci\u00f3n<\/li>\n<li>Complemento perfecto: para una dieta equilibrada<\/li>\n<\/ul>\n<p>La selecci\u00f3n de pollo contiene:<\/p>\n<ul>\n<li>4 x Pechuga de pollo con arroz salvaje<\/li>\n<li>4 x Pechuga de pollo con calabaza<\/li>\n<li>4 x Pechuga de pollo con esp\u00e1rragos<\/li>\n<\/ul>","protected":false},"excerpt":{"rendered":"<p>Todas las caracter\u00edsticas de un vistazo: Alimento complementario para gatos adultos Ingredientes exclusivamente naturales: de la m\u00e1xima calidad Alta proporci\u00f3n de carne o pescado: cada&#8230;<\/p>","protected":false},"featured_media":7706,"template":"","meta":[],"etheme_brands":[{"term_id":104,"name":"APPLAWS","slug":"applaws","term_group":0,"term_taxonomy_id":104,"taxonomy":"brand","description":"","parent":0,"count":67,"filter":"raw"}],"product_cat":[96,25,83],"product_tag":[],"class_list":{"0":"post-7705","1":"product","2":"type-product","3":"status-publish","4":"has-post-thumbnail","6":"brand-applaws","7":"product_cat-todos-los-productos","8":"product_cat-gatos","9":"product_cat-comida-humeda-para-gatos","11":"first","12":"instock","13":"taxable","14":"shipping-taxable","15":"purchasable","16":"product-type-simple"},"jetpack_sharing_enabled":true,"_links":{"self":[{"href":"https:\/\/familycancat.com\/en\/wp-json\/wp\/v2\/product\/7705","targetHints":{"allow":["GET"]}}],"collection":[{"href":"https:\/\/familycancat.com\/en\/wp-json\/wp\/v2\/product"}],"about":[{"href":"https:\/\/familycancat.com\/en\/wp-json\/wp\/v2\/types\/product"}],"version-history":[{"count":2,"href":"https:\/\/familycancat.com\/en\/wp-json\/wp\/v2\/product\/7705\/revisions"}],"predecessor-version":[{"id":8414,"href":"https:\/\/familycancat.com\/en\/wp-json\/wp\/v2\/product\/7705\/revisions\/8414"}],"wp:featuredmedia":[{"embeddable":true,"href":"https:\/\/familycancat.com\/en\/wp-json\/wp\/v2\/media\/7706"}],"wp:attachment":[{"href":"https:\/\/familycancat.com\/en\/wp-json\/wp\/v2\/media?parent=7705"}],"wp:term":[{"taxonomy":"brand","embeddable":true,"href":"https:\/\/familycancat.com\/en\/wp-json\/wp\/v2\/etheme_brands?post=7705"},{"taxonomy":"product_cat","embeddable":true,"href":"https:\/\/familycancat.com\/en\/wp-json\/wp\/v2\/product_cat?post=7705"},{"taxonomy":"product_tag","embeddable":true,"href":"https:\/\/familycancat.com\/en\/wp-json\/wp\/v2\/product_tag?post=7705"}],"curies":[{"name":"wp","href":"https:\/\/api.w.org\/{rel}","templated":true}]}}