{"id":7701,"date":"2025-01-27T18:12:33","date_gmt":"2025-01-27T17:12:33","guid":{"rendered":"https:\/\/familycancat.com\/?post_type=product&#038;p=7701"},"modified":"2026-04-15T17:14:28","modified_gmt":"2026-04-15T16:14:28","slug":"rabo-de-ternera-mediano-mordedor-10-15cm-copia","status":"publish","type":"product","link":"https:\/\/familycancat.com\/en\/product\/rabo-de-ternera-mediano-mordedor-10-15cm-copia\/","title":{"rendered":"Rabo de Ternera Mediano (MORDEDOR 10-15CM)."},"content":{"rendered":"<p>El rabo de ternera es un snack <strong>100% natural<\/strong>. Ideal para perros de todos los tama\u00f1os. Para los m\u00e1s peques, ser\u00e1 perfecto si queremos que est\u00e9n un ratito entretenidos porque, aunque es un snack f\u00e1cil, tiene una dureza mayor para ellos.<\/p>\n<p>El rabo de ternera ha sido deshidratado a baja temperatura para preservar sus nutrientes, aroma y sabor. Eso s\u00ed, este snack<strong>\u00a0no es especialmente oloroso<\/strong>.<\/p>","protected":false},"excerpt":{"rendered":"<p>El rabo de ternera es un snack 100% natural. Ideal para perros de todos los tama\u00f1os. Para los m\u00e1s peques, ser\u00e1 perfecto si queremos que&#8230;<\/p>","protected":false},"featured_media":7697,"template":"","meta":[],"etheme_brands":[],"product_cat":[96,20,128],"product_tag":[],"class_list":{"0":"post-7701","1":"product","2":"type-product","3":"status-publish","4":"has-post-thumbnail","6":"product_cat-todos-los-productos","7":"product_cat-perros","8":"product_cat-mordedores","10":"first","11":"instock","12":"taxable","13":"shipping-taxable","14":"purchasable","15":"product-type-simple"},"jetpack_sharing_enabled":true,"_links":{"self":[{"href":"https:\/\/familycancat.com\/en\/wp-json\/wp\/v2\/product\/7701","targetHints":{"allow":["GET"]}}],"collection":[{"href":"https:\/\/familycancat.com\/en\/wp-json\/wp\/v2\/product"}],"about":[{"href":"https:\/\/familycancat.com\/en\/wp-json\/wp\/v2\/types\/product"}],"version-history":[{"count":2,"href":"https:\/\/familycancat.com\/en\/wp-json\/wp\/v2\/product\/7701\/revisions"}],"predecessor-version":[{"id":7703,"href":"https:\/\/familycancat.com\/en\/wp-json\/wp\/v2\/product\/7701\/revisions\/7703"}],"wp:featuredmedia":[{"embeddable":true,"href":"https:\/\/familycancat.com\/en\/wp-json\/wp\/v2\/media\/7697"}],"wp:attachment":[{"href":"https:\/\/familycancat.com\/en\/wp-json\/wp\/v2\/media?parent=7701"}],"wp:term":[{"taxonomy":"brand","embeddable":true,"href":"https:\/\/familycancat.com\/en\/wp-json\/wp\/v2\/etheme_brands?post=7701"},{"taxonomy":"product_cat","embeddable":true,"href":"https:\/\/familycancat.com\/en\/wp-json\/wp\/v2\/product_cat?post=7701"},{"taxonomy":"product_tag","embeddable":true,"href":"https:\/\/familycancat.com\/en\/wp-json\/wp\/v2\/product_tag?post=7701"}],"curies":[{"name":"wp","href":"https:\/\/api.w.org\/{rel}","templated":true}]}}