{"id":7625,"date":"2025-01-22T17:51:23","date_gmt":"2025-01-22T16:51:23","guid":{"rendered":"https:\/\/familycancat.com\/?post_type=product&#038;p=7625"},"modified":"2026-03-20T10:26:34","modified_gmt":"2026-03-20T09:26:34","slug":"applaws-kitten-sobre-de-atun-para-gatos-70-gr-copia","status":"publish","type":"product","link":"https:\/\/familycancat.com\/en\/product\/applaws-kitten-sobre-de-atun-para-gatos-70-gr-copia\/","title":{"rendered":"Applaws Cat Kitten Sobre de Atun 70 Gr"},"content":{"rendered":"<div class=\"product-tabs__desc u-text\">Impresiona a tu peque\u00f1a mascota con el Applaws Kitten Lata Filete de At\u00fan en Caldo que Bixoto te ofrece. En su etapa de crecimiento, los felinos necesitan cuidados y nutrition adecuada y con este producto, podr\u00e1s proporcionarle justamente eso. Este alimento ha sido preparado pensando en las necesidades nutricionales de los gatitos en desarrollo para mantenerlos saludables y llenos de energ\u00eda.<br \/>\nAdem\u00e1s, disfrutar\u00e1n de un sabor inigualable que har\u00e1 que cada momento de comida sea una experiencia gastron\u00f3mica placentera y satisfecha. Presentado en una lata de 50 gramos, este filete de at\u00fan en caldo es f\u00e1cil de servir y deleitar\u00e1 a tu amigo felino. Adquiere este producto premium y proporciona a tu peque\u00f1o gatito todo lo que necesita para crecer y prosperar.<\/div>","protected":false},"excerpt":{"rendered":"<p>Impresiona a tu peque\u00f1a mascota con el Applaws Kitten Lata Filete de At\u00fan en Caldo que Bixoto te ofrece. En su etapa de crecimiento, los&#8230;<\/p>","protected":false},"featured_media":7626,"template":"","meta":[],"etheme_brands":[{"term_id":104,"name":"APPLAWS","slug":"applaws","term_group":0,"term_taxonomy_id":104,"taxonomy":"brand","description":"","parent":0,"count":67,"filter":"raw"}],"product_cat":[96,25,83],"product_tag":[],"class_list":{"0":"post-7625","1":"product","2":"type-product","3":"status-publish","4":"has-post-thumbnail","6":"brand-applaws","7":"product_cat-todos-los-productos","8":"product_cat-gatos","9":"product_cat-comida-humeda-para-gatos","11":"first","12":"instock","13":"taxable","14":"shipping-taxable","15":"purchasable","16":"product-type-simple"},"jetpack_sharing_enabled":true,"_links":{"self":[{"href":"https:\/\/familycancat.com\/en\/wp-json\/wp\/v2\/product\/7625","targetHints":{"allow":["GET"]}}],"collection":[{"href":"https:\/\/familycancat.com\/en\/wp-json\/wp\/v2\/product"}],"about":[{"href":"https:\/\/familycancat.com\/en\/wp-json\/wp\/v2\/types\/product"}],"version-history":[{"count":3,"href":"https:\/\/familycancat.com\/en\/wp-json\/wp\/v2\/product\/7625\/revisions"}],"predecessor-version":[{"id":8561,"href":"https:\/\/familycancat.com\/en\/wp-json\/wp\/v2\/product\/7625\/revisions\/8561"}],"wp:featuredmedia":[{"embeddable":true,"href":"https:\/\/familycancat.com\/en\/wp-json\/wp\/v2\/media\/7626"}],"wp:attachment":[{"href":"https:\/\/familycancat.com\/en\/wp-json\/wp\/v2\/media?parent=7625"}],"wp:term":[{"taxonomy":"brand","embeddable":true,"href":"https:\/\/familycancat.com\/en\/wp-json\/wp\/v2\/etheme_brands?post=7625"},{"taxonomy":"product_cat","embeddable":true,"href":"https:\/\/familycancat.com\/en\/wp-json\/wp\/v2\/product_cat?post=7625"},{"taxonomy":"product_tag","embeddable":true,"href":"https:\/\/familycancat.com\/en\/wp-json\/wp\/v2\/product_tag?post=7625"}],"curies":[{"name":"wp","href":"https:\/\/api.w.org\/{rel}","templated":true}]}}