{"id":7622,"date":"2025-01-22T17:37:09","date_gmt":"2025-01-22T16:37:09","guid":{"rendered":"https:\/\/familycancat.com\/?post_type=product&#038;p=7622"},"modified":"2026-04-01T12:13:00","modified_gmt":"2026-04-01T11:13:00","slug":"applaws-kitten-sobre-de-pollo-para-gatos-70-gr","status":"publish","type":"product","link":"https:\/\/familycancat.com\/en\/product\/applaws-kitten-sobre-de-pollo-para-gatos-70-gr\/","title":{"rendered":"Applaws Cat Kitten Sobre de Pollo 70 Gr"},"content":{"rendered":"<p>D\u00e9le a su adorable gatito una delicia culinaria con las latas Applaws Kitten Pechuga de Pollo en Caldo. Este alimento, disponibles en Bixoto en un conveniente paquete de 12 latas de 50 gramos, ha sido especialmente dise\u00f1ado para satisfacer las necesidades diet\u00e9ticas de los gatitos en crecimiento, proporcionando una nutrici\u00f3n \u00f3ptima mientras estimula su paladar con un sabor irresistible.<br \/>\nPerfecto para la alimentaci\u00f3n diaria, Applaws Kitten Pechuga de Pollo en Caldo es tierno y suave, f\u00e1cil de masticar y de digerir. Este producto no solo es delicioso para su animal, sino que tambi\u00e9n est\u00e1 repleto de saludables beneficios, aportando todas las sustancias esenciales necesarias para un crecimiento saludable. Adem\u00e1s, su pr\u00e1ctico empaque mantiene la comida fresca en todo momento. Encargue hoy mismo en Bixoto para mimar a su gatito con una comida que \u00e9l amar\u00e1.<\/p>","protected":false},"excerpt":{"rendered":"<p>D\u00e9le a su adorable gatito una delicia culinaria con las latas Applaws Kitten Pechuga de Pollo en Caldo. Este alimento, disponibles en Bixoto en un&#8230;<\/p>","protected":false},"featured_media":7623,"template":"","meta":[],"etheme_brands":[{"term_id":104,"name":"APPLAWS","slug":"applaws","term_group":0,"term_taxonomy_id":104,"taxonomy":"brand","description":"","parent":0,"count":67,"filter":"raw"}],"product_cat":[96,25,83],"product_tag":[],"class_list":{"0":"post-7622","1":"product","2":"type-product","3":"status-publish","4":"has-post-thumbnail","6":"brand-applaws","7":"product_cat-todos-los-productos","8":"product_cat-gatos","9":"product_cat-comida-humeda-para-gatos","11":"first","12":"instock","13":"taxable","14":"shipping-taxable","15":"purchasable","16":"product-type-simple"},"jetpack_sharing_enabled":true,"_links":{"self":[{"href":"https:\/\/familycancat.com\/en\/wp-json\/wp\/v2\/product\/7622","targetHints":{"allow":["GET"]}}],"collection":[{"href":"https:\/\/familycancat.com\/en\/wp-json\/wp\/v2\/product"}],"about":[{"href":"https:\/\/familycancat.com\/en\/wp-json\/wp\/v2\/types\/product"}],"version-history":[{"count":2,"href":"https:\/\/familycancat.com\/en\/wp-json\/wp\/v2\/product\/7622\/revisions"}],"predecessor-version":[{"id":8559,"href":"https:\/\/familycancat.com\/en\/wp-json\/wp\/v2\/product\/7622\/revisions\/8559"}],"wp:featuredmedia":[{"embeddable":true,"href":"https:\/\/familycancat.com\/en\/wp-json\/wp\/v2\/media\/7623"}],"wp:attachment":[{"href":"https:\/\/familycancat.com\/en\/wp-json\/wp\/v2\/media?parent=7622"}],"wp:term":[{"taxonomy":"brand","embeddable":true,"href":"https:\/\/familycancat.com\/en\/wp-json\/wp\/v2\/etheme_brands?post=7622"},{"taxonomy":"product_cat","embeddable":true,"href":"https:\/\/familycancat.com\/en\/wp-json\/wp\/v2\/product_cat?post=7622"},{"taxonomy":"product_tag","embeddable":true,"href":"https:\/\/familycancat.com\/en\/wp-json\/wp\/v2\/product_tag?post=7622"}],"curies":[{"name":"wp","href":"https:\/\/api.w.org\/{rel}","templated":true}]}}