{"id":7497,"date":"2025-01-13T18:49:07","date_gmt":"2025-01-13T17:49:07","guid":{"rendered":"https:\/\/familycancat.com\/?post_type=product&#038;p=7497"},"modified":"2025-05-06T11:17:25","modified_gmt":"2025-05-06T10:17:25","slug":"dogs-love-lata-intestinal-light-pollo-e-hinojo-para-perros-400gr","status":"publish","type":"product","link":"https:\/\/familycancat.com\/en\/product\/dogs-love-lata-intestinal-light-pollo-e-hinojo-para-perros-400gr\/","title":{"rendered":"Dog&#8217;s Love Lata  Intestinal Light Pollo e Hinojo para Perros 400GR"},"content":{"rendered":"<h2>Comida h\u00fameda para perros &#8211; Pollo Light y Hinojo para el apoyo del est\u00f3mago y el intestino 400g<\/h2>\n<p>Un men\u00fa suave elaborado con la mejor carne de pollo, para una buena salud gastrointestinal. Como parte de la l\u00ednea DOG&#8217;S DOC, puede ayudar a su perro a trav\u00e9s de una nutrici\u00f3n coordinada.<\/p>\n<div class=\"product-subtitle\">Beneficios para tu mascota:<\/div>\n<dl>\n<dt>Men\u00fa sin gluten, hipocal\u00f3rico y bajo en grasas que favorece la funci\u00f3n estomacal e intestinal y la mucosa del est\u00f3mago.<\/dt>\n<dt>Contenido bajo en prote\u00ednas y con materias primas b\u00e1sicas para evitar demasiada acidez estomacal y ardor de est\u00f3mago.<\/dt>\n<dt>Bajo en calor\u00edas y grasas, para ayudar a controlar el peso.<\/dt>\n<dt>Las sustancias nocivas en el aparato gastrointestinal pueden unirse y excretarse con mayor facilidad por los oligosac\u00e1ridos presentes en las zanahorias cocidas.<\/dt>\n<\/dl>\n<div class=\"product-subtitle\">Caracter\u00edsticas:<\/div>\n<dl>\n<dt>Calidad alimentaria al 100 %.<\/dt>\n<dt>60 % de carne de pollo (coraz\u00f3n de pollo 37 %, h\u00edgado de pollo 11 %, pollo 7 %).<\/dt>\n<dt>Para perros adultos.<\/dt>\n<dt>Prote\u00edna bruta: Tambi\u00e9n apto para perros delicados con necesidades nutricionales especiales.<\/dt>\n<dt>Materias primas exentas de ingenier\u00eda gen\u00e9tica, prescindimos de pesticidas qu\u00edmicos sint\u00e9ticos.<\/dt>\n<dt>Fabricado en Austria con materias primas preferentemente regionales.<\/dt>\n<dt>Contiene vitaminas, minerales y oligoelementos.<\/dt>\n<dt>Declaraci\u00f3n abierta.<\/dt>\n<\/dl>\n<div class=\"product-subtitle\">Ingredientes:<\/div>\n<table>\n<tbody>\n<tr>\n<th>Ingrediente<\/th>\n<th>% de total<\/th>\n<\/tr>\n<tr>\n<td>Pollo<\/td>\n<td>55%<\/td>\n<\/tr>\n<tr>\n<td>Arroz<\/td>\n<td>5%<\/td>\n<\/tr>\n<tr>\n<td>Mijo<\/td>\n<td>4%<\/td>\n<\/tr>\n<tr>\n<td>Ricotta<\/td>\n<td>4%<\/td>\n<\/tr>\n<tr>\n<td>Levadura (beta glucanos)<\/td>\n<td>0,03%<\/td>\n<\/tr>\n<tr>\n<td>Hinojo<\/td>\n<td>0,2%<\/td>\n<\/tr>\n<tr>\n<td>T\u00e9 verde<\/td>\n<td>0,1%<\/td>\n<\/tr>\n<\/tbody>\n<\/table>\n<h6>Lista completa: Pollo 55 % (coraz\u00f3n de pollo 37 %, h\u00edgado de pollo 11 %, pollo 7 %), zanahorias, arroz 5 %, espinacas, manzanas, mijo 4 %, ricotta 4 %, minerales, huevo entero seco, aceite de colza, levadura (beta glucanos 0,03 %), hinojo 0,2 %, corteza de olmo, t\u00e9 verde 0,1 %.<\/h6>\n<div class=\"product-subtitle\">Componentes:<\/div>\n<table>\n<tbody>\n<tr>\n<th>Componente<\/th>\n<th>% de total<\/th>\n<\/tr>\n<tr>\n<td>Prote\u00edna bruta<\/td>\n<td>7.50%<\/td>\n<\/tr>\n<tr>\n<td>Grasa bruta<\/td>\n<td>4%<\/td>\n<\/tr>\n<tr>\n<td>Ceniza bruta<\/td>\n<td>1.60%<\/td>\n<\/tr>\n<tr>\n<td>Fibra bruta<\/td>\n<td>0.70%<\/td>\n<\/tr>\n<tr>\n<td>Humedad<\/td>\n<td>78%<\/td>\n<\/tr>\n<\/tbody>\n<\/table>","protected":false},"excerpt":{"rendered":"<div class=\"product_detail-aside--top-left\">\n<div class=\"product_detail-aside--title\">\n<p id=\"product_detail_title\" class=\"product_detail-title\">Comida h\u00fameda para perros adultos Dog&#8217;s Love light Gastro Intestinal grain free Dietas Veterinarias pollo 400 g<\/p>\n<\/div>\n<\/div>\n<div class=\"product_detail-aside--wishlist\">\n<p>&nbsp;<\/p>\n<\/div>","protected":false},"featured_media":7498,"template":"","meta":[],"etheme_brands":[{"term_id":104,"name":"APPLAWS","slug":"applaws","term_group":0,"term_taxonomy_id":104,"taxonomy":"brand","description":"","parent":0,"count":67,"filter":"raw"}],"product_cat":[96,20,89],"product_tag":[],"class_list":{"0":"post-7497","1":"product","2":"type-product","3":"status-publish","4":"has-post-thumbnail","6":"brand-applaws","7":"product_cat-todos-los-productos","8":"product_cat-perros","9":"product_cat-comida-humeda-para-perros","11":"first","12":"instock","13":"taxable","14":"shipping-taxable","15":"purchasable","16":"product-type-simple"},"jetpack_sharing_enabled":true,"_links":{"self":[{"href":"https:\/\/familycancat.com\/en\/wp-json\/wp\/v2\/product\/7497","targetHints":{"allow":["GET"]}}],"collection":[{"href":"https:\/\/familycancat.com\/en\/wp-json\/wp\/v2\/product"}],"about":[{"href":"https:\/\/familycancat.com\/en\/wp-json\/wp\/v2\/types\/product"}],"version-history":[{"count":1,"href":"https:\/\/familycancat.com\/en\/wp-json\/wp\/v2\/product\/7497\/revisions"}],"predecessor-version":[{"id":7499,"href":"https:\/\/familycancat.com\/en\/wp-json\/wp\/v2\/product\/7497\/revisions\/7499"}],"wp:featuredmedia":[{"embeddable":true,"href":"https:\/\/familycancat.com\/en\/wp-json\/wp\/v2\/media\/7498"}],"wp:attachment":[{"href":"https:\/\/familycancat.com\/en\/wp-json\/wp\/v2\/media?parent=7497"}],"wp:term":[{"taxonomy":"brand","embeddable":true,"href":"https:\/\/familycancat.com\/en\/wp-json\/wp\/v2\/etheme_brands?post=7497"},{"taxonomy":"product_cat","embeddable":true,"href":"https:\/\/familycancat.com\/en\/wp-json\/wp\/v2\/product_cat?post=7497"},{"taxonomy":"product_tag","embeddable":true,"href":"https:\/\/familycancat.com\/en\/wp-json\/wp\/v2\/product_tag?post=7497"}],"curies":[{"name":"wp","href":"https:\/\/api.w.org\/{rel}","templated":true}]}}