{"id":7494,"date":"2025-01-09T20:57:13","date_gmt":"2025-01-09T19:57:13","guid":{"rendered":"https:\/\/familycancat.com\/?post_type=product&#038;p=7494"},"modified":"2026-03-03T17:45:24","modified_gmt":"2026-03-03T16:45:24","slug":"applaws-sobre-de-pollo-y-esparragos-para-gatos-70-gr","status":"publish","type":"product","link":"https:\/\/familycancat.com\/en\/product\/applaws-sobre-de-pollo-y-esparragos-para-gatos-70-gr\/","title":{"rendered":"Applaws Cat Sobre de Pollo y Esparragos 70 Gr"},"content":{"rendered":"<p>Comida h\u00fameda Applaws para gatos, los sobres de pollo con esp\u00e1rragos son una opci\u00f3n perfecta para aportar variedad de sabores y texturas a la dieta del gato. Elaborados con ingredientes naturales y de calidad, las fuentes de prote\u00edna utilizadas son ,aptas para consumo humano. Alimento complementario para gatos elaborado con solo 3 ingredientes. Para conseguir una dieta completa y equilibrada se debe ofrecer adem\u00e1s de los sobres alimento seco Applaws.Ingredientes pechuga de pollo 70%, caldo de ,pollo 23%, esp\u00e1rragos 5%, arroz 2%Componentes anal\u00edticos prote\u00edna bruta 15%, aceites y grasa bruta 0,5%, ceniza bruta 0,5%, fibra bruta 0,5%, humedad 81%<\/p>","protected":false},"excerpt":{"rendered":"<p>Comida h\u00fameda Applaws para gatos, los sobres de pollo con esp\u00e1rragos son una opci\u00f3n perfecta para aportar variedad de sabores y texturas a la dieta del gato.<\/p>","protected":false},"featured_media":7495,"template":"","meta":[],"etheme_brands":[{"term_id":104,"name":"APPLAWS","slug":"applaws","term_group":0,"term_taxonomy_id":104,"taxonomy":"brand","description":"","parent":0,"count":67,"filter":"raw"}],"product_cat":[96,25,83],"product_tag":[],"class_list":{"0":"post-7494","1":"product","2":"type-product","3":"status-publish","4":"has-post-thumbnail","6":"brand-applaws","7":"product_cat-todos-los-productos","8":"product_cat-gatos","9":"product_cat-comida-humeda-para-gatos","11":"first","12":"instock","13":"taxable","14":"shipping-taxable","15":"purchasable","16":"product-type-simple"},"jetpack_sharing_enabled":true,"_links":{"self":[{"href":"https:\/\/familycancat.com\/en\/wp-json\/wp\/v2\/product\/7494","targetHints":{"allow":["GET"]}}],"collection":[{"href":"https:\/\/familycancat.com\/en\/wp-json\/wp\/v2\/product"}],"about":[{"href":"https:\/\/familycancat.com\/en\/wp-json\/wp\/v2\/types\/product"}],"version-history":[{"count":2,"href":"https:\/\/familycancat.com\/en\/wp-json\/wp\/v2\/product\/7494\/revisions"}],"predecessor-version":[{"id":8557,"href":"https:\/\/familycancat.com\/en\/wp-json\/wp\/v2\/product\/7494\/revisions\/8557"}],"wp:featuredmedia":[{"embeddable":true,"href":"https:\/\/familycancat.com\/en\/wp-json\/wp\/v2\/media\/7495"}],"wp:attachment":[{"href":"https:\/\/familycancat.com\/en\/wp-json\/wp\/v2\/media?parent=7494"}],"wp:term":[{"taxonomy":"brand","embeddable":true,"href":"https:\/\/familycancat.com\/en\/wp-json\/wp\/v2\/etheme_brands?post=7494"},{"taxonomy":"product_cat","embeddable":true,"href":"https:\/\/familycancat.com\/en\/wp-json\/wp\/v2\/product_cat?post=7494"},{"taxonomy":"product_tag","embeddable":true,"href":"https:\/\/familycancat.com\/en\/wp-json\/wp\/v2\/product_tag?post=7494"}],"curies":[{"name":"wp","href":"https:\/\/api.w.org\/{rel}","templated":true}]}}