{"id":7488,"date":"2025-01-09T19:24:54","date_gmt":"2025-01-09T18:24:54","guid":{"rendered":"https:\/\/familycancat.com\/?post_type=product&#038;p=7488"},"modified":"2026-03-16T11:24:02","modified_gmt":"2026-03-16T10:24:02","slug":"dogs-love-lata-de-vacuno-para-perros-junior-200gr","status":"publish","type":"product","link":"https:\/\/familycancat.com\/en\/product\/dogs-love-lata-de-vacuno-para-perros-junior-200gr\/","title":{"rendered":"Dog&#8217;s Love Lata De Vacuno para Perros Junior 200GR"},"content":{"rendered":"<div>\n<p><strong>Dog&#8217;s Love Lata Perros Junior de Ternera<\/strong><\/p>\n<p>Con zanahoria &amp; salvia, sin cereales<\/p>\n<p>Las variedades naturales JUNIOR del surtido de DOG&#8217;S LOVE est\u00e1n especialmente adaptadas a las necesidades de los perros j\u00f3venes con edades comprendidas entre las 6 semanas y los 12 meses.<br \/>\n&#8211; Mezcla \u00f3ptima de carne muscular, fruta, verdura y calcio<\/p>\n<p>&#8211; Contiene vitaminas, minerales y oligoelementose<\/p>\n<p>&#8211; Con calcio de c\u00e1scara de huevo para la formaci\u00f3n de huesos fuertes<\/p>\n<p>&#8211; Refuerza las defensas, proporciona un pelo bonito y brillante<\/p>\n<p>&#8211; Tolerancia excelente: apto tambi\u00e9n para cachorros y perros j\u00f3venes delicados con necesidades nutricionales especiales<\/p>\n<p><strong>COMPOSICI\u00d3N:<\/strong>\u00a0vacuno 63 % (carne 32 %, coraz\u00f3n 29 %, h\u00edgado 2 %), zanahorias 18 %, calabac\u00edn 8 %, minerales, aceite de cardo, aceite de salm\u00f3n, polvo de c\u00e1scara de huevo, hojas de salvia 0,1 %, berro de agua, algas marina..<\/p>\n<p><strong>ADITIVOS\/KG:<\/strong>\u00a0aditivos nutricionales: vit. D3 517 UI, cinc (como sulfato de cinc, monohidrato) 44 mg, hierro (como sulfato de hierro, monohidrato) 37 mg, cobre (como sulfato de cobre, pentahidratado) 4,4 mg, manganeso (como sulfato de manganeso, monohidrato) 3,3 mg.<\/p>\n<p><strong>COMPONENTES ANAL\u00cdTICOS:<\/strong>\u00a0Prote\u00edna bruta 10 %, grasa bruta 7 %, ceniza bruta 3,5 %, fibra bruta 1,5 %, humedad 74 %.<\/p>\n<p><strong>SIN:<\/strong>\u00a0Gluten, cereales, az\u00facares a\u00f1adidos, soja, harina de huesos, despojos, colorantes ni conservantes, experimentos con animales ni ingenier\u00eda gen\u00e9tica.<\/p>\n<\/div>","protected":false},"excerpt":{"rendered":"<p>El tierno cordero se une a la calabaza y la manzanilla: un delicioso alimento completo para los m\u00e1s peque\u00f1os con los mejores cortes de cordero y mucha fruta y verdura. Al igual que nuestras otras variedades JUNIOR naturales y adaptadas a cada especie, est\u00e1 especialmente adaptada a las necesidades de los perros con edades comprendidas entre las 6 semanas y los 12 meses.<\/p>","protected":false},"featured_media":7489,"template":"","meta":[],"etheme_brands":[{"term_id":136,"name":"DOG LOVE","slug":"dog-love","term_group":0,"term_taxonomy_id":136,"taxonomy":"brand","description":"","parent":0,"count":29,"filter":"raw"}],"product_cat":[96,20,89],"product_tag":[],"class_list":{"0":"post-7488","1":"product","2":"type-product","3":"status-publish","4":"has-post-thumbnail","6":"brand-dog-love","7":"product_cat-todos-los-productos","8":"product_cat-perros","9":"product_cat-comida-humeda-para-perros","11":"first","12":"instock","13":"taxable","14":"shipping-taxable","15":"purchasable","16":"product-type-simple"},"jetpack_sharing_enabled":true,"_links":{"self":[{"href":"https:\/\/familycancat.com\/en\/wp-json\/wp\/v2\/product\/7488","targetHints":{"allow":["GET"]}}],"collection":[{"href":"https:\/\/familycancat.com\/en\/wp-json\/wp\/v2\/product"}],"about":[{"href":"https:\/\/familycancat.com\/en\/wp-json\/wp\/v2\/types\/product"}],"version-history":[{"count":1,"href":"https:\/\/familycancat.com\/en\/wp-json\/wp\/v2\/product\/7488\/revisions"}],"predecessor-version":[{"id":7490,"href":"https:\/\/familycancat.com\/en\/wp-json\/wp\/v2\/product\/7488\/revisions\/7490"}],"wp:featuredmedia":[{"embeddable":true,"href":"https:\/\/familycancat.com\/en\/wp-json\/wp\/v2\/media\/7489"}],"wp:attachment":[{"href":"https:\/\/familycancat.com\/en\/wp-json\/wp\/v2\/media?parent=7488"}],"wp:term":[{"taxonomy":"brand","embeddable":true,"href":"https:\/\/familycancat.com\/en\/wp-json\/wp\/v2\/etheme_brands?post=7488"},{"taxonomy":"product_cat","embeddable":true,"href":"https:\/\/familycancat.com\/en\/wp-json\/wp\/v2\/product_cat?post=7488"},{"taxonomy":"product_tag","embeddable":true,"href":"https:\/\/familycancat.com\/en\/wp-json\/wp\/v2\/product_tag?post=7488"}],"curies":[{"name":"wp","href":"https:\/\/api.w.org\/{rel}","templated":true}]}}