{"id":7485,"date":"2025-01-09T18:42:43","date_gmt":"2025-01-09T17:42:43","guid":{"rendered":"https:\/\/familycancat.com\/?post_type=product&#038;p=7485"},"modified":"2026-03-30T18:49:59","modified_gmt":"2026-03-30T17:49:59","slug":"dogs-love-lata-de-cordero-para-perros-junior-200gr","status":"publish","type":"product","link":"https:\/\/familycancat.com\/en\/product\/dogs-love-lata-de-cordero-para-perros-junior-200gr\/","title":{"rendered":"Dog&#8217;s Love Lata De Cordero para Perros Junior 200GR"},"content":{"rendered":"<div class=\"nav-tabs__content\">\n<div class=\"zm-title\">\n<h2>Descripci\u00f3n de DOG&#8217;S LOVE Junior Comida h\u00fameda para cachorros con cordero<\/h2>\n<\/div>\n<div class=\"mwct3\">\n<p>La alimentaci\u00f3n de un\u00a0cachorro es un elemento esencial en el crecimiento del perro, debe ser equilibrada y contener todos los ingredientes necesarios para una formaci\u00f3n armoniosa del esqueleto y un apoyo eficaz para el sistema inmunitario para proteger a los perros m\u00e1s j\u00f3venes y m\u00e1s\u00a0fr\u00e1giles a la vez que le aporta toda la energ\u00eda necesaria<\/p>\n<p>La comida h\u00fameda para cachorros\u00a0y perros junior<strong>\u00a0DOG\u00a8S LOVE Junior<\/strong>\u00a0es un alimento de muy alta calidad hecho con ingredientes rigurosamente seleccionados.\u00a0Para una digesti\u00f3n \u00f3ptima, no tiene cereales,\u00a0OGM ni gluten: este alimento est\u00e1 compuesto de carne de cordero,\u00a0finas hierbas\u00a0y\u00a0verduras, como la calabaza y la manzanilla, enriquecido con vitaminas, minerales y oligoelementos.<\/p>\n<p><strong>Caracter\u00edsticas de DOG&#8217;S LOVE Junior Comida h\u00fameda para cachorros con cordero<\/strong><\/p>\n<ul>\n<li>Comida h\u00fameda para cachorros y perros junior.<\/li>\n<li>Con un 60% de cordero y un 26% de frutas y verduras<\/li>\n<li>Con\u00a0el calcio de las c\u00e1scaras de huevo para unos huesos fuertes<\/li>\n<li>Para cachorros a partir de 6 semanas hasta la edad adulta<\/li>\n<li>Sin cereales, gluten, colorantes ni conservantes<\/li>\n<li>Latas de\u00a0200g y de 400g<\/li>\n<\/ul>\n<\/div>\n<\/div>\n<div class=\"container-wide\">\n<div class=\"zac-productdescvideos nav-tabs__content\"><\/div>\n<div class=\"nav-tabs__content\">\n<div class=\"zm-title\">\n<h3>Ingredientes para DOG&#8217;S LOVE Junior Comida h\u00fameda para cachorros con cordero<\/h3>\n<\/div>\n<h4 class=\"text-primary\">An\u00e1lisis<\/h4>\n<p>Energ\u00eda: 494 kJ (118 kcal) \/ 100 g<\/p>\n<h4 class=\"text-primary\">Ingredientes<\/h4>\n<p>Cordero 60 %, patatas 14 %, calabac\u00edn 11 %, albaricoques 2 %, minerales, albahaca, aceite de cardo,\u00a0aceite\u00a0 de salm\u00f3n, c\u00e1scara\u00a0de huevo molida, flores de manzanilla, berro, algas marinas.<br \/>\nValor energ\u00e9tico\u00a0para\u00a0100 g : 494 kJ (118 kcal)<\/p>\n<\/div>\n<\/div>","protected":false},"excerpt":{"rendered":"<div class=\"product_detail-aside--top-left\">\n<div class=\"product_detail-aside--title\">\n<p id=\"product_detail_title\" class=\"product_detail-title\">Las variedades naturales JUNIOR del surtido de DOG&#8217;S LOVE est\u00e1n especialmente adaptadas a las necesidades de los perros j\u00f3venes con edades comprendidas entre las 6 semanas y los 12 meses.<\/p>\n<\/div>\n<\/div>\n<div class=\"product_detail-aside--wishlist\">\n<p>&nbsp;<\/p>\n<\/div>","protected":false},"featured_media":7486,"template":"","meta":[],"etheme_brands":[{"term_id":136,"name":"DOG LOVE","slug":"dog-love","term_group":0,"term_taxonomy_id":136,"taxonomy":"brand","description":"","parent":0,"count":29,"filter":"raw"}],"product_cat":[96,20,89],"product_tag":[],"class_list":{"0":"post-7485","1":"product","2":"type-product","3":"status-publish","4":"has-post-thumbnail","6":"brand-dog-love","7":"product_cat-todos-los-productos","8":"product_cat-perros","9":"product_cat-comida-humeda-para-perros","11":"first","12":"instock","13":"taxable","14":"shipping-taxable","15":"purchasable","16":"product-type-simple"},"jetpack_sharing_enabled":true,"_links":{"self":[{"href":"https:\/\/familycancat.com\/en\/wp-json\/wp\/v2\/product\/7485","targetHints":{"allow":["GET"]}}],"collection":[{"href":"https:\/\/familycancat.com\/en\/wp-json\/wp\/v2\/product"}],"about":[{"href":"https:\/\/familycancat.com\/en\/wp-json\/wp\/v2\/types\/product"}],"version-history":[{"count":1,"href":"https:\/\/familycancat.com\/en\/wp-json\/wp\/v2\/product\/7485\/revisions"}],"predecessor-version":[{"id":7487,"href":"https:\/\/familycancat.com\/en\/wp-json\/wp\/v2\/product\/7485\/revisions\/7487"}],"wp:featuredmedia":[{"embeddable":true,"href":"https:\/\/familycancat.com\/en\/wp-json\/wp\/v2\/media\/7486"}],"wp:attachment":[{"href":"https:\/\/familycancat.com\/en\/wp-json\/wp\/v2\/media?parent=7485"}],"wp:term":[{"taxonomy":"brand","embeddable":true,"href":"https:\/\/familycancat.com\/en\/wp-json\/wp\/v2\/etheme_brands?post=7485"},{"taxonomy":"product_cat","embeddable":true,"href":"https:\/\/familycancat.com\/en\/wp-json\/wp\/v2\/product_cat?post=7485"},{"taxonomy":"product_tag","embeddable":true,"href":"https:\/\/familycancat.com\/en\/wp-json\/wp\/v2\/product_tag?post=7485"}],"curies":[{"name":"wp","href":"https:\/\/api.w.org\/{rel}","templated":true}]}}