{"id":7482,"date":"2025-01-09T18:25:28","date_gmt":"2025-01-09T17:25:28","guid":{"rendered":"https:\/\/familycancat.com\/?post_type=product&#038;p=7482"},"modified":"2026-03-26T20:25:25","modified_gmt":"2026-03-26T19:25:25","slug":"dogs-love-lata-de-pollo-para-perros-junior-200gr","status":"publish","type":"product","link":"https:\/\/familycancat.com\/en\/product\/dogs-love-lata-de-pollo-para-perros-junior-200gr\/","title":{"rendered":"Dog&#8217;s Love Lata De Pollo para Perros Junior 200GR"},"content":{"rendered":"<div class=\"product_detail-description\">\n<div class=\"block__container\">\n<p class=\"composition__value\">Comida h\u00fameda para perros cachorros de todos los tama\u00f1os, con ave de corral. Un men\u00fa sabroso y equilibrado para cachorros y perros j\u00f3venes con mucha carne fresca de aves de corral. Est\u00e1 especialmente adaptada a las necesidades de los perros con edades comprendidas entre las 6 semanas y los 12 meses.<\/p>\n<p class=\"composition__value\">Mezcla \u00f3ptima de carne muscular, fruta, verdura y calcio. Contiene vitaminas, minerales y oligoelementos. Con calcio de c\u00e1scara de huevo para la formaci\u00f3n de huesos fuertes. Refuerza las defensas, proporciona un pelo bonito y brillante.<\/p>\n<p class=\"composition__value\">Prote\u00edna bruta: tolerancia excelente, apto para cachorros y perros j\u00f3venes delicados con necesidades nutricionales especiales.<\/p>\n<p class=\"composition__value\">Fabricado en Austria con calidad alimentaria del 100% de todas las materias primas. Sin gluten, cereales, az\u00facares a\u00f1adidos, soja, harina de huesos, despojos, colorantes, ni conservantes.<\/p>\n<p class=\"composition__value\">Elaborado sin experimentaci\u00f3n animal, ni manipulaci\u00f3n gen\u00e9tica.<\/p>\n<\/div>\n<\/div>\n<div class=\"product_detail-description\">\n<div class=\"block__container\">\n<p class=\"composition__title\">Ingredientes:<\/p>\n<p class=\"composition__value\">Aves de corral 60% (pavo 21%, pollo 21%, coraz\u00f3n de pollo 16%, h\u00edgado de pollo 2%), zanahorias 18%, calabac\u00edn 7%, manzanas 3%, minerales, aceite de cardo, aceite de salm\u00f3n, polvo de c\u00e1scara de huevo, hojas de ortiga, flores de cal\u00e9ndula, algas marinas.<\/p>\n<\/div>\n<\/div>\n<div class=\"product_detail-description\">\n<div class=\"block__container\">\n<p class=\"composition__title\">Aditivos nutricionales\/kg:<\/p>\n<p class=\"composition__value\">Vvit. D3 436 UI, cinc (como sulfato de cinc, monohidrato) 44 mg, hierro (como sulfato de hierro, monohidrato) 37 mg, cobre (como sulfato de cobre, pentahidratado) 4,4 mg, manganeso (como sulfato de manganeso, monohidrato) 3,3 mg.<\/p>\n<\/div>\n<\/div>","protected":false},"excerpt":{"rendered":"<div class=\"product_detail-aside--top-left\">\n<div class=\"product_detail-aside--title\">\n<p id=\"product_detail_title\" class=\"product_detail-title\">Comida h\u00fameda para perros cachorros y junior Dog&#8217;s Love ave de corral sin cereales 400 g<\/p>\n<\/div>\n<\/div>\n<div class=\"product_detail-aside--wishlist\">\n<p>&nbsp;<\/p>\n<\/div>","protected":false},"featured_media":7483,"template":"","meta":[],"etheme_brands":[{"term_id":136,"name":"DOG LOVE","slug":"dog-love","term_group":0,"term_taxonomy_id":136,"taxonomy":"brand","description":"","parent":0,"count":29,"filter":"raw"}],"product_cat":[96,20,89],"product_tag":[],"class_list":{"0":"post-7482","1":"product","2":"type-product","3":"status-publish","4":"has-post-thumbnail","6":"brand-dog-love","7":"product_cat-todos-los-productos","8":"product_cat-perros","9":"product_cat-comida-humeda-para-perros","11":"first","12":"instock","13":"taxable","14":"shipping-taxable","15":"purchasable","16":"product-type-simple"},"jetpack_sharing_enabled":true,"_links":{"self":[{"href":"https:\/\/familycancat.com\/en\/wp-json\/wp\/v2\/product\/7482","targetHints":{"allow":["GET"]}}],"collection":[{"href":"https:\/\/familycancat.com\/en\/wp-json\/wp\/v2\/product"}],"about":[{"href":"https:\/\/familycancat.com\/en\/wp-json\/wp\/v2\/types\/product"}],"version-history":[{"count":1,"href":"https:\/\/familycancat.com\/en\/wp-json\/wp\/v2\/product\/7482\/revisions"}],"predecessor-version":[{"id":7484,"href":"https:\/\/familycancat.com\/en\/wp-json\/wp\/v2\/product\/7482\/revisions\/7484"}],"wp:featuredmedia":[{"embeddable":true,"href":"https:\/\/familycancat.com\/en\/wp-json\/wp\/v2\/media\/7483"}],"wp:attachment":[{"href":"https:\/\/familycancat.com\/en\/wp-json\/wp\/v2\/media?parent=7482"}],"wp:term":[{"taxonomy":"brand","embeddable":true,"href":"https:\/\/familycancat.com\/en\/wp-json\/wp\/v2\/etheme_brands?post=7482"},{"taxonomy":"product_cat","embeddable":true,"href":"https:\/\/familycancat.com\/en\/wp-json\/wp\/v2\/product_cat?post=7482"},{"taxonomy":"product_tag","embeddable":true,"href":"https:\/\/familycancat.com\/en\/wp-json\/wp\/v2\/product_tag?post=7482"}],"curies":[{"name":"wp","href":"https:\/\/api.w.org\/{rel}","templated":true}]}}