{"id":7457,"date":"2025-01-08T13:58:12","date_gmt":"2025-01-08T12:58:12","guid":{"rendered":"https:\/\/familycancat.com\/?post_type=product&#038;p=7457"},"modified":"2026-02-14T12:19:08","modified_gmt":"2026-02-14T11:19:08","slug":"farmina-vet-life-cat-renal-2-kg","status":"publish","type":"product","link":"https:\/\/familycancat.com\/en\/product\/farmina-vet-life-cat-renal-2-kg\/","title":{"rendered":"Farmina Vet Life Cat Renal 2 Kg"},"content":{"rendered":"<p><span class=\"titoletto\">COMPOSICI\u00d3N<\/span><\/p>\n<p class=\"comp\">Arroz, gluten de ma\u00edz, prote\u00edna de pollo deshidratada, grasa animal, huevo entero deshidratado, hidrolizado de prote\u00ednas animales, cloruro de potasio, prote\u00edna de pescado seco, aceite de pescado, aceite vegetal, carbonato de calcio, inulina, fructooligosac\u00e1ridos, mananooligosac\u00e1ridos, cloruro de sodio, glucosamina (500mg\/kg), extracto de flor de cal\u00e9ndula (fuente de lute\u00edna). Fuentes de prote\u00ednas: harina de gluten de ma\u00edz, carne de pollo deshidratada, prote\u00ednas hidrolizadas de pollo y de pescado, pescado, huevos. Aditivos alcalinizantes de la orina: citrato de potasio (3g\/kg).<\/p>\n<p class=\"comp\"><span class=\"titoletto\">ADITIVOS POR KG<\/span><\/p>\n<p class=\"comp\">Aditivos nutricionales: Vitamina A 15000UI; Vitamina D3 600UI; Vitamina E 550mg; Vitamina C 250 mg; niacina 125mg; \u00e1cido pantot\u00e9nico 42mg; Vitamina B2 17mg; Vitamina B6 7mg; Vitamina B1 8mg; Vitamina H 1.3mg; \u00e1cido f\u00f3lico 1.3mg; Vitamina B12 0.08mg; cloruro de colina 2500mg; beta-caroteno 1.5mg; quelato de zinc del an\u00e1logo hidroxilado de la metionina 725mg; quelato de manganeso del an\u00e1logo hidroxilado de la metionina385mg; quelato de hierro de hidrato de glicina 185mg; quelato de cobre del an\u00e1logo hidroxilado de la metionina 54mg; seleniometionina 60mg; yodato de calcio anhidro 2.4mg; taurina 2000mg; DL-metionina 5000mg; L-lisina HCI 2000mg; L-triptofano 2000mg; L-carnitina 250mg. Aditivos tecnol\u00f3gicos: citrato de potasio 3000mg; celulosa microcristalina. Antioxidantes: extracto rico en tocoferoles de origen natural 10mg.<\/p>\n<p class=\"comp\"><span class=\"titoletto\">COMPONENTES ANAL\u00cdTICOS<\/span><\/p>\n<p class=\"comp\">Prote\u00edna bruta 24.50%; grasa bruta 20.00%; fibra bruta 0.90%; ceniza bruta 5.30%; calcio 0.60%; f\u00f3sforo 0.40%; sodio 0.25%; potasio 0.70%; magnesio 0.05%; \u00e1cidos grasos de Omega-3 0.40%; \u00e1cidos grasos de Omega-6 3.90%; EPA 0.10%; DHA 0.15%.<\/p>","protected":false},"excerpt":{"rendered":"<p>Insuficiencia renal cr\u00f3nica y temporal; suplemento para la insuficiencia card\u00edaca congestiva. Farmina Vet Life Renal es un alimento diet\u00e9tico completo para gatos, indicado para el apoyo de la funci\u00f3n renal en caso de insuficiencia renal cr\u00f3nica o temporal. Este suplemento diet\u00e9tico posee concentraciones bajas de f\u00f3sforo y un nivel limitado de prote\u00ednas, pero de elevada calidad.<\/p>","protected":false},"featured_media":7458,"template":"","meta":[],"etheme_brands":[{"term_id":99,"name":"FARMINA","slug":"farmina","term_group":0,"term_taxonomy_id":99,"taxonomy":"brand","description":"","parent":0,"count":127,"filter":"raw"}],"product_cat":[96,25,21],"product_tag":[],"class_list":{"0":"post-7457","1":"product","2":"type-product","3":"status-publish","4":"has-post-thumbnail","6":"brand-farmina","7":"product_cat-todos-los-productos","8":"product_cat-gatos","9":"product_cat-pienso-gatos","11":"first","12":"instock","13":"taxable","14":"shipping-taxable","15":"purchasable","16":"product-type-simple"},"jetpack_sharing_enabled":true,"_links":{"self":[{"href":"https:\/\/familycancat.com\/en\/wp-json\/wp\/v2\/product\/7457","targetHints":{"allow":["GET"]}}],"collection":[{"href":"https:\/\/familycancat.com\/en\/wp-json\/wp\/v2\/product"}],"about":[{"href":"https:\/\/familycancat.com\/en\/wp-json\/wp\/v2\/types\/product"}],"version-history":[{"count":1,"href":"https:\/\/familycancat.com\/en\/wp-json\/wp\/v2\/product\/7457\/revisions"}],"predecessor-version":[{"id":7459,"href":"https:\/\/familycancat.com\/en\/wp-json\/wp\/v2\/product\/7457\/revisions\/7459"}],"wp:featuredmedia":[{"embeddable":true,"href":"https:\/\/familycancat.com\/en\/wp-json\/wp\/v2\/media\/7458"}],"wp:attachment":[{"href":"https:\/\/familycancat.com\/en\/wp-json\/wp\/v2\/media?parent=7457"}],"wp:term":[{"taxonomy":"brand","embeddable":true,"href":"https:\/\/familycancat.com\/en\/wp-json\/wp\/v2\/etheme_brands?post=7457"},{"taxonomy":"product_cat","embeddable":true,"href":"https:\/\/familycancat.com\/en\/wp-json\/wp\/v2\/product_cat?post=7457"},{"taxonomy":"product_tag","embeddable":true,"href":"https:\/\/familycancat.com\/en\/wp-json\/wp\/v2\/product_tag?post=7457"}],"curies":[{"name":"wp","href":"https:\/\/api.w.org\/{rel}","templated":true}]}}