{"id":7451,"date":"2025-01-07T13:29:16","date_gmt":"2025-01-07T12:29:16","guid":{"rendered":"https:\/\/familycancat.com\/?post_type=product&#038;p=7451"},"modified":"2026-03-17T11:42:31","modified_gmt":"2026-03-17T10:42:31","slug":"dogs-love-lata-de-venado-para-perros-400gr","status":"publish","type":"product","link":"https:\/\/familycancat.com\/en\/product\/dogs-love-lata-de-venado-para-perros-400gr\/","title":{"rendered":"Dog&#8217;s Love Lata De Venado para Perros 400GR"},"content":{"rendered":"<p>Si quieres asegurarte de que solo lo mejor acaba en el cuenco de tu perro, Dog&#8217;s Love Adult es la elecci\u00f3n adecuada para ti. Esta comida h\u00fameda de primera calidad se elabora en Austria con materias primas preferentemente regionales y con ingredientes 100 % alimentarios.<\/p>\n<p>Esta comida para perros contiene sobre todo una cosa: mucha carne fresca y despojos ricos en nutrientes, con una sola fuente de prote\u00edna animal por variedad. Al no contener cereales, Dog&#8217;s Love Adult es especialmente f\u00e1cil de digerir. Como extra especial, contiene c\u00e1scara de huevo en polvo como fuente natural de calcio, importante para el mantenimiento de unos huesos normales.<\/p>\n<p><strong>Todas las caracter\u00edsticas de un vistazo:<\/strong><\/p>\n<ul>\n<li>Comida h\u00fameda completa para perros adultos de todas las razas<\/li>\n<li><strong>100 % calidad alimentaria:\u00a0<\/strong>solo ingredientes de alta calidad<\/li>\n<li><strong>Alto contenido en carne:\u00a0<\/strong>con despojos ricos en nutrientes, para prote\u00ednas animales de alta calidad<\/li>\n<li><strong>Sin cereales ni gluten:\u00a0<\/strong>especialmente bien tolerado<\/li>\n<li><strong>Fuente monoproteica:\u00a0<\/strong>solo un tipo de carne por variedad, ideal para perros nutricionalmente sensibles<\/li>\n<li><strong>Equilibrado y completo:<\/strong>\u00a0con todos los minerales, vitaminas y oligoelementos importantes<\/li>\n<li><strong>Declaraci\u00f3n abierta:<\/strong>\u00a0listado claro de todos los ingredientes que contiene<\/li>\n<li><strong>Calcio procedente de la c\u00e1scara de huevo en polvo:<\/strong>\u00a0necesario para mantener unos huesos normales<\/li>\n<li><strong>Extras vegetales:<\/strong>\u00a0frutas y verduras frescas, as\u00ed como hierbas aromatizadas y algas marinas<\/li>\n<li><strong>Made in Austria:\u00a0<\/strong>producido con materias primas preferentemente regionales<\/li>\n<li><strong>Variedad:\u00a0<\/strong>diferentes sabores deliciosos<\/li>\n<li><strong>Sin<\/strong>\u00a0az\u00facares a\u00f1adidos, soja, harinas animales, residuos de matadero, ingenier\u00eda gen\u00e9tica, experimentaci\u00f3n con animales, potenciadores del sabor, colorantes, aromatizantes ni conservantes<\/li>\n<\/ul>\n<p><strong>Composici\u00f3n<\/strong><\/p>\n<p><em>Venado:<\/em><br \/>\nVenado (55 %, del cual corzo, ciervo), apio (8 %), zanahorias (8 %), patatas (8 %), aceite de girasol, ciruelas (3 %), f\u00e9cula de patata, minerales, aceite de linaza, algas, c\u00e1scara de huevo en polvo, hojas de diente de le\u00f3n, hojas de ortiga, flores de cal\u00e9ndula, berros.<\/p>","protected":false},"excerpt":{"rendered":"<p>Comida h\u00fameda para perros, sin cereales ni gluten, 100 % calidad alimentaria, recetas monoproteicas, rica en carne, calcio natural procedente de la c\u00e1scara de huevo en polvo, sin harinas animales<\/p>","protected":false},"featured_media":7452,"template":"","meta":[],"etheme_brands":[{"term_id":136,"name":"DOG LOVE","slug":"dog-love","term_group":0,"term_taxonomy_id":136,"taxonomy":"brand","description":"","parent":0,"count":29,"filter":"raw"}],"product_cat":[96,20,89],"product_tag":[],"class_list":{"0":"post-7451","1":"product","2":"type-product","3":"status-publish","4":"has-post-thumbnail","6":"brand-dog-love","7":"product_cat-todos-los-productos","8":"product_cat-perros","9":"product_cat-comida-humeda-para-perros","11":"first","12":"instock","13":"taxable","14":"shipping-taxable","15":"purchasable","16":"product-type-simple"},"jetpack_sharing_enabled":true,"_links":{"self":[{"href":"https:\/\/familycancat.com\/en\/wp-json\/wp\/v2\/product\/7451","targetHints":{"allow":["GET"]}}],"collection":[{"href":"https:\/\/familycancat.com\/en\/wp-json\/wp\/v2\/product"}],"about":[{"href":"https:\/\/familycancat.com\/en\/wp-json\/wp\/v2\/types\/product"}],"version-history":[{"count":2,"href":"https:\/\/familycancat.com\/en\/wp-json\/wp\/v2\/product\/7451\/revisions"}],"predecessor-version":[{"id":7479,"href":"https:\/\/familycancat.com\/en\/wp-json\/wp\/v2\/product\/7451\/revisions\/7479"}],"wp:featuredmedia":[{"embeddable":true,"href":"https:\/\/familycancat.com\/en\/wp-json\/wp\/v2\/media\/7452"}],"wp:attachment":[{"href":"https:\/\/familycancat.com\/en\/wp-json\/wp\/v2\/media?parent=7451"}],"wp:term":[{"taxonomy":"brand","embeddable":true,"href":"https:\/\/familycancat.com\/en\/wp-json\/wp\/v2\/etheme_brands?post=7451"},{"taxonomy":"product_cat","embeddable":true,"href":"https:\/\/familycancat.com\/en\/wp-json\/wp\/v2\/product_cat?post=7451"},{"taxonomy":"product_tag","embeddable":true,"href":"https:\/\/familycancat.com\/en\/wp-json\/wp\/v2\/product_tag?post=7451"}],"curies":[{"name":"wp","href":"https:\/\/api.w.org\/{rel}","templated":true}]}}