{"id":7441,"date":"2025-01-07T11:44:36","date_gmt":"2025-01-07T10:44:36","guid":{"rendered":"https:\/\/familycancat.com\/?post_type=product&#038;p=7441"},"modified":"2026-04-10T11:41:15","modified_gmt":"2026-04-10T10:41:15","slug":"dogs-love-lata-de-pavo-para-perros-200gr","status":"publish","type":"product","link":"https:\/\/familycancat.com\/en\/product\/dogs-love-lata-de-pavo-para-perros-200gr\/","title":{"rendered":"Dog&#8217;s Love Lata De Pavo para Perros 200GR"},"content":{"rendered":"<h2>Comida H\u00fameda Natural para Perros Adultos Sabor Pavo<\/h2>\n<p>La carne de pavo aporta prote\u00ednas de alta calidad y f\u00e1cil digesti\u00f3n para una alimentaci\u00f3n sana y sostenible, con vitaminas adicionales procedentes de frutas y verduras.<\/p>\n<div class=\"product-subtitle\">Caracter\u00edsticas del producto:<\/div>\n<dl>\n<dt>Men\u00fa natural de alimento completo de calidad alimentaria al 100 %.<\/dt>\n<dt>55% de carne de pavo, muchas verduras y frutas frescas.<\/dt>\n<dt>Prote\u00edna bruta: Tambi\u00e9n apto para perros delicados con necesidades nutricionales especiales.<\/dt>\n<dt>Fabricado en Austria con materias primas preferentemente regionales.<\/dt>\n<dt>Contiene vitaminas, minerales y oligoelementos.<\/dt>\n<\/dl>\n<div class=\"product-subtitle\">Ingredientes:<\/div>\n<table>\n<tbody>\n<tr>\n<th>Ingrediente<\/th>\n<th>% composici\u00f3n<\/th>\n<\/tr>\n<tr>\n<td>Pavo<\/td>\n<td>55%<\/td>\n<\/tr>\n<tr>\n<td>Calabacines<\/td>\n<td>15%<\/td>\n<\/tr>\n<tr>\n<td>Zanahorias<\/td>\n<td>12%<\/td>\n<\/tr>\n<tr>\n<td>Manzanas<\/td>\n<td>10%<\/td>\n<\/tr>\n<tr>\n<td>Aceite de nuez<\/td>\n<td>0.9%<\/td>\n<\/tr>\n<\/tbody>\n<\/table>\n<h6>Lista completa: pavo 55 % (carne 30 %, coraz\u00f3n 17 %, h\u00edgado 8 %), calabacines 15 %, zanahorias 12 %, manzanas 10 %, f\u00e9cula de patata, minerales, aceite de nuez 0,9 %, c\u00e1scara de huevo molida, algas marinas, s\u00edlice, hojas de diente de le\u00f3n, hojas de ortiga, flores de cal\u00e9ndula, berro de agua.<\/h6>\n<div class=\"product-subtitle\">Componentes:<\/div>\n<table>\n<tbody>\n<tr>\n<th>Componente<\/th>\n<th>Porcentaje<\/th>\n<\/tr>\n<tr>\n<td>Prote\u00edna bruta<\/td>\n<td>8%<\/td>\n<\/tr>\n<tr>\n<td>Grasa bruta<\/td>\n<td>6%<\/td>\n<\/tr>\n<tr>\n<td>Ceniza bruta<\/td>\n<td>2.9%<\/td>\n<\/tr>\n<tr>\n<td>Fibra bruta<\/td>\n<td>1%<\/td>\n<\/tr>\n<tr>\n<td>Humedad<\/td>\n<td>77%<\/td>\n<\/tr>\n<\/tbody>\n<\/table>\n<div class=\"product-subtitle\">Resumen:<\/div>\n<p>La carne de pavo aporta prote\u00ednas de alta calidad y f\u00e1cil digesti\u00f3n para una alimentaci\u00f3n sana y sostenible, con vitaminas adicionales procedentes de frutas y verduras.<\/p>","protected":false},"excerpt":{"rendered":"<p>La carne de pavo aporta prote\u00ednas de alta calidad y f\u00e1cil digesti\u00f3n para una alimentaci\u00f3n sana y sostenible, con vitaminas adicionales procedentes de frutas y verduras.<\/p>","protected":false},"featured_media":7442,"template":"","meta":[],"etheme_brands":[{"term_id":136,"name":"DOG LOVE","slug":"dog-love","term_group":0,"term_taxonomy_id":136,"taxonomy":"brand","description":"","parent":0,"count":29,"filter":"raw"}],"product_cat":[96,20,89],"product_tag":[],"class_list":{"0":"post-7441","1":"product","2":"type-product","3":"status-publish","4":"has-post-thumbnail","6":"brand-dog-love","7":"product_cat-todos-los-productos","8":"product_cat-perros","9":"product_cat-comida-humeda-para-perros","11":"first","12":"instock","13":"taxable","14":"shipping-taxable","15":"purchasable","16":"product-type-simple"},"jetpack_sharing_enabled":true,"_links":{"self":[{"href":"https:\/\/familycancat.com\/en\/wp-json\/wp\/v2\/product\/7441","targetHints":{"allow":["GET"]}}],"collection":[{"href":"https:\/\/familycancat.com\/en\/wp-json\/wp\/v2\/product"}],"about":[{"href":"https:\/\/familycancat.com\/en\/wp-json\/wp\/v2\/types\/product"}],"version-history":[{"count":3,"href":"https:\/\/familycancat.com\/en\/wp-json\/wp\/v2\/product\/7441\/revisions"}],"predecessor-version":[{"id":7445,"href":"https:\/\/familycancat.com\/en\/wp-json\/wp\/v2\/product\/7441\/revisions\/7445"}],"wp:featuredmedia":[{"embeddable":true,"href":"https:\/\/familycancat.com\/en\/wp-json\/wp\/v2\/media\/7442"}],"wp:attachment":[{"href":"https:\/\/familycancat.com\/en\/wp-json\/wp\/v2\/media?parent=7441"}],"wp:term":[{"taxonomy":"brand","embeddable":true,"href":"https:\/\/familycancat.com\/en\/wp-json\/wp\/v2\/etheme_brands?post=7441"},{"taxonomy":"product_cat","embeddable":true,"href":"https:\/\/familycancat.com\/en\/wp-json\/wp\/v2\/product_cat?post=7441"},{"taxonomy":"product_tag","embeddable":true,"href":"https:\/\/familycancat.com\/en\/wp-json\/wp\/v2\/product_tag?post=7441"}],"curies":[{"name":"wp","href":"https:\/\/api.w.org\/{rel}","templated":true}]}}