{"id":7432,"date":"2025-01-04T11:07:17","date_gmt":"2025-01-04T10:07:17","guid":{"rendered":"https:\/\/familycancat.com\/?post_type=product&#038;p=7432"},"modified":"2026-03-17T19:36:04","modified_gmt":"2026-03-17T18:36:04","slug":"dogs-love-lata-de-cordero-para-perros-200gr","status":"publish","type":"product","link":"https:\/\/familycancat.com\/en\/product\/dogs-love-lata-de-cordero-para-perros-200gr\/","title":{"rendered":"Dog&#8217;s Love Lata De Cordero para Perros 200GR"},"content":{"rendered":"<h2>Comida H\u00fameda Natural Dog&#8217;s Love para Perros &#8211; Adultos Cordero con Calabaza, Albaricoque &amp; Patata<\/h2>\n<p>Lo mejor del cordero con calidad alimentaria al 100 % en una sabrosa composici\u00f3n con frutas, verduras y hierbas: el men\u00fa est\u00e1 adaptado perfectamente a las necesidades nutricionales de su perro adulto y tambi\u00e9n es apto para perros delicados con necesidades nutricionales especiales.<\/p>\n<div class=\"product-subtitle\">Beneficios para tu mascota:<\/div>\n<dl>\n<dt>Prote\u00edna bruta: Tambi\u00e9n apto para perros delicados con necesidades nutricionales especiales.<\/dt>\n<dt>Men\u00fa natural de alimento completo de calidad alimentaria al 100 %.<\/dt>\n<dt>55% de carne de cordero, muchas verduras y frutas frescas.<\/dt>\n<dt>Para perros adultos de todas las razas.<\/dt>\n<dt>Contiene vitaminas, minerales y oligoelementos.<\/dt>\n<\/dl>\n<div class=\"product-subtitle\">Ingredientes:<\/div>\n<table>\n<tbody>\n<tr>\n<th>Ingrediente<\/th>\n<th>% del total<\/th>\n<\/tr>\n<tr>\n<td>Cordero<\/td>\n<td>55%<\/td>\n<\/tr>\n<tr>\n<td>Calabaza<\/td>\n<td>13%<\/td>\n<\/tr>\n<tr>\n<td>Patatas<\/td>\n<td>11%<\/td>\n<\/tr>\n<tr>\n<td>Albaricoques<\/td>\n<td>8%<\/td>\n<\/tr>\n<tr>\n<td>Espinacas<\/td>\n<td>2%<\/td>\n<\/tr>\n<\/tbody>\n<\/table>\n<p>Lista completa: Carne de cordero 55 %, patata 11 %, albaricoques 8 %, calabaza 7 %, espinacas 7 %, f\u00e9cula de patata, minerales, aceite de girasol, c\u00e1scara de huevo molida, algas marinas, escaramujo, hojas de diente de le\u00f3n, hojas de ortiga, flores de cal\u00e9ndula, berro de agua.<\/p>\n<div class=\"product-subtitle\">Componentes:<\/div>\n<table>\n<tbody>\n<tr>\n<th>Componente<\/th>\n<th>% del total<\/th>\n<\/tr>\n<tr>\n<td>Prote\u00edna<\/td>\n<td>8%<\/td>\n<\/tr>\n<tr>\n<td>Grasa<\/td>\n<td>6%<\/td>\n<\/tr>\n<tr>\n<td>Ceniza<\/td>\n<td>2.2%<\/td>\n<\/tr>\n<tr>\n<td>Fibra<\/td>\n<td>1%<\/td>\n<\/tr>\n<tr>\n<td>Humedad<\/td>\n<td>74%<\/td>\n<\/tr>\n<\/tbody>\n<\/table>\n<div class=\"product-subtitle\">Resumen:<\/div>\n<p>Esta comida proporciona a tu mascota un men\u00fa de cordero con calidad alimentaria al 100 % en una sabrosa composici\u00f3n con frutas, verduras y hierbas.<\/p>\n<p>Est\u00e1 adaptado perfectamente a las necesidades nutricionales de su perro adulto y tambi\u00e9n es apto para perros delicados con necesidades nutricionales especiales.<\/p>","protected":false},"excerpt":{"rendered":"<p>Latas de comida humeda que proporcinan a tu mascota un men\u00fa de cordero de alta calidad en una sabrosa composici\u00f3n con frutas, verduras y hierbas. Est\u00e1 adaptado perfectamente a las necesidades nutricionales de tu perro adulto y tambi\u00e9n es apto para perros delicados con necesidades nutricionales especiales.<\/p>","protected":false},"featured_media":7433,"template":"","meta":[],"etheme_brands":[{"term_id":136,"name":"DOG LOVE","slug":"dog-love","term_group":0,"term_taxonomy_id":136,"taxonomy":"brand","description":"","parent":0,"count":29,"filter":"raw"}],"product_cat":[96,20,89],"product_tag":[],"class_list":{"0":"post-7432","1":"product","2":"type-product","3":"status-publish","4":"has-post-thumbnail","6":"brand-dog-love","7":"product_cat-todos-los-productos","8":"product_cat-perros","9":"product_cat-comida-humeda-para-perros","11":"first","12":"instock","13":"taxable","14":"shipping-taxable","15":"purchasable","16":"product-type-simple"},"jetpack_sharing_enabled":true,"_links":{"self":[{"href":"https:\/\/familycancat.com\/en\/wp-json\/wp\/v2\/product\/7432","targetHints":{"allow":["GET"]}}],"collection":[{"href":"https:\/\/familycancat.com\/en\/wp-json\/wp\/v2\/product"}],"about":[{"href":"https:\/\/familycancat.com\/en\/wp-json\/wp\/v2\/types\/product"}],"version-history":[{"count":1,"href":"https:\/\/familycancat.com\/en\/wp-json\/wp\/v2\/product\/7432\/revisions"}],"predecessor-version":[{"id":7434,"href":"https:\/\/familycancat.com\/en\/wp-json\/wp\/v2\/product\/7432\/revisions\/7434"}],"wp:featuredmedia":[{"embeddable":true,"href":"https:\/\/familycancat.com\/en\/wp-json\/wp\/v2\/media\/7433"}],"wp:attachment":[{"href":"https:\/\/familycancat.com\/en\/wp-json\/wp\/v2\/media?parent=7432"}],"wp:term":[{"taxonomy":"brand","embeddable":true,"href":"https:\/\/familycancat.com\/en\/wp-json\/wp\/v2\/etheme_brands?post=7432"},{"taxonomy":"product_cat","embeddable":true,"href":"https:\/\/familycancat.com\/en\/wp-json\/wp\/v2\/product_cat?post=7432"},{"taxonomy":"product_tag","embeddable":true,"href":"https:\/\/familycancat.com\/en\/wp-json\/wp\/v2\/product_tag?post=7432"}],"curies":[{"name":"wp","href":"https:\/\/api.w.org\/{rel}","templated":true}]}}