{"id":7426,"date":"2025-01-03T19:23:57","date_gmt":"2025-01-03T18:23:57","guid":{"rendered":"https:\/\/familycancat.com\/?post_type=product&#038;p=7426"},"modified":"2026-03-18T19:15:59","modified_gmt":"2026-03-18T18:15:59","slug":"dogs-love-lata-de-pescado-para-perros-400gr","status":"publish","type":"product","link":"https:\/\/familycancat.com\/en\/product\/dogs-love-lata-de-pescado-para-perros-400gr\/","title":{"rendered":"Dog&#8217;s Love Lata De Pescado para Perros 400GR"},"content":{"rendered":"<h2>Comida H\u00fameda para Perros Adultos con Pescado con Amaranto, Zanahoria y Diente de Le\u00f3n<\/h2>\n<p>Este alimento de prote\u00edna bruta combina pescado de agua dulce rico en prote\u00ednas, amaranto sin gluten, zanahorias y diente de le\u00f3n para crear una comida sabrosa y equilibrada. Est\u00e1 adaptado perfectamente a las necesidades nutricionales de un perro adulto y tambi\u00e9n es apto para perros delicados con necesidades nutricionales especiales.<\/p>\n<div class=\"product-subtitle\">Beneficios para tu mascota:<\/div>\n<dl>\n<dt>Promueve un sistema cardiovascular saludable.<\/dt>\n<dt>Fortalece el sistema inmunol\u00f3gico, los intestinos y el h\u00edgado.<\/dt>\n<\/dl>\n<div class=\"product-subtitle\">Caracter\u00edsticas:<\/div>\n<dl>\n<dt>Men\u00fa natural de alimento completo de calidad alimentaria al 100 %.<\/dt>\n<dt>55% de pescado (de agua dulce), muchas verduras y frutas frescas.<\/dt>\n<dt>Para perros adultos.<\/dt>\n<dt>Tambi\u00e9n apto para perros delicados con necesidades nutricionales especiales.<\/dt>\n<dt>Fabricado en Austria con materias primas preferentemente regionales.<\/dt>\n<dt>Contiene vitaminas, minerales y oligoelementos.<\/dt>\n<dt>Declaraci\u00f3n abierta.<\/dt>\n<\/dl>\n<div class=\"product-subtitle\">Ingredientes:<\/div>\n<table>\n<tbody>\n<tr>\n<th>Ingrediente<\/th>\n<th>% de total<\/th>\n<\/tr>\n<tr>\n<td>Pescado<\/td>\n<td>55%<\/td>\n<\/tr>\n<tr>\n<td>Calabacines<\/td>\n<td>15%<\/td>\n<\/tr>\n<tr>\n<td>Zanahorias<\/td>\n<td>15%<\/td>\n<\/tr>\n<tr>\n<td>Amaranto<\/td>\n<td>2%<\/td>\n<\/tr>\n<tr>\n<td>Hojas de diente de le\u00f3n<\/td>\n<td>0.01%<\/td>\n<\/tr>\n<\/tbody>\n<\/table>\n<p>Resto de ingredientes: Frambuesas, Aceite de girasol, Minerales, Linaza, Algas marinas, C\u00e1scara de huevo molida, Hojas de ortiga, Flores de cal\u00e9ndula y Berro de agua<\/p>\n<div class=\"product-subtitle\">Componentes:<\/div>\n<table>\n<tbody>\n<tr>\n<th>Componente<\/th>\n<th>% del total<\/th>\n<\/tr>\n<tr>\n<td>Prote\u00edna bruta<\/td>\n<td>7.5%<\/td>\n<\/tr>\n<tr>\n<td>Grasa bruta<\/td>\n<td>6.5%<\/td>\n<\/tr>\n<tr>\n<td>Ceniza bruta<\/td>\n<td>3.8%<\/td>\n<\/tr>\n<tr>\n<td>Fibra bruta<\/td>\n<td>1%<\/td>\n<\/tr>\n<tr>\n<td>Humedad<\/td>\n<td>76%<\/td>\n<\/tr>\n<\/tbody>\n<\/table>\n<div class=\"product-subtitle\">Resumen:<\/div>\n<p>Esta comida proporciona a tu mascota una dieta equilibrada rica en prote\u00ednas de pescado, promoviendo un sistema cardiovascular saludable y fortaleciendo el sistema inmunol\u00f3gico, los intestinos y el h\u00edgado.<br \/>\nAdem\u00e1s, es adecuada para perros adultos y aquellos con necesidades nutricionales especiales.<\/p>","protected":false},"excerpt":{"rendered":"<p>Comida h\u00fameda para perros adultos rica en prote\u00ednas de pescado de agua dulce, amaranto, zanahorias y diente de le\u00f3n. Adaptada a las necesidades nutricionales de tu perro adulto.<\/p>","protected":false},"featured_media":7427,"template":"","meta":[],"etheme_brands":[{"term_id":136,"name":"DOG LOVE","slug":"dog-love","term_group":0,"term_taxonomy_id":136,"taxonomy":"brand","description":"","parent":0,"count":29,"filter":"raw"}],"product_cat":[96,20,89],"product_tag":[],"class_list":{"0":"post-7426","1":"product","2":"type-product","3":"status-publish","4":"has-post-thumbnail","6":"brand-dog-love","7":"product_cat-todos-los-productos","8":"product_cat-perros","9":"product_cat-comida-humeda-para-perros","11":"first","12":"instock","13":"taxable","14":"shipping-taxable","15":"purchasable","16":"product-type-simple"},"jetpack_sharing_enabled":true,"_links":{"self":[{"href":"https:\/\/familycancat.com\/en\/wp-json\/wp\/v2\/product\/7426","targetHints":{"allow":["GET"]}}],"collection":[{"href":"https:\/\/familycancat.com\/en\/wp-json\/wp\/v2\/product"}],"about":[{"href":"https:\/\/familycancat.com\/en\/wp-json\/wp\/v2\/types\/product"}],"version-history":[{"count":1,"href":"https:\/\/familycancat.com\/en\/wp-json\/wp\/v2\/product\/7426\/revisions"}],"predecessor-version":[{"id":7428,"href":"https:\/\/familycancat.com\/en\/wp-json\/wp\/v2\/product\/7426\/revisions\/7428"}],"wp:featuredmedia":[{"embeddable":true,"href":"https:\/\/familycancat.com\/en\/wp-json\/wp\/v2\/media\/7427"}],"wp:attachment":[{"href":"https:\/\/familycancat.com\/en\/wp-json\/wp\/v2\/media?parent=7426"}],"wp:term":[{"taxonomy":"brand","embeddable":true,"href":"https:\/\/familycancat.com\/en\/wp-json\/wp\/v2\/etheme_brands?post=7426"},{"taxonomy":"product_cat","embeddable":true,"href":"https:\/\/familycancat.com\/en\/wp-json\/wp\/v2\/product_cat?post=7426"},{"taxonomy":"product_tag","embeddable":true,"href":"https:\/\/familycancat.com\/en\/wp-json\/wp\/v2\/product_tag?post=7426"}],"curies":[{"name":"wp","href":"https:\/\/api.w.org\/{rel}","templated":true}]}}