{"id":7420,"date":"2025-01-02T11:06:11","date_gmt":"2025-01-02T10:06:11","guid":{"rendered":"https:\/\/familycancat.com\/?post_type=product&#038;p=7420"},"modified":"2026-03-13T17:39:02","modified_gmt":"2026-03-13T16:39:02","slug":"dogs-love-lata-de-pollo-para-perros-200gr","status":"publish","type":"product","link":"https:\/\/familycancat.com\/en\/product\/dogs-love-lata-de-pollo-para-perros-200gr\/","title":{"rendered":"Dog&#8217;s Love Lata De Pollo para Perros 200GR"},"content":{"rendered":"<div class=\"col-12 mb-3 p-0\">\n<h3 class=\"title d-none d-sm-block heading-title section-heading\">Descripci\u00f3n<\/h3>\n<\/div>\n<div id=\"collapsible-details-1\" class=\"col-sm-12 col-md-8 col-lg-9 value content\">\n<h2>Comida h\u00fameda de pollo para perros adultos<\/h2>\n<p>En Dog&#8217;s Love saben que te encanta consentir a tu amigo peludo con los productos m\u00e1s atractivos y las recetas m\u00e1s deliciosas. Es por eso que presentan esta lata que contiene un\u00a0<strong>alto porcentaje de<\/strong>\u00a0<strong>carne de pollo sazonado con peras, quinoa y zanahoria<\/strong>.<\/p>\n<p>Con esta\u00a0<strong>comida h\u00fameda para perros adultos de todas las razas<\/strong>, tu compa\u00f1ero de cuatro patas tendr\u00e1 un alimento\u00a0<strong>rico en<\/strong>\u00a0<strong>prote\u00ednas<\/strong>,\u00a0<strong>fibra bruta<\/strong>\u00a0y totalmente\u00a0<strong>libre de cereales, colorantes aromatizantes y saborizantes artificiales<\/strong>. De esta manera se mantendr\u00e1 fuerte y saludable mientras disfruta de una\u00a0<strong>textura suave y un sabor atractivo<\/strong>.<\/p>\n<p>Es una receta\u00a0<strong>adecuada para perros con sensibilidades o alergias digestivas<\/strong>\u00a0o con requerimientos alimenticios especiales, pues\u00a0<strong>tampoco contiene harinas, az\u00facares ni residuos de mataderos<\/strong>, pues los ingredientes utilizados en su elaboraci\u00f3n son\u00a0<strong>naturales y de la mejor calidad<\/strong>.<\/p>\n<p>Esta comida es fuente de\u00a0<strong>vitaminas, minerales y oligoelementos<\/strong>\u00a0que refuerzan el sistema inmunitario y le permitir\u00e1n a tu amigo de cuatro patas vivir con\u00a0<strong>m\u00e1s energ\u00eda y vitalidad<\/strong>.<\/p>\n<p>&nbsp;<\/p>\n<p><strong>Caracter\u00edsticas:<\/strong><\/p>\n<ul>\n<li>Comida h\u00fameda para perros adultos.<\/li>\n<li>Adecuado para todas las razas.<\/li>\n<li>Con 55% de prote\u00edna de pollo.<\/li>\n<li>Incorpora peras, quinoa y zanahorias.<\/li>\n<li>Fuente de vitaminas, minerales y oligoelementos.<\/li>\n<li>Libre de cereales, colorantes aromatizantes y saborizantes artificiales.<\/li>\n<li>Es apto para perros con sensibilidad digestiva o necesidades nutricionales especiales.<\/li>\n<\/ul>\n<p>&nbsp;<\/p>\n<p><strong>Descripci\u00f3n nutricional:<\/strong><\/p>\n<p><strong>Ingredientes:<\/strong>\u00a0pollo 55 % (carne 29 %, coraz\u00f3n 16 %, h\u00edgado 10 %), zanahorias 12 %, colinabos 12 %, peras 7 %, f\u00e9cula de patata, quinoa 2 %, minerales, aceite de girasol, c\u00e1scara de huevo molido, algas marinas, hojas de diente de le\u00f3n, hojas de ortiga, flores de cal\u00e9ndula, berro de agua.<\/p>\n<p><strong>Aditivos por kg.:<\/strong>\u00a0aditivos nutricionales: vit. D3 229 UI, cinc (como sulfato de cinc, monohidrato) 20 mg, cobre (como sulfato de cobre (II), pentahidratado) 1 mg.<\/p>\n<p><strong>Componentes anal\u00edticos:<\/strong>\u00a0prote\u00edna bruta 7,5 %, grasa bruta 6 %, ceniza bruta 2,5 %, fibra bruta 1 %, humedad 78 %.<\/p>\n<p><strong>Sin:<\/strong>\u00a0cereales, gluten, harina de huesos, colorantes artificiales, aromatizantes, agentes de consorcio, az\u00facares a\u00f1adidos, residuos de mataderos, ni potenciadores del sabor.<\/p>\n<p>&nbsp;<\/p>\n<p><strong>USO Y ESPECIFICACIONES:<\/strong><\/p>\n<p>Comida h\u00fameda en lata para perros adultos de todas las razas y edades.<\/p>\n<p>&nbsp;<\/p>\n<p><strong>Modo de uso:<\/strong><\/p>\n<ul>\n<li>Ver tabla de dosificaci\u00f3n.<\/li>\n<li>Aseg\u00farate de que la mascota siempre tenga acceso al agua limpia y fresca.<\/li>\n<li>Guardar el producto en un lugar seco y fresco.<\/li>\n<li>Una vez abierto, mantener refrigerado y consumir en un m\u00e1ximo de 2 d\u00edas.<\/li>\n<\/ul>\n<p>&nbsp;<\/p>\n<p><strong>Dosificaci\u00f3n:<\/strong><\/p>\n<table>\n<tbody>\n<tr>\n<td><strong>Peso del perro<\/strong><\/td>\n<td><strong>Cantidad de alimento diario<\/strong><\/td>\n<\/tr>\n<tr>\n<td>5 kg<\/td>\n<td>200 \u2013 400 g<\/td>\n<\/tr>\n<tr>\n<td>10 kg<\/td>\n<td>400 \u2013 600 g<\/td>\n<\/tr>\n<tr>\n<td>20 kg<\/td>\n<td>600 \u2013 950 g<\/td>\n<\/tr>\n<tr>\n<td>30 kg<\/td>\n<td>950 \u2013 1400 g<\/td>\n<\/tr>\n<\/tbody>\n<\/table>\n<\/div>","protected":false},"excerpt":{"rendered":"<p>Comida h\u00fameda para perros adultos, con alto contenido de prote\u00edna de pollo, tiene peras, quinoa y zanahorias, es libre de cereales y gluten, adecuada para perros con sensibilidad digestiva.<\/p>","protected":false},"featured_media":7421,"template":"","meta":[],"etheme_brands":[{"term_id":136,"name":"DOG LOVE","slug":"dog-love","term_group":0,"term_taxonomy_id":136,"taxonomy":"brand","description":"","parent":0,"count":29,"filter":"raw"}],"product_cat":[96,20,89],"product_tag":[],"class_list":{"0":"post-7420","1":"product","2":"type-product","3":"status-publish","4":"has-post-thumbnail","6":"brand-dog-love","7":"product_cat-todos-los-productos","8":"product_cat-perros","9":"product_cat-comida-humeda-para-perros","11":"first","12":"instock","13":"taxable","14":"shipping-taxable","15":"purchasable","16":"product-type-simple"},"jetpack_sharing_enabled":true,"_links":{"self":[{"href":"https:\/\/familycancat.com\/en\/wp-json\/wp\/v2\/product\/7420","targetHints":{"allow":["GET"]}}],"collection":[{"href":"https:\/\/familycancat.com\/en\/wp-json\/wp\/v2\/product"}],"about":[{"href":"https:\/\/familycancat.com\/en\/wp-json\/wp\/v2\/types\/product"}],"version-history":[{"count":1,"href":"https:\/\/familycancat.com\/en\/wp-json\/wp\/v2\/product\/7420\/revisions"}],"predecessor-version":[{"id":7422,"href":"https:\/\/familycancat.com\/en\/wp-json\/wp\/v2\/product\/7420\/revisions\/7422"}],"wp:featuredmedia":[{"embeddable":true,"href":"https:\/\/familycancat.com\/en\/wp-json\/wp\/v2\/media\/7421"}],"wp:attachment":[{"href":"https:\/\/familycancat.com\/en\/wp-json\/wp\/v2\/media?parent=7420"}],"wp:term":[{"taxonomy":"brand","embeddable":true,"href":"https:\/\/familycancat.com\/en\/wp-json\/wp\/v2\/etheme_brands?post=7420"},{"taxonomy":"product_cat","embeddable":true,"href":"https:\/\/familycancat.com\/en\/wp-json\/wp\/v2\/product_cat?post=7420"},{"taxonomy":"product_tag","embeddable":true,"href":"https:\/\/familycancat.com\/en\/wp-json\/wp\/v2\/product_tag?post=7420"}],"curies":[{"name":"wp","href":"https:\/\/api.w.org\/{rel}","templated":true}]}}