{"id":7417,"date":"2025-01-01T23:54:08","date_gmt":"2025-01-01T22:54:08","guid":{"rendered":"https:\/\/familycancat.com\/?post_type=product&#038;p=7417"},"modified":"2026-04-08T12:22:28","modified_gmt":"2026-04-08T11:22:28","slug":"dogs-love-lata-de-vacuno-para-perros-200gr","status":"publish","type":"product","link":"https:\/\/familycancat.com\/en\/product\/dogs-love-lata-de-vacuno-para-perros-200gr\/","title":{"rendered":"Dog&#8217;s Love Lata de Vacuno para Perros 200gr"},"content":{"rendered":"<div class=\"col-12\">\n<h3 id=\"details-title\" class=\"title heading-title section-heading mt-3\" aria-expanded=\"false\" aria-controls=\"collapsible-details-1\">Descripci\u00f3n<\/h3>\n<\/div>\n<div id=\"collapsible-details-1\" class=\"col-sm-12 value content\">\n<h2><strong>Comida h\u00fameda de vacuno para perros adultos<\/strong><\/h2>\n<p>Si quieres cambiar la alimentaci\u00f3n de tu fiel compa\u00f1ero y darle opciones de mejor calidad, que resulten m\u00e1s estimulantes, o si simplemente te gustar\u00eda ofrecerle m\u00e1s variedad en sus comidas, esta lata de<strong>\u00a0carne de vacuno<\/strong>\u00a0de Dog\u2019s Love puede ser una gran alternativa.<\/p>\n<p>Se trata de una\u00a0<strong>comida h\u00fameda para perros adultos de todas las razas<\/strong>, la cual est\u00e1 compuesta por un\u00a0<strong>alto porcentaje de prote\u00ednas<\/strong>, pero tambi\u00e9n incorpora\u00a0<strong>fibra bruta<\/strong>\u00a0procedente de frutas y verduras como la\u00a0<strong>manzana, el calabac\u00edn y la espinaca<\/strong>, para lograr un\u00a0<strong>alimento balanceado, nutritivo y delicioso<\/strong>.<\/p>\n<p>Es una receta\u00a0<strong>libre de cereales, colorantes aromatizantes y saborizantes artificiales<\/strong>, por lo que resulta\u00a0<strong>adecuada para aquellos perros con sensibilidades o alergias digestivas<\/strong>\u00a0o con requerimientos alimenticios especiales. Esta comida aporta\u00a0<strong>vitaminas, minerales y oligoelementos<\/strong>\u00a0que le permitir\u00e1n a tu amigo de cuatro patas tener una mejor calidad de vida.<\/p>\n<p>&nbsp;<\/p>\n<p><strong>Caracter\u00edsticas:<\/strong><\/p>\n<ul>\n<li>Comida h\u00fameda para perros adultos.<\/li>\n<li>Adecuado para todas las razas.<\/li>\n<li>Con 55% de prote\u00edna de vacuno.<\/li>\n<li>Incorpora manzana, calabac\u00edn y espinaca.<\/li>\n<li>Fuente de vitaminas, minerales y oligoelementos.<\/li>\n<li>Libre de cereales, colorantes aromatizantes y saborizantes artificiales.<\/li>\n<li>Es apto para perros con sensibilidad digestiva o necesidades nutricionales especiales.<\/li>\n<\/ul>\n<p>&nbsp;<\/p>\n<p><strong>Descripci\u00f3n nutricional:<\/strong><\/p>\n<p><strong>Ingredientes:<\/strong>\u00a0vacuno 55 % (carne 28 %, coraz\u00f3n 20 %, h\u00edgado 7 %), zanahorias 11 %, calabacines 8 %, hojas de espinacas 8 %, manzanas 7 %, f\u00e9cula de patata, minerales, aceite de lino, c\u00e1scara de huevo molido, algas marinas, hojas de diente de le\u00f3n, hojas de ortiga, flores de cal\u00e9ndula, berro de agua.<\/p>\n<p><strong>Aditivos por kg.:<\/strong>\u00a0aditivos nutricionales: vitamina D3 229 UI, cinc (como sulfato de cinc, monohidrato) 20 mg, cobre (como sulfato de cobre (II), pentahidratado) 1 mg. Energ\u00eda 448 kJ, 107 kcal \/ 100 g.<\/p>\n<p><strong>Componentes anal\u00edticos:<\/strong>\u00a0prote\u00edna bruta 9 %, grasa bruta 7 %, ceniza bruta 2,5 %, fibra bruta 2 %, humedad 74 %.<\/p>\n<p><strong>Sin:<\/strong>\u00a0Cereales, gluten, harina de huesos, colorantes artificiales, aromatizantes y agentes de consorcio, az\u00facares a\u00f1adidos, residuos de mataderos, potenciadores del sabor, experimentos con animales, ingenier\u00eda gen\u00e9tica.<\/p>\n<p>&nbsp;<\/p>\n<p><strong>USO Y ESPECIFICACIONES:<\/strong><\/p>\n<p>Comida h\u00fameda en lata para perros adultos de todas las razas y edades.<\/p>\n<p>&nbsp;<\/p>\n<p><strong>Modo de uso:<\/strong><\/p>\n<ul>\n<li>Ver tabla de dosificaci\u00f3n.<\/li>\n<li>Aseg\u00farate de que la mascota siempre tenga acceso al agua limpia y fresca.<\/li>\n<li>Guardar el producto en un lugar seco y fresco.<\/li>\n<li>Una vez abierto, mantener refrigerado y consumir en un m\u00e1ximo de 2 d\u00edas.<\/li>\n<\/ul>\n<p>&nbsp;<\/p>\n<p><strong>Dosificaci\u00f3n:<\/strong><\/p>\n<table>\n<tbody>\n<tr>\n<td><strong>Peso del perro<\/strong><\/td>\n<td><strong>Cantidad de alimento diario<\/strong><\/td>\n<\/tr>\n<tr>\n<td>5 kg<\/td>\n<td>200 \u2013 400 g<\/td>\n<\/tr>\n<tr>\n<td>10 kg<\/td>\n<td>400 \u2013 600 g<\/td>\n<\/tr>\n<tr>\n<td>20 kg<\/td>\n<td>600 \u2013 950 g<\/td>\n<\/tr>\n<tr>\n<td>30 kg<\/td>\n<td>950 \u2013 1400 g<\/td>\n<\/tr>\n<\/tbody>\n<\/table>\n<\/div>","protected":false},"excerpt":{"rendered":"<p>Comida h\u00fameda para perros adultos, rica en prote\u00ednas de carne de vacuno, contiene manzana, espinaca y calabac\u00edn, es libre de cereales y gluten, adecuada para perros con sensibilidad digestiva.<\/p>","protected":false},"featured_media":7418,"template":"","meta":[],"etheme_brands":[{"term_id":136,"name":"DOG LOVE","slug":"dog-love","term_group":0,"term_taxonomy_id":136,"taxonomy":"brand","description":"","parent":0,"count":29,"filter":"raw"}],"product_cat":[96,20,89],"product_tag":[],"class_list":{"0":"post-7417","1":"product","2":"type-product","3":"status-publish","4":"has-post-thumbnail","6":"brand-dog-love","7":"product_cat-todos-los-productos","8":"product_cat-perros","9":"product_cat-comida-humeda-para-perros","11":"first","12":"instock","13":"taxable","14":"shipping-taxable","15":"purchasable","16":"product-type-simple"},"jetpack_sharing_enabled":true,"_links":{"self":[{"href":"https:\/\/familycancat.com\/en\/wp-json\/wp\/v2\/product\/7417","targetHints":{"allow":["GET"]}}],"collection":[{"href":"https:\/\/familycancat.com\/en\/wp-json\/wp\/v2\/product"}],"about":[{"href":"https:\/\/familycancat.com\/en\/wp-json\/wp\/v2\/types\/product"}],"version-history":[{"count":2,"href":"https:\/\/familycancat.com\/en\/wp-json\/wp\/v2\/product\/7417\/revisions"}],"predecessor-version":[{"id":8809,"href":"https:\/\/familycancat.com\/en\/wp-json\/wp\/v2\/product\/7417\/revisions\/8809"}],"wp:featuredmedia":[{"embeddable":true,"href":"https:\/\/familycancat.com\/en\/wp-json\/wp\/v2\/media\/7418"}],"wp:attachment":[{"href":"https:\/\/familycancat.com\/en\/wp-json\/wp\/v2\/media?parent=7417"}],"wp:term":[{"taxonomy":"brand","embeddable":true,"href":"https:\/\/familycancat.com\/en\/wp-json\/wp\/v2\/etheme_brands?post=7417"},{"taxonomy":"product_cat","embeddable":true,"href":"https:\/\/familycancat.com\/en\/wp-json\/wp\/v2\/product_cat?post=7417"},{"taxonomy":"product_tag","embeddable":true,"href":"https:\/\/familycancat.com\/en\/wp-json\/wp\/v2\/product_tag?post=7417"}],"curies":[{"name":"wp","href":"https:\/\/api.w.org\/{rel}","templated":true}]}}