{"id":6262,"date":"2024-12-20T07:51:03","date_gmt":"2024-12-20T06:51:03","guid":{"rendered":"https:\/\/familycancat.com\/producto\/ng-pollo-starter-puppy-6kg\/"},"modified":"2026-04-09T16:39:49","modified_gmt":"2026-04-09T15:39:49","slug":"ng-pollo-starter-puppy-6kg","status":"publish","type":"product","link":"https:\/\/familycancat.com\/en\/product\/ng-pollo-starter-puppy-6kg\/","title":{"rendered":"Natural Greatness Puppy-Starter Pollo 6 Kg"},"content":{"rendered":"<p>Natural Greatness RECETA DE POLLO es una excelente receta ultra premium e hipoalerg\u00e9nica formulada sin cereales dise\u00f1ada para cachorros desde el destete hasta la edad de 12-18 meses, excelente tambi\u00e9n para hembras gestantes, en lactancia y adultos de razas peque\u00f1as y medianas. Sus ingredientes favorecen el desarrollo muscular y proporcionan energ\u00eda para el correcto crecimiento y desarrollo del cachorro. Toda nuestra alimentaci\u00f3n se elabora siguiendo un proceso natural de cocci\u00f3n altamente avanzado que se basa en la inyecci\u00f3n directa de carne fresca. La calidad de los ingredientes naturales empleados en nuestras recetas les aporta altos niveles de palatabilidad y digestibilidad.<\/p>\n<p>Composici\u00f3n: Carne deshidratada de Pollo (25%), Guisantes, Patata, Carne fresca de pollo (10%), Aceite de pollo (10%), Salm\u00f3n deshidratado (3%), Hidrolizado de h\u00edgado de pollo (3%), Pulpa de remolacha, Levadura, Semilla de linaza, Aceite de salm\u00f3n (0,5%), Huevo entero deshidratado (0,3%), Achicoria (FOS), Manano-oligosac\u00e1ridos (MOS), Sustancias minerales, Glucosamina 650 mg\/kg, Yucca schidigera, Condroitina 150 mg\/kg.<\/p>\n<p>Componentes anal\u00edticos: Prote\u00edna bruta (32%), Aceites y grasas brutas (20%), Fibra bruta (2,5%), Ceniza bruta (8%), Calcio (1,8%), F\u00f3sforo (1,1%), \u00c1cidos grasos omega 3 (0,5%), \u00c1cidos grasos omega 6 (3,9%), EPA + DHA (0,2%). Energ\u00eda metabolizable: 4.100 kcal\/kg.<\/p>\n<p>Formatos: 6 kg.<\/p>","protected":false},"excerpt":{"rendered":"<p>Pienso\u00a0<strong>Natural Greatness Puppy Starter<\/strong>\u00a0para cachorros\u00a0<strong>desde el destete hasta los 12-18 meses<\/strong>\u00a0de edad.<\/p>\n<p>Excelente tambi\u00e9n para<strong>\u00a0hembras pre\u00f1adas, en lactancia y adultos miniatura.<\/strong><\/p>\n<p>Receta sin Cereales, sin Lactosa, sin Colorantes ni Saborizantes Artificiales, y sin Conservantes Artificiales.<\/p>","protected":false},"featured_media":6281,"template":"","meta":[],"etheme_brands":[{"term_id":101,"name":"NATURAL GREATNESS","slug":"natural-greatness","term_group":0,"term_taxonomy_id":101,"taxonomy":"brand","description":"","parent":0,"count":73,"filter":"raw"}],"product_cat":[96,20,88,130],"product_tag":[],"class_list":{"0":"post-6262","1":"product","2":"type-product","3":"status-publish","4":"has-post-thumbnail","6":"brand-natural-greatness","7":"product_cat-todos-los-productos","8":"product_cat-perros","9":"product_cat-pienso-para-perros","10":"product_cat-pienso-cachorros","12":"first","13":"instock","14":"sale","15":"taxable","16":"shipping-taxable","17":"purchasable","18":"product-type-simple"},"jetpack_sharing_enabled":true,"_links":{"self":[{"href":"https:\/\/familycancat.com\/en\/wp-json\/wp\/v2\/product\/6262","targetHints":{"allow":["GET"]}}],"collection":[{"href":"https:\/\/familycancat.com\/en\/wp-json\/wp\/v2\/product"}],"about":[{"href":"https:\/\/familycancat.com\/en\/wp-json\/wp\/v2\/types\/product"}],"version-history":[{"count":3,"href":"https:\/\/familycancat.com\/en\/wp-json\/wp\/v2\/product\/6262\/revisions"}],"predecessor-version":[{"id":6282,"href":"https:\/\/familycancat.com\/en\/wp-json\/wp\/v2\/product\/6262\/revisions\/6282"}],"wp:featuredmedia":[{"embeddable":true,"href":"https:\/\/familycancat.com\/en\/wp-json\/wp\/v2\/media\/6281"}],"wp:attachment":[{"href":"https:\/\/familycancat.com\/en\/wp-json\/wp\/v2\/media?parent=6262"}],"wp:term":[{"taxonomy":"brand","embeddable":true,"href":"https:\/\/familycancat.com\/en\/wp-json\/wp\/v2\/etheme_brands?post=6262"},{"taxonomy":"product_cat","embeddable":true,"href":"https:\/\/familycancat.com\/en\/wp-json\/wp\/v2\/product_cat?post=6262"},{"taxonomy":"product_tag","embeddable":true,"href":"https:\/\/familycancat.com\/en\/wp-json\/wp\/v2\/product_tag?post=6262"}],"curies":[{"name":"wp","href":"https:\/\/api.w.org\/{rel}","templated":true}]}}