{"id":6258,"date":"2024-12-20T07:51:03","date_gmt":"2024-12-20T06:51:03","guid":{"rendered":"https:\/\/familycancat.com\/producto\/ng-pavo-10kg\/"},"modified":"2026-03-25T12:02:37","modified_gmt":"2026-03-25T11:02:37","slug":"ng-pavo-10kg","status":"publish","type":"product","link":"https:\/\/familycancat.com\/en\/product\/ng-pavo-10kg\/","title":{"rendered":"Natural Greatness Receta Pavo 10 Kg"},"content":{"rendered":"<p>Natural Greatness RECETA DE PAVO es una excelente receta ultra premium e hipoalerg\u00e9nica formulada sin cereales que dejar\u00e1 satisfechos a perros adultos de todas las razas con digestiones sensibles. Nuestra carne de pavo, con altos niveles de prote\u00edna de calidad, garantiza un correcto desarrollo muscular y una notable mejora en el sistema inmunitario del perro. Toda nuestra alimentaci\u00f3n se elabora siguiendo un proceso natural de cocci\u00f3n altamente avanzado que se basa en la inyecci\u00f3n directa de carne fresca. La calidad de los ingredientes naturales empleados en nuestras recetas les aporta altos niveles de palatabilidad y digestibilidad.<\/p>\n<p>Composici\u00f3n: Carne deshidratada de Pavo (15%), Carne deshidratada de Pato y Carne deshidratada de Pollo (14%), Patata, Guisantes, Carne fresca de pavo (10%), Aceite de pollo (7,5%), Pulpa de remolacha, Hidrolizado de h\u00edgado de pavo (2,5%), Prote\u00edna de guisantes, Prote\u00edna de patata, Levaduras, Salm\u00f3n deshidratado (1%), Semilla de linaza, Aceite de salm\u00f3n (0,75%), Huevo entero deshidratado (0,3%), Achicoria (FOS), Manano-oligosac\u00e1ridos (MOS), Sustancias Minerales, Yucca schidigera, Glucosamina, Condroitina.<\/p>\n<p>Componentes anal\u00edticos: Prote\u00edna bruta (28%), Aceites y grasas brutas (16%), Fibra bruta (2,5%), Ceniza bruta (8%), Calcio (1,5%), F\u00f3sforo (1%), \u00c1cidos grasos omega 3 (0,5%), \u00c1cidos grasos omega 6 (3%). Energ\u00eda metabolizable: 3.900 kcal\/kg.<\/p>\n<p>Formatos: 2 y 10 kg.<\/p>","protected":false},"excerpt":{"rendered":"<p><strong>Natural Greatness Pavo<\/strong>\u00a0es una receta hipoalerg\u00e9nica formulada sin trigo ni maiz y desarrollada idealmente\u00a0<strong>para perros adultos con sensibilidad al pollo u otras carnes. Sin Cereales.<\/strong><br \/>\nEl pavo utilizado es de grado humano, garantizando altos niveles de prote\u00ednas de calidad que ayudan a desarrollar y mantener la energ\u00eda y la masa muscular.<\/p>","protected":false},"featured_media":6308,"template":"","meta":[],"etheme_brands":[{"term_id":101,"name":"NATURAL GREATNESS","slug":"natural-greatness","term_group":0,"term_taxonomy_id":101,"taxonomy":"brand","description":"","parent":0,"count":73,"filter":"raw"}],"product_cat":[96,20,88,132],"product_tag":[],"class_list":{"0":"post-6258","1":"product","2":"type-product","3":"status-publish","4":"has-post-thumbnail","6":"brand-natural-greatness","7":"product_cat-todos-los-productos","8":"product_cat-perros","9":"product_cat-pienso-para-perros","10":"product_cat-pienso-perro-adulto-raza-mediana-grande","12":"first","13":"instock","14":"sale","15":"taxable","16":"shipping-taxable","17":"purchasable","18":"product-type-simple"},"jetpack_sharing_enabled":true,"_links":{"self":[{"href":"https:\/\/familycancat.com\/en\/wp-json\/wp\/v2\/product\/6258","targetHints":{"allow":["GET"]}}],"collection":[{"href":"https:\/\/familycancat.com\/en\/wp-json\/wp\/v2\/product"}],"about":[{"href":"https:\/\/familycancat.com\/en\/wp-json\/wp\/v2\/types\/product"}],"version-history":[{"count":2,"href":"https:\/\/familycancat.com\/en\/wp-json\/wp\/v2\/product\/6258\/revisions"}],"predecessor-version":[{"id":6309,"href":"https:\/\/familycancat.com\/en\/wp-json\/wp\/v2\/product\/6258\/revisions\/6309"}],"wp:featuredmedia":[{"embeddable":true,"href":"https:\/\/familycancat.com\/en\/wp-json\/wp\/v2\/media\/6308"}],"wp:attachment":[{"href":"https:\/\/familycancat.com\/en\/wp-json\/wp\/v2\/media?parent=6258"}],"wp:term":[{"taxonomy":"brand","embeddable":true,"href":"https:\/\/familycancat.com\/en\/wp-json\/wp\/v2\/etheme_brands?post=6258"},{"taxonomy":"product_cat","embeddable":true,"href":"https:\/\/familycancat.com\/en\/wp-json\/wp\/v2\/product_cat?post=6258"},{"taxonomy":"product_tag","embeddable":true,"href":"https:\/\/familycancat.com\/en\/wp-json\/wp\/v2\/product_tag?post=6258"}],"curies":[{"name":"wp","href":"https:\/\/api.w.org\/{rel}","templated":true}]}}