{"id":6256,"date":"2024-12-20T07:51:03","date_gmt":"2024-12-20T06:51:03","guid":{"rendered":"https:\/\/familycancat.com\/producto\/ng-conejo-light-fit-6kg\/"},"modified":"2026-01-31T10:48:33","modified_gmt":"2026-01-31T09:48:33","slug":"ng-conejo-light-fit-6kg","status":"publish","type":"product","link":"https:\/\/familycancat.com\/en\/product\/ng-conejo-light-fit-6kg\/","title":{"rendered":"Natural Greatness Conejo Light &#038; Fit 6 Kg"},"content":{"rendered":"<p>Natural Greatness RECETA DE CONEJO es una excelente receta ultra premium, monoproteica e hipoalerg\u00e9nica formulada sin cereales y desarrollada idealmente para perros adultos, adultos esterilizados o senior con tendencia al sobrepeso. Esta receta combina fibras naturales, que contribuyen a que el perro experimente una sensaci\u00f3n de saciedad, ayud\u00e1ndolo as\u00ed a controlar su ingesta cal\u00f3rica de manera efectiva. Adem\u00e1s, la f\u00f3rmula contiene conejo, una carne baja en grasa de alta calidad, y est\u00e1 enriquecida con glucosamina y condroitina, dos compuestos esenciales para mantener la salud de las articulaciones. Tambi\u00e9n incorpora L-Carnitina, lo que la convierte en una elecci\u00f3n ideal tanto para ayudar a al perro a quemar grasa como para fortalecer su masa muscular.<\/p>\n<p>Composici\u00f3n: Carne deshidratada de conejo (26%), Guisantes, Patata, Carne fresca de conejo (10%), Pulpa de remolacha, Hidrolizado de conejo (3%), Prote\u00edna de guisante, Levaduras, Semilla de linaza, Prote\u00edna de patata, Aceite de pollo (2%), Aceite de pescado, Mix de frutas (manzana y ar\u00e1ndanos), Mix de verduras (tomate y espinacas), Zanahoria, Calabaza, Algas, Inulina (FOS 0,1%), Manano-oligosac\u00e1ridos (MOS 0,1%), Sustancias Minerales, Yucca schidigera, Glucosamina (900 mg\/kg), Condroitina (200 mg\/kg), Romero, Perejil.<\/p>\n<p>Componentes anal\u00edticos: Prote\u00edna bruta (27%), Aceites y grasas brutas (9%), Ceniza bruta (7%), Fibra bruta (4%), Calcio (1,2%), F\u00f3sforo (0,9%), \u00c1cidos grasos omega 3 (0,5%), \u00c1cidos grasos omega 6 (1,2%), L-Carnitina 250 mg\/kg. Energ\u00eda metabolizable: 3.435 kcal\/kg.<\/p>\n<p>Formatos: 2 kg \/ 6 kg \/ 10 kg.<\/p>","protected":false},"excerpt":{"rendered":"<p>Receta Baja en Grasas que ayuda a mantener su perro sano y en forma. Elaborado con carne de conejo de grado humano.<\/p>\n<p>Receta sin Cereales, sin Lactosa, sin Colorantes ni Saborizantes Artificiales y sin Conservantes Artificiales.<\/p>","protected":false},"featured_media":6292,"template":"","meta":[],"etheme_brands":[{"term_id":101,"name":"NATURAL GREATNESS","slug":"natural-greatness","term_group":0,"term_taxonomy_id":101,"taxonomy":"brand","description":"","parent":0,"count":73,"filter":"raw"}],"product_cat":[96,88],"product_tag":[],"class_list":{"0":"post-6256","1":"product","2":"type-product","3":"status-publish","4":"has-post-thumbnail","6":"brand-natural-greatness","7":"product_cat-todos-los-productos","8":"product_cat-pienso-para-perros","10":"first","11":"instock","12":"sale","13":"taxable","14":"shipping-taxable","15":"purchasable","16":"product-type-simple"},"jetpack_sharing_enabled":true,"_links":{"self":[{"href":"https:\/\/familycancat.com\/en\/wp-json\/wp\/v2\/product\/6256","targetHints":{"allow":["GET"]}}],"collection":[{"href":"https:\/\/familycancat.com\/en\/wp-json\/wp\/v2\/product"}],"about":[{"href":"https:\/\/familycancat.com\/en\/wp-json\/wp\/v2\/types\/product"}],"version-history":[{"count":2,"href":"https:\/\/familycancat.com\/en\/wp-json\/wp\/v2\/product\/6256\/revisions"}],"predecessor-version":[{"id":6294,"href":"https:\/\/familycancat.com\/en\/wp-json\/wp\/v2\/product\/6256\/revisions\/6294"}],"wp:featuredmedia":[{"embeddable":true,"href":"https:\/\/familycancat.com\/en\/wp-json\/wp\/v2\/media\/6292"}],"wp:attachment":[{"href":"https:\/\/familycancat.com\/en\/wp-json\/wp\/v2\/media?parent=6256"}],"wp:term":[{"taxonomy":"brand","embeddable":true,"href":"https:\/\/familycancat.com\/en\/wp-json\/wp\/v2\/etheme_brands?post=6256"},{"taxonomy":"product_cat","embeddable":true,"href":"https:\/\/familycancat.com\/en\/wp-json\/wp\/v2\/product_cat?post=6256"},{"taxonomy":"product_tag","embeddable":true,"href":"https:\/\/familycancat.com\/en\/wp-json\/wp\/v2\/product_tag?post=6256"}],"curies":[{"name":"wp","href":"https:\/\/api.w.org\/{rel}","templated":true}]}}