{"id":6253,"date":"2024-12-20T07:51:03","date_gmt":"2024-12-20T06:51:03","guid":{"rendered":"https:\/\/familycancat.com\/producto\/ng-sensitive-salmon-adult-mini-2kg\/"},"modified":"2026-02-06T20:13:42","modified_gmt":"2026-02-06T19:13:42","slug":"ng-sensitive-salmon-adult-mini-2kg","status":"publish","type":"product","link":"https:\/\/familycancat.com\/en\/product\/ng-sensitive-salmon-adult-mini-2kg\/","title":{"rendered":"Natural Greatness Receta Salm\u00f3n Sensitive Mini 2 Kg"},"content":{"rendered":"<p>Natural Greatness RECETA DE SALM\u00d3N MINI es una excelente receta ultra premium, hipoalerg\u00e9nica y monoproteica formulada sin cereales y dise\u00f1ada para perros adultos de razas peque\u00f1as y medianas con problemas en la piel o el pelaje. Esta receta posee una alta concentraci\u00f3n de omega 3 y 6 que favorecen el buen funcionamiento del sistema inmunitario y mejoran el tr\u00e1nsito intestinal. Todos los ingredientes de este alimento han sido seleccionados por su baja capacidad alerg\u00e9nica y su alto nivel de calidad, haciendo de ella el alimento ideal para perros con sensibilidad al pollo u otras carnes. Toda nuestra alimentaci\u00f3n se elabora siguiendo un proceso natural de cocci\u00f3n altamente avanzado que se basa en la inyecci\u00f3n directa de carne fresca.<\/p>\n<p>Composici\u00f3n: Salm\u00f3n deshidratado (20%), Patata, Salm\u00f3n fresco (10%), Prote\u00edna de patata, Aceite de Pollo (9,5%), Levadura, Pulpa de remolacha, Hidrolizado de salm\u00f3n (2%), Aceite de salm\u00f3n (1,5%), Semilla de linaza, Sustancias minerales, Glucosamina 650 mg\/kg, Achicoria (FOS), Manano-oligosac\u00e1ridos (MOS), Extracto de c\u00edtricos (pomelo, naranja, mandarina y bergamota), Condroitina 150 mg\/kg, Yucca schidigera<\/p>\n<p>Componentes anal\u00edticos: Prote\u00edna bruta (28,5%), Aceites y grasas brutas (16,5%), Fibra bruta (2,5%), Ceniza bruta (7,5%), Calcio (1,1%), F\u00f3sforo (0,8%), \u00c1cidos grasos omega 3 (0,9%), \u00c1cidos grasos omega 6 (2,7%). Energ\u00eda metabolizable: 3.880 kcal\/kg.<\/p>\n<p>Formatos: 2 y 6 kg.<\/p>","protected":false},"excerpt":{"rendered":"<div id=\"product-description-short-3415\" class=\"product-description\">\n<p>Pienso Natural Greatness salm\u00f3n sensitive para perros de raza peque\u00f1a.<\/p>\n<p>Receta\u00a0<strong>hipoalerg\u00e9nica<\/strong>\u00a0de salm\u00f3n de grado humano y patata, formulada\u00a0<strong>sin cereales ni grano<\/strong>, con una tama\u00f1o de croqueta especialmente dise\u00f1ado para perros de tama\u00f1o peque\u00f1o.<\/p>\n<p><strong>Grain Free.<\/strong><\/p>\n<\/div>\n<div id=\"product-additional-info\">\n<div class=\"product-additional-info\">\n<div class=\"social-sharing\"><\/div>\n<\/div>\n<\/div>","protected":false},"featured_media":6277,"template":"","meta":[],"etheme_brands":[{"term_id":101,"name":"NATURAL GREATNESS","slug":"natural-greatness","term_group":0,"term_taxonomy_id":101,"taxonomy":"brand","description":"","parent":0,"count":73,"filter":"raw"}],"product_cat":[96,20,88,131],"product_tag":[],"class_list":{"0":"post-6253","1":"product","2":"type-product","3":"status-publish","4":"has-post-thumbnail","6":"brand-natural-greatness","7":"product_cat-todos-los-productos","8":"product_cat-perros","9":"product_cat-pienso-para-perros","10":"product_cat-pienso-perro-adulto-raza-mini","12":"first","13":"instock","14":"taxable","15":"shipping-taxable","16":"purchasable","17":"product-type-simple"},"jetpack_sharing_enabled":true,"_links":{"self":[{"href":"https:\/\/familycancat.com\/en\/wp-json\/wp\/v2\/product\/6253","targetHints":{"allow":["GET"]}}],"collection":[{"href":"https:\/\/familycancat.com\/en\/wp-json\/wp\/v2\/product"}],"about":[{"href":"https:\/\/familycancat.com\/en\/wp-json\/wp\/v2\/types\/product"}],"version-history":[{"count":5,"href":"https:\/\/familycancat.com\/en\/wp-json\/wp\/v2\/product\/6253\/revisions"}],"predecessor-version":[{"id":6278,"href":"https:\/\/familycancat.com\/en\/wp-json\/wp\/v2\/product\/6253\/revisions\/6278"}],"wp:featuredmedia":[{"embeddable":true,"href":"https:\/\/familycancat.com\/en\/wp-json\/wp\/v2\/media\/6277"}],"wp:attachment":[{"href":"https:\/\/familycancat.com\/en\/wp-json\/wp\/v2\/media?parent=6253"}],"wp:term":[{"taxonomy":"brand","embeddable":true,"href":"https:\/\/familycancat.com\/en\/wp-json\/wp\/v2\/etheme_brands?post=6253"},{"taxonomy":"product_cat","embeddable":true,"href":"https:\/\/familycancat.com\/en\/wp-json\/wp\/v2\/product_cat?post=6253"},{"taxonomy":"product_tag","embeddable":true,"href":"https:\/\/familycancat.com\/en\/wp-json\/wp\/v2\/product_tag?post=6253"}],"curies":[{"name":"wp","href":"https:\/\/api.w.org\/{rel}","templated":true}]}}