{"id":6251,"date":"2024-12-20T07:51:02","date_gmt":"2024-12-20T06:51:02","guid":{"rendered":"https:\/\/familycancat.com\/producto\/ng-sensitive-salmon-adult-medium-large-10kg\/"},"modified":"2025-12-29T18:48:08","modified_gmt":"2025-12-29T17:48:08","slug":"ng-sensitive-salmon-adult-medium-large-10kg","status":"publish","type":"product","link":"https:\/\/familycancat.com\/en\/product\/ng-sensitive-salmon-adult-medium-large-10kg\/","title":{"rendered":"Natural Greatness Receta Salm\u00f3n Sensitive 10 Kg"},"content":{"rendered":"<p>Natural Greatness RECETA DE SALM\u00d3N es una excelente receta ultra premium, hipoalerg\u00e9nica y monoproteica formulada sin cereales dise\u00f1ada para perros adultos de razas medianas y grandes con problemas en la piel o el pelaje. Esta receta posee una alta concentraci\u00f3n de omega 3 y 6 que favorecen el sistema inmunitario y mejoran el tr\u00e1nsito intestinal. Todos los ingredientes de este alimento han sido seleccionados por su baja capacidad alerg\u00e9nica y su alto nivel de calidad, haciendo de ella el alimento ideal para perros con sensibilidad al pollo u otras carnes.<\/p>\n<p>Composici\u00f3n: Salm\u00f3n deshidratado (20%), Patata, Salm\u00f3n fresco (10%), Prote\u00edna de patata, Aceite de pollo (9,5%), Levadura, Pulpa de remolacha, Hidrolizado de Salm\u00f3n (2%), Aceite de Salm\u00f3n (1,5%), Semilla de Linaza, Sustancias Minerales, Glucosamina 650 mg\/kg, Achicoria, Manano- oligosac\u00e1ridos, Extracto de c\u00edtricos (pomelo, naranja, mandarina y bergamota), Condroitina 150 mg\/kg, Yucca schidigera.<\/p>\n<p>Componentes anal\u00edticos: Prote\u00edna bruta (28%), Aceites y grasas brutas (16%), Fibra bruta (2,5%), Ceniza bruta (7,5%), Calcio (1,1%), F\u00f3sforo (0,8%), \u00c1cidos grasos omega 3 (0,9%), \u00c1cidos grasos omega 6 (2,7%). Energ\u00eda metabolizable: 3.880 kcal\/kg.<\/p>\n<p>Formatos: 2 y 10 kg.<\/p>","protected":false},"excerpt":{"rendered":"<p><strong>Natural Greatness Salmon Sensitive<\/strong>\u00a0es una receta hipoalerg\u00e9nica y monoproteica de salm\u00f3n de grado humano y patata, desarrollada\u00a0<strong>para perros adultos con digesti\u00f3n sensible o para perros que requieran una alimentaci\u00f3n libre de cereales.<\/strong><\/p>","protected":false},"featured_media":6314,"template":"","meta":[],"etheme_brands":[{"term_id":101,"name":"NATURAL GREATNESS","slug":"natural-greatness","term_group":0,"term_taxonomy_id":101,"taxonomy":"brand","description":"","parent":0,"count":73,"filter":"raw"}],"product_cat":[96,20,88],"product_tag":[],"class_list":{"0":"post-6251","1":"product","2":"type-product","3":"status-publish","4":"has-post-thumbnail","6":"brand-natural-greatness","7":"product_cat-todos-los-productos","8":"product_cat-perros","9":"product_cat-pienso-para-perros","11":"first","12":"instock","13":"taxable","14":"shipping-taxable","15":"purchasable","16":"product-type-simple"},"jetpack_sharing_enabled":true,"_links":{"self":[{"href":"https:\/\/familycancat.com\/en\/wp-json\/wp\/v2\/product\/6251","targetHints":{"allow":["GET"]}}],"collection":[{"href":"https:\/\/familycancat.com\/en\/wp-json\/wp\/v2\/product"}],"about":[{"href":"https:\/\/familycancat.com\/en\/wp-json\/wp\/v2\/types\/product"}],"version-history":[{"count":2,"href":"https:\/\/familycancat.com\/en\/wp-json\/wp\/v2\/product\/6251\/revisions"}],"predecessor-version":[{"id":6311,"href":"https:\/\/familycancat.com\/en\/wp-json\/wp\/v2\/product\/6251\/revisions\/6311"}],"wp:featuredmedia":[{"embeddable":true,"href":"https:\/\/familycancat.com\/en\/wp-json\/wp\/v2\/media\/6314"}],"wp:attachment":[{"href":"https:\/\/familycancat.com\/en\/wp-json\/wp\/v2\/media?parent=6251"}],"wp:term":[{"taxonomy":"brand","embeddable":true,"href":"https:\/\/familycancat.com\/en\/wp-json\/wp\/v2\/etheme_brands?post=6251"},{"taxonomy":"product_cat","embeddable":true,"href":"https:\/\/familycancat.com\/en\/wp-json\/wp\/v2\/product_cat?post=6251"},{"taxonomy":"product_tag","embeddable":true,"href":"https:\/\/familycancat.com\/en\/wp-json\/wp\/v2\/product_tag?post=6251"}],"curies":[{"name":"wp","href":"https:\/\/api.w.org\/{rel}","templated":true}]}}