{"id":6249,"date":"2024-12-20T07:51:02","date_gmt":"2024-12-20T06:51:02","guid":{"rendered":"https:\/\/familycancat.com\/producto\/ng-salvaje-2kg\/"},"modified":"2025-10-22T17:30:21","modified_gmt":"2025-10-22T16:30:21","slug":"ng-salvaje-2kg","status":"publish","type":"product","link":"https:\/\/familycancat.com\/en\/product\/ng-salvaje-2kg\/","title":{"rendered":"Natural Greatness Receta Salvaje 2 Kg"},"content":{"rendered":"<p>Natural Greatness RECETA SALVAJE es una excelente receta ultra premium e hipoalerg\u00e9nica formulada sin cereales y desarrollada idealmente para perros adultos con alta actividad, cachorros, hembras gestantes o en lactancia de razas medianas y grandes o para aquellos que, simplemente, requieren una alimentaci\u00f3n de alta calidad. La receta incorpora altos porcentajes c\u00e1rnicos que ayudan a mantener la energ\u00eda y la masa muscular. Adem\u00e1s, los componentes de este alimento favorecen el tr\u00e1nsito digestivo y ayudan a reforzar las articulaciones de cachorros y adultos. Las prote\u00ednas de sus carnes son de alto valor biol\u00f3gico, garantizando elevados niveles de nutrientes de calidad.<\/p>\n<p>Composici\u00f3n: Carne deshidratada de pato, Carne deshidratada de pavo y Carne deshidratada de pollo (29%), Patata, Aceite de pollo (12%), Carne fresca de conejo (10%), Prote\u00edna de Patata, Levadura, Pulpa de Remolacha, Hidrolizado de h\u00edgado de pollo (4%), Semilla de Linaza, Minerales, Mix de Hierbas, Aceite de Salm\u00f3n (0,25%), Inulina (FOS), Manano-oligosac\u00e1ridos (MOS), Yucca schidigera, Glucosamina 650 mg\/kg, Condroitina 150 mg\/kg.<\/p>\n<p>Componentes anal\u00edticos: Prote\u00edna bruta (33%), Aceites y grasas brutas (19%), Fibra bruta (2,5%), Ceniza bruta (7%), Calcio (1,3%), F\u00f3sforo (1%), \u00c1cidos grasos omega 3 (0,5%), \u00c1cidos grasos omega 6 (3,5%), EPA+DHA (0,5%). Energ\u00eda metabolizable: 4.050 kcal\/kg.<\/p>\n<p>Formatos: 2 y 10 kg.<\/p>","protected":false},"excerpt":{"rendered":"<p>Excelente receta\u00a0<strong>sin cereales<\/strong>\u00a0o granos para satisfacer las necesidades nutricionales de<strong>\u00a0todas las razas en todas las etapas de la vida<\/strong>, con un porcentaje muy alto de ingredientes c\u00e1rnicos que los perros encontrar\u00edan cazando en estado salvaje.<br \/>\nLa carne utilizada es de grado humano.<\/p>","protected":false},"featured_media":6341,"template":"","meta":[],"etheme_brands":[{"term_id":101,"name":"NATURAL GREATNESS","slug":"natural-greatness","term_group":0,"term_taxonomy_id":101,"taxonomy":"brand","description":"","parent":0,"count":73,"filter":"raw"}],"product_cat":[96,20,88],"product_tag":[],"class_list":{"0":"post-6249","1":"product","2":"type-product","3":"status-publish","4":"has-post-thumbnail","6":"brand-natural-greatness","7":"product_cat-todos-los-productos","8":"product_cat-perros","9":"product_cat-pienso-para-perros","11":"first","12":"instock","13":"taxable","14":"shipping-taxable","15":"purchasable","16":"product-type-simple"},"jetpack_sharing_enabled":true,"_links":{"self":[{"href":"https:\/\/familycancat.com\/en\/wp-json\/wp\/v2\/product\/6249","targetHints":{"allow":["GET"]}}],"collection":[{"href":"https:\/\/familycancat.com\/en\/wp-json\/wp\/v2\/product"}],"about":[{"href":"https:\/\/familycancat.com\/en\/wp-json\/wp\/v2\/types\/product"}],"version-history":[{"count":2,"href":"https:\/\/familycancat.com\/en\/wp-json\/wp\/v2\/product\/6249\/revisions"}],"predecessor-version":[{"id":6342,"href":"https:\/\/familycancat.com\/en\/wp-json\/wp\/v2\/product\/6249\/revisions\/6342"}],"wp:featuredmedia":[{"embeddable":true,"href":"https:\/\/familycancat.com\/en\/wp-json\/wp\/v2\/media\/6341"}],"wp:attachment":[{"href":"https:\/\/familycancat.com\/en\/wp-json\/wp\/v2\/media?parent=6249"}],"wp:term":[{"taxonomy":"brand","embeddable":true,"href":"https:\/\/familycancat.com\/en\/wp-json\/wp\/v2\/etheme_brands?post=6249"},{"taxonomy":"product_cat","embeddable":true,"href":"https:\/\/familycancat.com\/en\/wp-json\/wp\/v2\/product_cat?post=6249"},{"taxonomy":"product_tag","embeddable":true,"href":"https:\/\/familycancat.com\/en\/wp-json\/wp\/v2\/product_tag?post=6249"}],"curies":[{"name":"wp","href":"https:\/\/api.w.org\/{rel}","templated":true}]}}