{"id":6247,"date":"2024-12-20T07:51:02","date_gmt":"2024-12-20T06:51:02","guid":{"rendered":"https:\/\/familycancat.com\/producto\/ng-diet-gastrointestinal-2kg\/"},"modified":"2026-04-02T10:16:26","modified_gmt":"2026-04-02T09:16:26","slug":"ng-diet-gastrointestinal-2kg","status":"publish","type":"product","link":"https:\/\/familycancat.com\/en\/product\/ng-diet-gastrointestinal-2kg\/","title":{"rendered":"Natural Greatness Vet Dog Gastrointestinal 2 Kg"},"content":{"rendered":"<p>Natural Greatness GASTROINTESTINAL es una receta hipoalerg\u00e9nica completa y sin cereales destinada a perros adultos de todas las razas con trastornos de la absorci\u00f3n intestinal. Se caracteriza por la presencia de prebi\u00f3ticos FOS y MOS para la mejora en la absorci\u00f3n de nutrientes, as\u00ed como de una alta digestibilidad gracias a su mayor contenido de sodio y potasio, adem\u00e1s de prote\u00ednas de alto valor biol\u00f3gico de origen animal.<\/p>\n<p>Composici\u00f3n: Carne deshidratada de Pavo y Pollo 20%, Carne fresca de Pavo 11%, Patata, Boniato, Tapioca, Aceite de Pollo 7%, Algarroba, Hidrolizado de carne de pollo 4,5%, Pulpa de manzana, Pulpa de remolacha, Hidrolizado de h\u00edgado de Pavo y Pollo 3%, Aceite de Salm\u00f3n 2,7%, Calabaza deshidratada 1% (equivale a 10% calabaza fresca), Levadura de cerveza, Semilla de linaza, Inulina (FOS), Cloruro pot\u00e1sico, Mix de frutas 0,3% (manzana y ciruela), Mix de vegetales 0,3% (tomate, or\u00e9gano, salvia, romero), Cloruro s\u00f3dico, Pared celular hidrolizada de levaduras (fuente de MOS), Glucosamina, Sulfato de condroitina.<\/p>\n<p>Componentes anal\u00edticos: Prote\u00edna bruta (23%), Aceites y grasas brutas (16%), Fibra bruta (5%), Ceniza bruta (7%), Calcio (1,1%), \u00c1cidos grasos Omega 3 (1,1%), \u00c1cidos grasos Omega 6 (2,4%), F\u00f3sforo (0,7%), Potasio (0,8%), Sodio (0,3%).<\/p>\n<p>Energ\u00eda metabolizable: 3.670 Kcal\/kg<\/p>\n<p>Formatos: 2 y 6 kg.<\/p>","protected":false},"excerpt":{"rendered":"<p>Natural Greatness Gastrointestinal es un alimento seco formulado para perros adultos con trastornos de la absorci\u00f3n intestinal. Este alimento se caracteriza por la presencia de prebi\u00f3ticos MOS para la mejora en la absorci\u00f3n de nutrientes, as\u00ed como de una alta digestibilidad gracias a su mayor contenido de sodio y potasio, adem\u00e1s de prote\u00ednas de alto valor biol\u00f3gico de origen animal.<\/p>","protected":false},"featured_media":6332,"template":"","meta":[],"etheme_brands":[{"term_id":101,"name":"NATURAL GREATNESS","slug":"natural-greatness","term_group":0,"term_taxonomy_id":101,"taxonomy":"brand","description":"","parent":0,"count":73,"filter":"raw"}],"product_cat":[96,20,88,134],"product_tag":[],"class_list":{"0":"post-6247","1":"product","2":"type-product","3":"status-publish","4":"has-post-thumbnail","6":"brand-natural-greatness","7":"product_cat-todos-los-productos","8":"product_cat-perros","9":"product_cat-pienso-para-perros","10":"product_cat-dietas-veterinarias","12":"first","13":"instock","14":"taxable","15":"shipping-taxable","16":"purchasable","17":"product-type-simple"},"jetpack_sharing_enabled":true,"_links":{"self":[{"href":"https:\/\/familycancat.com\/en\/wp-json\/wp\/v2\/product\/6247","targetHints":{"allow":["GET"]}}],"collection":[{"href":"https:\/\/familycancat.com\/en\/wp-json\/wp\/v2\/product"}],"about":[{"href":"https:\/\/familycancat.com\/en\/wp-json\/wp\/v2\/types\/product"}],"version-history":[{"count":2,"href":"https:\/\/familycancat.com\/en\/wp-json\/wp\/v2\/product\/6247\/revisions"}],"predecessor-version":[{"id":6333,"href":"https:\/\/familycancat.com\/en\/wp-json\/wp\/v2\/product\/6247\/revisions\/6333"}],"wp:featuredmedia":[{"embeddable":true,"href":"https:\/\/familycancat.com\/en\/wp-json\/wp\/v2\/media\/6332"}],"wp:attachment":[{"href":"https:\/\/familycancat.com\/en\/wp-json\/wp\/v2\/media?parent=6247"}],"wp:term":[{"taxonomy":"brand","embeddable":true,"href":"https:\/\/familycancat.com\/en\/wp-json\/wp\/v2\/etheme_brands?post=6247"},{"taxonomy":"product_cat","embeddable":true,"href":"https:\/\/familycancat.com\/en\/wp-json\/wp\/v2\/product_cat?post=6247"},{"taxonomy":"product_tag","embeddable":true,"href":"https:\/\/familycancat.com\/en\/wp-json\/wp\/v2\/product_tag?post=6247"}],"curies":[{"name":"wp","href":"https:\/\/api.w.org\/{rel}","templated":true}]}}