{"id":6246,"date":"2024-12-20T07:51:02","date_gmt":"2024-12-20T06:51:02","guid":{"rendered":"https:\/\/familycancat.com\/producto\/ng-monoproteico-pollo-400gr\/"},"modified":"2026-04-08T10:45:23","modified_gmt":"2026-04-08T09:45:23","slug":"ng-monoproteico-pollo-400gr","status":"publish","type":"product","link":"https:\/\/familycancat.com\/en\/product\/ng-monoproteico-pollo-400gr\/","title":{"rendered":"Natural Greatness Monoprot\u00e9ica Pollo 400 Gr"},"content":{"rendered":"<p>Natural Greatness RECETA MONOPROTEICA DE POLLO es una excelente receta h\u00fameda completa, ultra premium, monoproteica e hipoalerg\u00e9nica, formulada sin cereales y desarrollada idealmente para perros adultos con sensibilidad a otras carnes. Este alimento h\u00famedo contiene un 98% de carne de pollo de alta calidad, siendo el pollo la \u00fanica fuente de prote\u00edna animal presente en la receta. Es un alimento ideal para una dieta de exclusi\u00f3n, facilitando la detecci\u00f3n de posibles intolerancias alimentarias o alerg\u00e9nicas.<\/p>\n<p>Composici\u00f3n: Pollo (98%), Aceites y grasas vegetales.<\/p>\n<p>Componentes anal\u00edticos: Prote\u00edna bruta 9%, Fibra 0,5%, Grasas 6,5%, Cenizas 3%, Humedad 80%.<\/p>\n<p>Energ\u00eda metabolizable: 944,05 Kcal\/kg.<\/p>\n<p>Formato: Latas de 170 y 400 gramos.<\/p>\n<p>Tipo de textura: Mousse.<\/p>\n<p>La carne de pollo es una carne blanca de f\u00e1cil digesti\u00f3n, baja en grasa pero alta en prote\u00ednas de alto valor biol\u00f3gico. Es una carne rica en vitaminas A y B2, que ayudan a mantener la buena visi\u00f3n del perro al mismo tiempo que mejoran la elasticidad de la piel y el brillo del pelaje.<\/p>","protected":false},"excerpt":{"rendered":"<p>Natural Greatness RECETA MONOPROTEICA DE POLLO es una excelente receta h\u00fameda completa, ultra premium, monoproteica e hipoalerg\u00e9nica, formulada sin cereales y desarrollada idealmente para perros&#8230;<\/p>","protected":false},"featured_media":6317,"template":"","meta":[],"etheme_brands":[{"term_id":101,"name":"NATURAL GREATNESS","slug":"natural-greatness","term_group":0,"term_taxonomy_id":101,"taxonomy":"brand","description":"","parent":0,"count":73,"filter":"raw"}],"product_cat":[96,20,89],"product_tag":[],"class_list":{"0":"post-6246","1":"product","2":"type-product","3":"status-publish","4":"has-post-thumbnail","6":"brand-natural-greatness","7":"product_cat-todos-los-productos","8":"product_cat-perros","9":"product_cat-comida-humeda-para-perros","11":"first","12":"instock","13":"taxable","14":"shipping-taxable","15":"purchasable","16":"product-type-simple"},"jetpack_sharing_enabled":true,"_links":{"self":[{"href":"https:\/\/familycancat.com\/en\/wp-json\/wp\/v2\/product\/6246","targetHints":{"allow":["GET"]}}],"collection":[{"href":"https:\/\/familycancat.com\/en\/wp-json\/wp\/v2\/product"}],"about":[{"href":"https:\/\/familycancat.com\/en\/wp-json\/wp\/v2\/types\/product"}],"version-history":[{"count":1,"href":"https:\/\/familycancat.com\/en\/wp-json\/wp\/v2\/product\/6246\/revisions"}],"predecessor-version":[{"id":6318,"href":"https:\/\/familycancat.com\/en\/wp-json\/wp\/v2\/product\/6246\/revisions\/6318"}],"wp:featuredmedia":[{"embeddable":true,"href":"https:\/\/familycancat.com\/en\/wp-json\/wp\/v2\/media\/6317"}],"wp:attachment":[{"href":"https:\/\/familycancat.com\/en\/wp-json\/wp\/v2\/media?parent=6246"}],"wp:term":[{"taxonomy":"brand","embeddable":true,"href":"https:\/\/familycancat.com\/en\/wp-json\/wp\/v2\/etheme_brands?post=6246"},{"taxonomy":"product_cat","embeddable":true,"href":"https:\/\/familycancat.com\/en\/wp-json\/wp\/v2\/product_cat?post=6246"},{"taxonomy":"product_tag","embeddable":true,"href":"https:\/\/familycancat.com\/en\/wp-json\/wp\/v2\/product_tag?post=6246"}],"curies":[{"name":"wp","href":"https:\/\/api.w.org\/{rel}","templated":true}]}}