{"id":6245,"date":"2024-12-20T07:51:02","date_gmt":"2024-12-20T06:51:02","guid":{"rendered":"https:\/\/familycancat.com\/producto\/ng-monoproteico-salmon-400gr\/"},"modified":"2026-03-25T18:19:02","modified_gmt":"2026-03-25T17:19:02","slug":"ng-monoproteico-salmon-400gr","status":"publish","type":"product","link":"https:\/\/familycancat.com\/en\/product\/ng-monoproteico-salmon-400gr\/","title":{"rendered":"Natural Greatness Monoprot\u00e9ica Salm\u00f3n 400 Gr"},"content":{"rendered":"<p>Natural Greatness RECETA MONOPROTEICA DE SALM\u00d3N es una excelente receta h\u00fameda completa, ultra premium, monoproteica e hipoalerg\u00e9nica, formulada sin cereales y desarrollada idealmente para perros adultos con sensibilidad a carnes m\u00e1s comunes como el pollo o el pavo. Este alimento h\u00famedo contiene un 98% de carne de salm\u00f3n de alta calidad, siendo el salm\u00f3n la \u00fanica fuente de prote\u00edna animal presente en la receta. Es un alimento ideal para una dieta de exclusi\u00f3n, facilitando la detecci\u00f3n de posibles intolerancias alimentarias o alerg\u00e9nicas.<\/p>\n<p>Composici\u00f3n: Salm\u00f3n (98%), aceites y grasas vegetales.<\/p>\n<p>Componentes anal\u00edticos: Prote\u00edna bruta 8,5%, Fibra bruta 0,5%, Grasas 6,5%, Ceniza bruta 3%, Humedad 80%.<\/p>\n<p>Energ\u00eda metabolizable: 944,05 Kcal\/kg.<\/p>\n<p>Formato: Lata de 170 y 400 gramos.<\/p>\n<p>Tipo de textura: Mousse.<\/p>\n<p>El salm\u00f3n es una fuente de prote\u00ednas ideal para perros con digesti\u00f3n sensible. Esta carne es rica en \u00e1cidos omega 3 y 6 que mejoran el tr\u00e1nsito intestinal de la mascota adem\u00e1s de reforzar su sistema inmunitario y mejorar la calidad de su piel y pelaje.<\/p>","protected":false},"excerpt":{"rendered":"<p><strong>La receta monoproteica de Salm\u00f3n<\/strong>, contiene como \u00fanica fuente de prote\u00edna, la carne de Salm\u00f3n.<\/p>\n<p><strong>Ingredientes:\u00a0<\/strong>Salm\u00f3n (98%), Aceites y grasas vegetales.<\/p>\n<p>Es un alimento\u00a0<strong>ideal para una dieta de exclusi\u00f3n<\/strong>, facilitando de esta forma la detecci\u00f3n de posibles intolerancias alimentarias o alerg\u00e9nicas.<\/p>","protected":false},"featured_media":6335,"template":"","meta":[],"etheme_brands":[{"term_id":101,"name":"NATURAL GREATNESS","slug":"natural-greatness","term_group":0,"term_taxonomy_id":101,"taxonomy":"brand","description":"","parent":0,"count":73,"filter":"raw"}],"product_cat":[96,20,89],"product_tag":[],"class_list":{"0":"post-6245","1":"product","2":"type-product","3":"status-publish","4":"has-post-thumbnail","6":"brand-natural-greatness","7":"product_cat-todos-los-productos","8":"product_cat-perros","9":"product_cat-comida-humeda-para-perros","11":"first","12":"instock","13":"taxable","14":"shipping-taxable","15":"purchasable","16":"product-type-simple"},"jetpack_sharing_enabled":true,"_links":{"self":[{"href":"https:\/\/familycancat.com\/en\/wp-json\/wp\/v2\/product\/6245","targetHints":{"allow":["GET"]}}],"collection":[{"href":"https:\/\/familycancat.com\/en\/wp-json\/wp\/v2\/product"}],"about":[{"href":"https:\/\/familycancat.com\/en\/wp-json\/wp\/v2\/types\/product"}],"version-history":[{"count":2,"href":"https:\/\/familycancat.com\/en\/wp-json\/wp\/v2\/product\/6245\/revisions"}],"predecessor-version":[{"id":6336,"href":"https:\/\/familycancat.com\/en\/wp-json\/wp\/v2\/product\/6245\/revisions\/6336"}],"wp:featuredmedia":[{"embeddable":true,"href":"https:\/\/familycancat.com\/en\/wp-json\/wp\/v2\/media\/6335"}],"wp:attachment":[{"href":"https:\/\/familycancat.com\/en\/wp-json\/wp\/v2\/media?parent=6245"}],"wp:term":[{"taxonomy":"brand","embeddable":true,"href":"https:\/\/familycancat.com\/en\/wp-json\/wp\/v2\/etheme_brands?post=6245"},{"taxonomy":"product_cat","embeddable":true,"href":"https:\/\/familycancat.com\/en\/wp-json\/wp\/v2\/product_cat?post=6245"},{"taxonomy":"product_tag","embeddable":true,"href":"https:\/\/familycancat.com\/en\/wp-json\/wp\/v2\/product_tag?post=6245"}],"curies":[{"name":"wp","href":"https:\/\/api.w.org\/{rel}","templated":true}]}}