{"id":6244,"date":"2024-12-20T07:51:02","date_gmt":"2024-12-20T06:51:02","guid":{"rendered":"https:\/\/familycancat.com\/producto\/ng-puppy-pollo-con-zanahorias-pina-semillas-de-lino-y-arandanos-rojos-400gr\/"},"modified":"2026-03-04T19:07:14","modified_gmt":"2026-03-04T18:07:14","slug":"ng-puppy-pollo-con-zanahorias-pina-semillas-de-lino-y-arandanos-rojos-400gr","status":"publish","type":"product","link":"https:\/\/familycancat.com\/en\/product\/ng-puppy-pollo-con-zanahorias-pina-semillas-de-lino-y-arandanos-rojos-400gr\/","title":{"rendered":"Natural Greatness Puppy Starter Pollo con Zanahorias 400 GR"},"content":{"rendered":"<p>Natural Greatness POLLO CON ZANAHORIAS, PI\u00d1A, SEMILLAS DE LINO Y AR\u00c1NDANOS ROJOS es una excelente receta h\u00fameda completa, ultra premium e hipoalerg\u00e9nica, formulada sin cereales y desarrollada idealmente para cachorros a partir del destete. Este alimento incorpora carne de pollo de alta calidad como \u00fanica fuente de prote\u00edna animal, proporcionando todos los nutrientes necesarios para respaldar un buen desarrollo f\u00edsico, cognitivo y neuronal del cachorro. Adem\u00e1s, la receta cuanta con la inclusi\u00f3n de superalimentos tales como zanahorias, pi\u00f1a, semillas de lino y ar\u00e1ndanos rojos, fuentes naturales de fibra, vitaminas, antioxidantes y carbohidratos saludables.<\/p>\n<p>Composici\u00f3n: Pollo (55%), Zanahoria (4%), Aceite de girasol (3%), Pi\u00f1a (5% a partir de deshidratada), Sustancias minerales, Semillas de lino (0,5%), Ar\u00e1ndanos rojos (1% a partir de deshidratado), Zumo de manzana.<\/p>\n<p>Componentes anal\u00edticos: Prote\u00edna bruta 9,6%, Fibra bruta 1,1%, Aceites y grasas brutas 8,3%, Ceniza bruta 3,2%, Humedad 74,6%. Energ\u00eda metabolizable: 1182 kcal\/kg.<\/p>\n<p>Formato: Lata de 400 gramos.<\/p>\n<p>Tipo de textura: Carne de pollo triturada con trozos de zanahoria, pi\u00f1a, semillas de lino y ar\u00e1ndanos rojos.<\/p>","protected":false},"excerpt":{"rendered":"<p><strong>Natural Greatness Puppy Starter Pollo<\/strong>\u00a0es una receta monoproteica formulada para cachorros desde el destete que proporciona todos los nutrientes necesarios para respaldar un buen desarrollo f\u00edsico, cognitivo y neuronal. Esta receta incluye carne de pollo de alto valor biol\u00f3gico junto a una combinaci\u00f3n de frutas y verduras para lograr un equilibrio ideal de la flora intestinal y garantizar una digesti\u00f3n \u00f3ptima.<\/p>","protected":false},"featured_media":6319,"template":"","meta":[],"etheme_brands":[{"term_id":101,"name":"NATURAL GREATNESS","slug":"natural-greatness","term_group":0,"term_taxonomy_id":101,"taxonomy":"brand","description":"","parent":0,"count":73,"filter":"raw"}],"product_cat":[96,20,89],"product_tag":[],"class_list":{"0":"post-6244","1":"product","2":"type-product","3":"status-publish","4":"has-post-thumbnail","6":"brand-natural-greatness","7":"product_cat-todos-los-productos","8":"product_cat-perros","9":"product_cat-comida-humeda-para-perros","11":"first","12":"instock","13":"taxable","14":"shipping-taxable","15":"purchasable","16":"product-type-simple"},"jetpack_sharing_enabled":true,"_links":{"self":[{"href":"https:\/\/familycancat.com\/en\/wp-json\/wp\/v2\/product\/6244","targetHints":{"allow":["GET"]}}],"collection":[{"href":"https:\/\/familycancat.com\/en\/wp-json\/wp\/v2\/product"}],"about":[{"href":"https:\/\/familycancat.com\/en\/wp-json\/wp\/v2\/types\/product"}],"version-history":[{"count":2,"href":"https:\/\/familycancat.com\/en\/wp-json\/wp\/v2\/product\/6244\/revisions"}],"predecessor-version":[{"id":6322,"href":"https:\/\/familycancat.com\/en\/wp-json\/wp\/v2\/product\/6244\/revisions\/6322"}],"wp:featuredmedia":[{"embeddable":true,"href":"https:\/\/familycancat.com\/en\/wp-json\/wp\/v2\/media\/6319"}],"wp:attachment":[{"href":"https:\/\/familycancat.com\/en\/wp-json\/wp\/v2\/media?parent=6244"}],"wp:term":[{"taxonomy":"brand","embeddable":true,"href":"https:\/\/familycancat.com\/en\/wp-json\/wp\/v2\/etheme_brands?post=6244"},{"taxonomy":"product_cat","embeddable":true,"href":"https:\/\/familycancat.com\/en\/wp-json\/wp\/v2\/product_cat?post=6244"},{"taxonomy":"product_tag","embeddable":true,"href":"https:\/\/familycancat.com\/en\/wp-json\/wp\/v2\/product_tag?post=6244"}],"curies":[{"name":"wp","href":"https:\/\/api.w.org\/{rel}","templated":true}]}}