{"id":6243,"date":"2024-12-20T07:51:02","date_gmt":"2024-12-20T06:51:02","guid":{"rendered":"https:\/\/familycancat.com\/producto\/ng-bacalao-con-pimiento-rojo-calabaza-aceite-de-oliva-patata-y-tomillo-400gr\/"},"modified":"2026-04-06T11:45:08","modified_gmt":"2026-04-06T10:45:08","slug":"ng-bacalao-con-pimiento-rojo-calabaza-aceite-de-oliva-patata-y-tomillo-400gr","status":"publish","type":"product","link":"https:\/\/familycancat.com\/en\/product\/ng-bacalao-con-pimiento-rojo-calabaza-aceite-de-oliva-patata-y-tomillo-400gr\/","title":{"rendered":"Natural Greatness Bacalao Con Pimiento Rojo 400 GR"},"content":{"rendered":"<p>Natural Greatness BACALAO CON PIMIENTO ROJO, CALABAZA, ACEITE DE OLIVA, PATATA Y TOMILLO es una excelente receta h\u00fameda completa, ultra premium e hipoalerg\u00e9nica, formulada sin cereales y desarrollada para perros adultos. Es una receta monoproteica considerada ULTRA LIGHT gracias a sus aportes de carne de bacalao como \u00fanica fuente de prote\u00edna animal, una carne baja en grasa y de prote\u00ednas novel, indicada para perros con intolerancias o alergias a otras carnes m\u00e1s comunes y que deseen mantener un peso ideal, con una dieta baja en carbohidratos. Adem\u00e1s, la receta cuenta con la inclusi\u00f3n de superalimentos tales como el pimiento rojo, la calabaza, el aceite de oliva, la patata y el tomillo, los cuales aportan fibra natural y son fuente de vitaminas y minerales y carbohidratos saludables.<\/p>\n<p>Composici\u00f3n: Bacalao (50%), Pimiento rojo (2%), Calabaza (2%), Aceite de oliva (2%), Patata (2%), Sustancias minerales, Levaduras, Prote\u00edna de pescado hidrolizada, Xilosa, Dextrosa y Tomillo (0,1%).<\/p>\n<p>Componentes anal\u00edticos: Prote\u00edna bruta 6%, Fibra bruta 1%, Grasa bruta 2,2%, Ceniza bruta 2,6%, Humedad 87,2%. Energ\u00eda metabolizable: 440 kcal\/kg.<\/p>\n<p>Formato: Lata de 390 gramos.<\/p>\n<p>Tipo de textura: Carne triturada de bacalao con aceite de oliva y trocitos de pimiento rojo, calabaza, patata y tomillo.<\/p>","protected":false},"excerpt":{"rendered":"<p><strong>Natural Greatness Bacalao con Pimiento Rojo\u00a0<\/strong>es una receta monoproteica para perros adultos y s\u00e9nior con carne de bacalao como \u00fanica fuente de prote\u00edna animal. El bacalao es una excelente prote\u00edna c\u00e1rnica novel indicada para perros con intolerancias o alergias a otras carnes m\u00e1s comunes. Adem\u00e1s, esta receta ULTRA LIGHT ayuda a mantener un peso ideal gracias a sus bajos niveles de grasa.<\/p>","protected":false},"featured_media":6356,"template":"","meta":[],"etheme_brands":[{"term_id":101,"name":"NATURAL GREATNESS","slug":"natural-greatness","term_group":0,"term_taxonomy_id":101,"taxonomy":"brand","description":"","parent":0,"count":73,"filter":"raw"}],"product_cat":[96,20,89],"product_tag":[],"class_list":{"0":"post-6243","1":"product","2":"type-product","3":"status-publish","4":"has-post-thumbnail","6":"brand-natural-greatness","7":"product_cat-todos-los-productos","8":"product_cat-perros","9":"product_cat-comida-humeda-para-perros","11":"first","12":"instock","13":"taxable","14":"shipping-taxable","15":"purchasable","16":"product-type-simple"},"jetpack_sharing_enabled":true,"_links":{"self":[{"href":"https:\/\/familycancat.com\/en\/wp-json\/wp\/v2\/product\/6243","targetHints":{"allow":["GET"]}}],"collection":[{"href":"https:\/\/familycancat.com\/en\/wp-json\/wp\/v2\/product"}],"about":[{"href":"https:\/\/familycancat.com\/en\/wp-json\/wp\/v2\/types\/product"}],"version-history":[{"count":2,"href":"https:\/\/familycancat.com\/en\/wp-json\/wp\/v2\/product\/6243\/revisions"}],"predecessor-version":[{"id":6358,"href":"https:\/\/familycancat.com\/en\/wp-json\/wp\/v2\/product\/6243\/revisions\/6358"}],"wp:featuredmedia":[{"embeddable":true,"href":"https:\/\/familycancat.com\/en\/wp-json\/wp\/v2\/media\/6356"}],"wp:attachment":[{"href":"https:\/\/familycancat.com\/en\/wp-json\/wp\/v2\/media?parent=6243"}],"wp:term":[{"taxonomy":"brand","embeddable":true,"href":"https:\/\/familycancat.com\/en\/wp-json\/wp\/v2\/etheme_brands?post=6243"},{"taxonomy":"product_cat","embeddable":true,"href":"https:\/\/familycancat.com\/en\/wp-json\/wp\/v2\/product_cat?post=6243"},{"taxonomy":"product_tag","embeddable":true,"href":"https:\/\/familycancat.com\/en\/wp-json\/wp\/v2\/product_tag?post=6243"}],"curies":[{"name":"wp","href":"https:\/\/api.w.org\/{rel}","templated":true}]}}