{"id":6242,"date":"2024-12-20T07:51:02","date_gmt":"2024-12-20T06:51:02","guid":{"rendered":"https:\/\/familycancat.com\/producto\/ng-lata-pato-y-conejo-con-tomate-manzana-y-semillas-de-hinojo-400gr\/"},"modified":"2026-04-06T11:45:04","modified_gmt":"2026-04-06T10:45:04","slug":"ng-lata-pato-y-conejo-con-tomate-manzana-y-semillas-de-hinojo-400gr","status":"publish","type":"product","link":"https:\/\/familycancat.com\/en\/product\/ng-lata-pato-y-conejo-con-tomate-manzana-y-semillas-de-hinojo-400gr\/","title":{"rendered":"Natural Greatness Pato y Conejo con Manzana 400 gr"},"content":{"rendered":"<p>Natural Greatness PATO Y CONEJO CON TOMATE, MANZANA Y SEMILLAS DE HINOJO es una excelente receta h\u00fameda completa, ultra premium e hipoalerg\u00e9nica, formulada sin cereales y desarrollada idealmente para perros adultos. Este alimento h\u00famedo posee una alta palatabilidad gracias a la gran calidad de sus ingredientes, entre los que destaca la carne de conejo y pato, carnes blancas bajas en grasa que hacen de esta una receta LIGHT, recomendada para perros que necesiten un menor aporte de carbohidratos. Adem\u00e1s, esta receta incluye en su composici\u00f3n super-alimentos tales como manzana, tomate y semillas de hinojo, que mejoran el sabor y aportan vitaminas y minerales extra para completar esta rica y nutritiva receta.<\/p>\n<p>Composici\u00f3n: Pato (30%), Conejo (26%), Tomate (2%), Manzana (2%), Semillas de hinojo (0,1%).<\/p>\n<p>Componentes anal\u00edticos: Prote\u00edna bruta 8,1%, Fibra bruta 1%, Grasas 4,7%, Ceniza bruta 2,3%, Humedad 83,7%.<\/p>\n<p>Energ\u00eda metabolizable: 703 kcal\/kg.<\/p>\n<p>Formato: Lata de 400 gramos.<\/p>\n<p>Tipo de textura: Carne triturada con trocitos de tomate, manzana y semillas de hinojo.<\/p>","protected":false},"excerpt":{"rendered":"<p>Las\u00a0recetas Natural Greatness est\u00e1n hechas para satisfacer el apetito de tu amigo de cuatro patas, a la vez que posee elementos muy nutritivos. Esta lata contiene rico melocot\u00f3n, exquisita manzana, junto con\u00a0dos combinaciones de carne: conejo y pato, los cuales aportan prote\u00ednas que son beneficiosas en perros con m\u00e1s actividad ya que cubren mucho mejor sus necesidades metab\u00f3licas.<\/p>","protected":false},"featured_media":6360,"template":"","meta":[],"etheme_brands":[{"term_id":101,"name":"NATURAL GREATNESS","slug":"natural-greatness","term_group":0,"term_taxonomy_id":101,"taxonomy":"brand","description":"","parent":0,"count":73,"filter":"raw"}],"product_cat":[96,20,89],"product_tag":[],"class_list":{"0":"post-6242","1":"product","2":"type-product","3":"status-publish","4":"has-post-thumbnail","6":"brand-natural-greatness","7":"product_cat-todos-los-productos","8":"product_cat-perros","9":"product_cat-comida-humeda-para-perros","11":"first","12":"instock","13":"taxable","14":"shipping-taxable","15":"purchasable","16":"product-type-simple"},"jetpack_sharing_enabled":true,"_links":{"self":[{"href":"https:\/\/familycancat.com\/en\/wp-json\/wp\/v2\/product\/6242","targetHints":{"allow":["GET"]}}],"collection":[{"href":"https:\/\/familycancat.com\/en\/wp-json\/wp\/v2\/product"}],"about":[{"href":"https:\/\/familycancat.com\/en\/wp-json\/wp\/v2\/types\/product"}],"version-history":[{"count":2,"href":"https:\/\/familycancat.com\/en\/wp-json\/wp\/v2\/product\/6242\/revisions"}],"predecessor-version":[{"id":6361,"href":"https:\/\/familycancat.com\/en\/wp-json\/wp\/v2\/product\/6242\/revisions\/6361"}],"wp:featuredmedia":[{"embeddable":true,"href":"https:\/\/familycancat.com\/en\/wp-json\/wp\/v2\/media\/6360"}],"wp:attachment":[{"href":"https:\/\/familycancat.com\/en\/wp-json\/wp\/v2\/media?parent=6242"}],"wp:term":[{"taxonomy":"brand","embeddable":true,"href":"https:\/\/familycancat.com\/en\/wp-json\/wp\/v2\/etheme_brands?post=6242"},{"taxonomy":"product_cat","embeddable":true,"href":"https:\/\/familycancat.com\/en\/wp-json\/wp\/v2\/product_cat?post=6242"},{"taxonomy":"product_tag","embeddable":true,"href":"https:\/\/familycancat.com\/en\/wp-json\/wp\/v2\/product_tag?post=6242"}],"curies":[{"name":"wp","href":"https:\/\/api.w.org\/{rel}","templated":true}]}}