{"id":6241,"date":"2024-12-20T07:51:02","date_gmt":"2024-12-20T06:51:02","guid":{"rendered":"https:\/\/familycancat.com\/producto\/ng-vacuno-con-cerdo-iberico-judias-verdes-boniato-y-arandanos-400gr\/"},"modified":"2026-03-26T19:02:48","modified_gmt":"2026-03-26T18:02:48","slug":"ng-vacuno-con-cerdo-iberico-judias-verdes-boniato-y-arandanos-400gr","status":"publish","type":"product","link":"https:\/\/familycancat.com\/en\/product\/ng-vacuno-con-cerdo-iberico-judias-verdes-boniato-y-arandanos-400gr\/","title":{"rendered":"Natural Greatness Vacuno, Cerdo Ib\u00e9rico y Jud\u00edas Verdes 400 Gr"},"content":{"rendered":"<p>Natural Greatness VACUNO CON CERDO IB\u00c9RICO, JUDIAS VERDES BONIATO Y AR\u00c1NDANOS es una excelente receta h\u00fameda completa, ultra premium e hipoalerg\u00e9nica, formulada sin cereales y desarrollada idealmente para cachorros y perros adultos. Este alimento contiene fuentes de prote\u00edna de alta calidad: vacuno, cerdo y cerdo ib\u00e9rico, con prote\u00ednas de alto valor biol\u00f3gico que proporcionan amino\u00e1cidos esenciales para el desarrollo y la salud muscular de los cachorros y perros adultos. Adem\u00e1s, la receta cuenta con la inclusi\u00f3n de superalimentos tales como jud\u00edas verdes, boniato, ar\u00e1ndanos rojos, los cuales aportan fibra natural para mejorar la digesti\u00f3n, vitaminas, minerales y carbohidratos saludables.<\/p>\n<p>Composici\u00f3n: Vacuno (26%), Cerdo (20%, 4% coraz\u00f3n de cerdo ib\u00e9rico), Caldo, Aceite de salm\u00f3n (2%), Jud\u00edas verdes (2%), Boniato, Sustancias minerales, Ar\u00e1ndano rojo.<\/p>\n<p>Componentes anal\u00edticos: Prote\u00edna bruta 6,4%, Fibra bruta 1%, Grasas 8,4%, Ceniza bruta 1,7%, Humedad 79%. Energ\u00eda metabolizable: 1059 Kcal\/kg.<\/p>\n<p>Formato: Lata de 400 gramos.<\/p>\n<p>Tipo de textura: Carne de vacuno, cerdo y cerdo ib\u00e9rico triturada con trocitos de jud\u00edas verdes, boniato y ar\u00e1ndanos.<\/p>","protected":false},"excerpt":{"rendered":"<p>Natural Greatness Vacuno con cerdo ib\u00e9rico, jud\u00edas verdes, boniato y ar\u00e1ndanos proporciona dos fuentes de prote\u00edna de alta calidad tanto para los cachorros como para los perros adultos. Gracias a la carne de cerdo ib\u00e9rico, rica en riboflavina, tiamina y glutamina, este alimento aporta grandes beneficios cardiovasculares.<\/p>","protected":false},"featured_media":6344,"template":"","meta":[],"etheme_brands":[{"term_id":101,"name":"NATURAL GREATNESS","slug":"natural-greatness","term_group":0,"term_taxonomy_id":101,"taxonomy":"brand","description":"","parent":0,"count":73,"filter":"raw"}],"product_cat":[96,20,88],"product_tag":[],"class_list":{"0":"post-6241","1":"product","2":"type-product","3":"status-publish","4":"has-post-thumbnail","6":"brand-natural-greatness","7":"product_cat-todos-los-productos","8":"product_cat-perros","9":"product_cat-pienso-para-perros","11":"first","12":"instock","13":"taxable","14":"shipping-taxable","15":"purchasable","16":"product-type-simple"},"jetpack_sharing_enabled":true,"_links":{"self":[{"href":"https:\/\/familycancat.com\/en\/wp-json\/wp\/v2\/product\/6241","targetHints":{"allow":["GET"]}}],"collection":[{"href":"https:\/\/familycancat.com\/en\/wp-json\/wp\/v2\/product"}],"about":[{"href":"https:\/\/familycancat.com\/en\/wp-json\/wp\/v2\/types\/product"}],"version-history":[{"count":2,"href":"https:\/\/familycancat.com\/en\/wp-json\/wp\/v2\/product\/6241\/revisions"}],"predecessor-version":[{"id":6346,"href":"https:\/\/familycancat.com\/en\/wp-json\/wp\/v2\/product\/6241\/revisions\/6346"}],"wp:featuredmedia":[{"embeddable":true,"href":"https:\/\/familycancat.com\/en\/wp-json\/wp\/v2\/media\/6344"}],"wp:attachment":[{"href":"https:\/\/familycancat.com\/en\/wp-json\/wp\/v2\/media?parent=6241"}],"wp:term":[{"taxonomy":"brand","embeddable":true,"href":"https:\/\/familycancat.com\/en\/wp-json\/wp\/v2\/etheme_brands?post=6241"},{"taxonomy":"product_cat","embeddable":true,"href":"https:\/\/familycancat.com\/en\/wp-json\/wp\/v2\/product_cat?post=6241"},{"taxonomy":"product_tag","embeddable":true,"href":"https:\/\/familycancat.com\/en\/wp-json\/wp\/v2\/product_tag?post=6241"}],"curies":[{"name":"wp","href":"https:\/\/api.w.org\/{rel}","templated":true}]}}