{"id":6240,"date":"2024-12-20T07:51:02","date_gmt":"2024-12-20T06:51:02","guid":{"rendered":"https:\/\/familycancat.com\/producto\/ng-diet-gastrointestinal-400gr\/"},"modified":"2026-04-06T18:47:22","modified_gmt":"2026-04-06T17:47:22","slug":"ng-diet-gastrointestinal-400gr","status":"publish","type":"product","link":"https:\/\/familycancat.com\/en\/product\/ng-diet-gastrointestinal-400gr\/","title":{"rendered":"Natural Greatness Gastrointestinal 400 Gr"},"content":{"rendered":"<p>Natural Greatness Gastrointestinal es un alimento h\u00famedo completo hipoalerg\u00e9nico y sin cereales formulado para perros j\u00fanior y perros adultos de todas las razas con diarrea aguda o cr\u00f3nica, enfermedad inflamatoria intestinal (EII), gastroenteritis, casos de mala digesti\u00f3n, colitis o anorexia. Para trastornos de absorci\u00f3n intestinal agudos, se recomienda emplear este alimento de 1 a 2 semanas. En patolog\u00edas digestivas cr\u00f3nicas, se requiere una nutrici\u00f3n diet\u00e9tica de por vida.<\/p>\n<p>Composici\u00f3n: Pavo (carne, coraz\u00f3n e h\u00edgado) (50%), Caldo de carne, Calabaza (10%), Aceite de Salm\u00f3n (0,5%), Minerales (1%), MOS (0,2%), Arcilla Medicinal (0,1%).<\/p>\n<p>Energ\u00eda metabolizable: 80 Kcal\/100 g.<\/p>\n<p>Componentes anal\u00edticos: Prote\u00edna bruta 8,3%, Grasas 3,6%, Cenizas brutas 1,9%, Fibra bruta 0,5%, Humedad 80%, Sodio 0,22%, Potasio 0,25%.<\/p>\n<p>Formato: Lata de 400 gramos.<\/p>","protected":false},"excerpt":{"rendered":"<p>Natural Greatness Gastrointestinal es un alimento h\u00famedo formulado para perros junior y adultos de todas las razas con diarrea aguda o cr\u00f3nica, enfermedad inflamatoria instestinal (EII), gastroenteritis, casos de mala digesti\u00f3n, colitis o anorexia.<\/p>","protected":false},"featured_media":6348,"template":"","meta":[],"etheme_brands":[{"term_id":101,"name":"NATURAL GREATNESS","slug":"natural-greatness","term_group":0,"term_taxonomy_id":101,"taxonomy":"brand","description":"","parent":0,"count":73,"filter":"raw"}],"product_cat":[96,20,89],"product_tag":[],"class_list":{"0":"post-6240","1":"product","2":"type-product","3":"status-publish","4":"has-post-thumbnail","6":"brand-natural-greatness","7":"product_cat-todos-los-productos","8":"product_cat-perros","9":"product_cat-comida-humeda-para-perros","11":"first","12":"instock","13":"taxable","14":"shipping-taxable","15":"purchasable","16":"product-type-simple"},"jetpack_sharing_enabled":true,"_links":{"self":[{"href":"https:\/\/familycancat.com\/en\/wp-json\/wp\/v2\/product\/6240","targetHints":{"allow":["GET"]}}],"collection":[{"href":"https:\/\/familycancat.com\/en\/wp-json\/wp\/v2\/product"}],"about":[{"href":"https:\/\/familycancat.com\/en\/wp-json\/wp\/v2\/types\/product"}],"version-history":[{"count":2,"href":"https:\/\/familycancat.com\/en\/wp-json\/wp\/v2\/product\/6240\/revisions"}],"predecessor-version":[{"id":6347,"href":"https:\/\/familycancat.com\/en\/wp-json\/wp\/v2\/product\/6240\/revisions\/6347"}],"wp:featuredmedia":[{"embeddable":true,"href":"https:\/\/familycancat.com\/en\/wp-json\/wp\/v2\/media\/6348"}],"wp:attachment":[{"href":"https:\/\/familycancat.com\/en\/wp-json\/wp\/v2\/media?parent=6240"}],"wp:term":[{"taxonomy":"brand","embeddable":true,"href":"https:\/\/familycancat.com\/en\/wp-json\/wp\/v2\/etheme_brands?post=6240"},{"taxonomy":"product_cat","embeddable":true,"href":"https:\/\/familycancat.com\/en\/wp-json\/wp\/v2\/product_cat?post=6240"},{"taxonomy":"product_tag","embeddable":true,"href":"https:\/\/familycancat.com\/en\/wp-json\/wp\/v2\/product_tag?post=6240"}],"curies":[{"name":"wp","href":"https:\/\/api.w.org\/{rel}","templated":true}]}}