{"id":6238,"date":"2024-12-20T07:51:02","date_gmt":"2024-12-20T06:51:02","guid":{"rendered":"https:\/\/familycancat.com\/producto\/ng-gato-atlantic-sea-15-kg\/"},"modified":"2025-11-27T17:57:31","modified_gmt":"2025-11-27T16:57:31","slug":"ng-gato-atlantic-sea-15-kg","status":"publish","type":"product","link":"https:\/\/familycancat.com\/en\/product\/ng-gato-atlantic-sea-15-kg\/","title":{"rendered":"Natural Greatness Cat Atlantic Sea 1,5 kg"},"content":{"rendered":"<p>Natural Greatness ATLANTIC SEA es una excelente receta ultra premium, hipoalerg\u00e9nica formulada sin cereales y desarrollada idealmente para satisfacer las necesidades nutricionales de gatos adultos, adultos esterilizados y senior. Esta receta incorpora altos porcentajes de salm\u00f3n fresco para aportar una proporci\u00f3n adecuada de \u00e1cidos grasos omega-3 y omega-6 como soporte al buen mantenimiento del equilibrio l\u00edpido, lo que se traduce en una piel sana y un pelo brillante. Adem\u00e1s, es un alimento baja en calor\u00edas que ayuda a mantener al gato sano y en su peso ideal. Sus altos niveles de prote\u00ednas de alta calidad favorecen el tr\u00e1nsito intestinal, ayudan a mejorar el sistema inmunitario del gato, as\u00ed como a optimizar el nivel de pH urinario.<\/p>\n<p>Composici\u00f3n: Salmon fresco 40%, Carne deshidratada de pollo 30%, Patata, Pulpa de manzana, Fibra Vegetal, Guisantes, Hidrolizado de h\u00edgado de Pollo 2,2%, Levadura de Cerveza, Pulpa de remolacha, Aceite de Pollo 2%, Hierba Psyllium, Huevo entero deshidratado 0,35%, Minerales, Pera y Ar\u00e1ndanos, Espinacas, Zanahoria, Calabaza, Algas, Inulina (FOS), Manano- oligosac\u00e1ridos (MOS), Romero, Menta de gato (1.000 mg\/kg), Perejil, Glucosamina, Condroitina, Yucca schidigera.<\/p>\n<p>Componentes anal\u00edticos: Prote\u00edna bruta (37%), Aceites y grasas brutas (13%), Fibra bruta (5,5%), Ceniza bruta (9%), Calcio (1,7%), F\u00f3sforo (1,2%), Magnesio (0,1%), \u00c1cidos grasos omega 3 (1,4%), \u00c1cidos grasos omega 6 (1,2%), EPA+DHA (0,7%), Taurina 1.000 mg\/kg, Metionina 1.000 mg\/kg.<\/p>\n<p>Energ\u00eda metabolizable: 3.625 Kcal\/kg.<\/p>\n<p>Formatos: 1,5 kg y 5 kg.<\/p>","protected":false},"excerpt":{"rendered":"<p>Natural Greatness Cat Atlantic sea es una excelente receta hipoalerg\u00e9nica indicada para gatos adultos, adultos esterilizados y seniors, elaborada sin cereales y con altos porcentajes de salm\u00f3n fresco para aportar una proporci\u00f3n adecuada de \u00e1cidos grasos como soporte al buen mantenimiento del equilibrio l\u00edpido, lo que se traduce en una piel sana y un pelo brillante.<\/p>","protected":false},"featured_media":6378,"template":"","meta":[],"etheme_brands":[{"term_id":101,"name":"NATURAL GREATNESS","slug":"natural-greatness","term_group":0,"term_taxonomy_id":101,"taxonomy":"brand","description":"","parent":0,"count":73,"filter":"raw"}],"product_cat":[96,25,21],"product_tag":[],"class_list":{"0":"post-6238","1":"product","2":"type-product","3":"status-publish","4":"has-post-thumbnail","6":"brand-natural-greatness","7":"product_cat-todos-los-productos","8":"product_cat-gatos","9":"product_cat-pienso-gatos","11":"first","12":"instock","13":"taxable","14":"shipping-taxable","15":"purchasable","16":"product-type-simple"},"jetpack_sharing_enabled":true,"_links":{"self":[{"href":"https:\/\/familycancat.com\/en\/wp-json\/wp\/v2\/product\/6238","targetHints":{"allow":["GET"]}}],"collection":[{"href":"https:\/\/familycancat.com\/en\/wp-json\/wp\/v2\/product"}],"about":[{"href":"https:\/\/familycancat.com\/en\/wp-json\/wp\/v2\/types\/product"}],"version-history":[{"count":2,"href":"https:\/\/familycancat.com\/en\/wp-json\/wp\/v2\/product\/6238\/revisions"}],"predecessor-version":[{"id":6379,"href":"https:\/\/familycancat.com\/en\/wp-json\/wp\/v2\/product\/6238\/revisions\/6379"}],"wp:featuredmedia":[{"embeddable":true,"href":"https:\/\/familycancat.com\/en\/wp-json\/wp\/v2\/media\/6378"}],"wp:attachment":[{"href":"https:\/\/familycancat.com\/en\/wp-json\/wp\/v2\/media?parent=6238"}],"wp:term":[{"taxonomy":"brand","embeddable":true,"href":"https:\/\/familycancat.com\/en\/wp-json\/wp\/v2\/etheme_brands?post=6238"},{"taxonomy":"product_cat","embeddable":true,"href":"https:\/\/familycancat.com\/en\/wp-json\/wp\/v2\/product_cat?post=6238"},{"taxonomy":"product_tag","embeddable":true,"href":"https:\/\/familycancat.com\/en\/wp-json\/wp\/v2\/product_tag?post=6238"}],"curies":[{"name":"wp","href":"https:\/\/api.w.org\/{rel}","templated":true}]}}