{"id":6237,"date":"2024-12-20T07:51:02","date_gmt":"2024-12-20T06:51:02","guid":{"rendered":"https:\/\/familycancat.com\/producto\/ng-lata-gato-codorniz-con-rinones-de-cerdo-zanahorias-judias-y-tomillo-185gr\/"},"modified":"2026-01-07T20:13:08","modified_gmt":"2026-01-07T19:13:08","slug":"ng-lata-gato-codorniz-con-rinones-de-cerdo-zanahorias-judias-y-tomillo-185gr","status":"publish","type":"product","link":"https:\/\/familycancat.com\/en\/product\/ng-lata-gato-codorniz-con-rinones-de-cerdo-zanahorias-judias-y-tomillo-185gr\/","title":{"rendered":"Natural Greatness Codorniz con Ri\u00f1ones de Cerdo 170 GR"},"content":{"rendered":"<p>Natural Greatness CODORNIZ CON RI\u00d1ONES DE CERDO, ZANAHORIAS, JUD\u00cdAS Y TOMILLO es una excelente receta h\u00fameda completa, ultra premium e hipoalerg\u00e9nica formulada sin cereales y desarrollada idealmente para gatos adultos esterilizados y gatos adultos con un estilo de vida sedentario que requieran de una dieta baja en carbohidratos. Esta receta incorpora carne de codorniz y de cerdo, dos fuentes de prote\u00ednas de alto valor biol\u00f3gico con una gran palatabilidad, ideal para gatos con falta de apetito. Tambi\u00e9n contiene una cantidad equilibrada de minerales que fomentan una funci\u00f3n urinaria sana.<\/p>\n<p>Composici\u00f3n: Codorniz (40%), Ri\u00f1ones de cerdo (10%), Zanahorias (2%), Jud\u00edas (2%), Sustancias minerales, Tomillo (0,1%).<\/p>\n<p>Componentes anal\u00edticos: Prote\u00edna bruta 8,7%, Fibra bruta 0,8%, Grasas 6,2%, Ceniza bruta 2,8%, Humedad 80,9%.<\/p>\n<p>Energ\u00eda metabolizable: 891 kcal\/kg.<\/p>\n<p>Formato: Lata de 170 gramos.<\/p>\n<p>Tipo de textura: Carne triturada de codorniz y ri\u00f1ones de cerdo con trocitos de zanahoria, jud\u00edas y tomillo.<\/p>","protected":false},"excerpt":{"rendered":"<p>Con ingredientes aptos para consumo humano y libres de cereales, sin conservantes, sin colorantes ni saborizantes artificiales.<\/p>\n<p>Por su composici\u00f3n y balance nutricional es una lata completa, es decir, puede sustituir al pienso en per\u00edodos concretos como postoperatorios, inapetencias o por preferir alimentar a tu gato de una forma m\u00e1s natural con m\u00e1s hidrataci\u00f3n extra.<\/p>","protected":false},"featured_media":6329,"template":"","meta":[],"etheme_brands":[{"term_id":101,"name":"NATURAL GREATNESS","slug":"natural-greatness","term_group":0,"term_taxonomy_id":101,"taxonomy":"brand","description":"","parent":0,"count":73,"filter":"raw"}],"product_cat":[96,25,83],"product_tag":[],"class_list":{"0":"post-6237","1":"product","2":"type-product","3":"status-publish","4":"has-post-thumbnail","6":"brand-natural-greatness","7":"product_cat-todos-los-productos","8":"product_cat-gatos","9":"product_cat-comida-humeda-para-gatos","11":"first","12":"instock","13":"taxable","14":"shipping-taxable","15":"purchasable","16":"product-type-simple"},"jetpack_sharing_enabled":true,"_links":{"self":[{"href":"https:\/\/familycancat.com\/en\/wp-json\/wp\/v2\/product\/6237","targetHints":{"allow":["GET"]}}],"collection":[{"href":"https:\/\/familycancat.com\/en\/wp-json\/wp\/v2\/product"}],"about":[{"href":"https:\/\/familycancat.com\/en\/wp-json\/wp\/v2\/types\/product"}],"version-history":[{"count":2,"href":"https:\/\/familycancat.com\/en\/wp-json\/wp\/v2\/product\/6237\/revisions"}],"predecessor-version":[{"id":6330,"href":"https:\/\/familycancat.com\/en\/wp-json\/wp\/v2\/product\/6237\/revisions\/6330"}],"wp:featuredmedia":[{"embeddable":true,"href":"https:\/\/familycancat.com\/en\/wp-json\/wp\/v2\/media\/6329"}],"wp:attachment":[{"href":"https:\/\/familycancat.com\/en\/wp-json\/wp\/v2\/media?parent=6237"}],"wp:term":[{"taxonomy":"brand","embeddable":true,"href":"https:\/\/familycancat.com\/en\/wp-json\/wp\/v2\/etheme_brands?post=6237"},{"taxonomy":"product_cat","embeddable":true,"href":"https:\/\/familycancat.com\/en\/wp-json\/wp\/v2\/product_cat?post=6237"},{"taxonomy":"product_tag","embeddable":true,"href":"https:\/\/familycancat.com\/en\/wp-json\/wp\/v2\/product_tag?post=6237"}],"curies":[{"name":"wp","href":"https:\/\/api.w.org\/{rel}","templated":true}]}}