{"id":6228,"date":"2024-12-20T07:51:01","date_gmt":"2024-12-20T06:51:01","guid":{"rendered":"https:\/\/familycancat.com\/producto\/weso-caldo-de-hueso-pollo-400ml\/"},"modified":"2026-04-08T10:49:17","modified_gmt":"2026-04-08T09:49:17","slug":"weso-caldo-de-hueso-pollo-400ml","status":"publish","type":"product","link":"https:\/\/familycancat.com\/en\/product\/weso-caldo-de-hueso-pollo-400ml\/","title":{"rendered":"Weso Caldo de Huesos de Gallina 400 Ml"},"content":{"rendered":"<p>El caldo de huesos para perros y gatos es un superalimento repleto de col\u00e1geno, amino\u00e1cidos y otros nutrientes extra\u00eddos de huesos y articulaciones de forma natural mediante cocciones prolongadas de m\u00e1s de 20 horas. Ideal como complemento a cualquier tipo de dieta, muy digestivo y delicioso.<\/p>\n<p>Su sabor a carne lo convierte en el complemento perfecto a cualquier tipo de dieta, ya que es muy bajo en calor\u00edas (solo 16 kcal por 100 ml), no tiene sal ni aditivos.<\/p>\n<p>Se puede usar para hidratar el pienso seco, directamente para beber o como complemento a cualquier tipo de dieta. Elaborado s\u00f3lo con agua y huesos frescos de gallinas camperas.<\/p>\n<p>Dosis recomendada:<\/p>\n<p>&#8211; De 2 a 10 kg: 50-100 ml al d\u00eda.<\/p>\n<p>&#8211; De 11 a 25 Kg: 110-150 ml al d\u00eda.<\/p>\n<p>&#8211; De 26 a 50 kg: 160-300 ml al d\u00eda.<\/p>","protected":false},"excerpt":{"rendered":"<p>El caldo de huesos para perros y gatos es un superalimento repleto de col\u00e1geno, amino\u00e1cidos y otros nutrientes extra\u00eddos de huesos y articulaciones de forma&#8230;<\/p>","protected":false},"featured_media":6375,"template":"","meta":[],"etheme_brands":[{"term_id":108,"name":"WESO","slug":"weso","term_group":0,"term_taxonomy_id":108,"taxonomy":"brand","description":"","parent":0,"count":4,"filter":"raw"}],"product_cat":[96,20,126,25,83,135],"product_tag":[],"class_list":{"0":"post-6228","1":"product","2":"type-product","3":"status-publish","4":"has-post-thumbnail","6":"brand-weso","7":"product_cat-todos-los-productos","8":"product_cat-perros","9":"product_cat-complementos-y-suplementos","10":"product_cat-gatos","11":"product_cat-comida-humeda-para-gatos","12":"product_cat-complementos-y-suplementos-gatos","14":"first","15":"instock","16":"taxable","17":"shipping-taxable","18":"purchasable","19":"product-type-simple"},"jetpack_sharing_enabled":true,"_links":{"self":[{"href":"https:\/\/familycancat.com\/en\/wp-json\/wp\/v2\/product\/6228","targetHints":{"allow":["GET"]}}],"collection":[{"href":"https:\/\/familycancat.com\/en\/wp-json\/wp\/v2\/product"}],"about":[{"href":"https:\/\/familycancat.com\/en\/wp-json\/wp\/v2\/types\/product"}],"version-history":[{"count":2,"href":"https:\/\/familycancat.com\/en\/wp-json\/wp\/v2\/product\/6228\/revisions"}],"predecessor-version":[{"id":6376,"href":"https:\/\/familycancat.com\/en\/wp-json\/wp\/v2\/product\/6228\/revisions\/6376"}],"wp:featuredmedia":[{"embeddable":true,"href":"https:\/\/familycancat.com\/en\/wp-json\/wp\/v2\/media\/6375"}],"wp:attachment":[{"href":"https:\/\/familycancat.com\/en\/wp-json\/wp\/v2\/media?parent=6228"}],"wp:term":[{"taxonomy":"brand","embeddable":true,"href":"https:\/\/familycancat.com\/en\/wp-json\/wp\/v2\/etheme_brands?post=6228"},{"taxonomy":"product_cat","embeddable":true,"href":"https:\/\/familycancat.com\/en\/wp-json\/wp\/v2\/product_cat?post=6228"},{"taxonomy":"product_tag","embeddable":true,"href":"https:\/\/familycancat.com\/en\/wp-json\/wp\/v2\/product_tag?post=6228"}],"curies":[{"name":"wp","href":"https:\/\/api.w.org\/{rel}","templated":true}]}}