{"id":6211,"date":"2024-12-20T07:51:00","date_gmt":"2024-12-20T06:51:00","guid":{"rendered":"https:\/\/familycancat.com\/producto\/alpha-s-pienso-wild-fish-12kg\/"},"modified":"2026-03-18T13:11:58","modified_gmt":"2026-03-18T12:11:58","slug":"alpha-s-pienso-wild-fish-12kg","status":"publish","type":"product","link":"https:\/\/familycancat.com\/en\/product\/alpha-s-pienso-wild-fish-12kg\/","title":{"rendered":"Alpha Spirit Wild Fish 12 Kg"},"content":{"rendered":"<p>THE ONLY ONE by Alpha Spirit est\u00e1 listo para deleitar a tu MEJOR amigo de una forma tradicional.<\/p>\n<p>Libre de cereales, libre de gluten y libre de harinas c\u00e1rnicas, de fabricaci\u00f3n propia, empleando ingredientes naturales y frescos de categor\u00eda alimentaria humana. Lo m\u00e1s importante es que esta comida NO EST\u00c1 EXTRUSIONADA.<\/p>\n<p>Como siempre, cocinar productos naturales para su MEJOR amigo es lo esencial para nosotros. Con una alimentaci\u00f3n m\u00e1s natural, su perro estar\u00e1 lleno de energ\u00eda, saludable y \u00a1Con un hermoso y brillante pelaje!<\/p>\n<p>Este producto ha sido elaborado con pescado fresco entero. Para producir 1 kg de este alimento para mascotas completo para perros, hemos utilizado 3,1 kg de pescado fresco. Nuestros ingredientes frescos se cocinan a baja temperatura, conservando todos sus nutrientes, vitaminas y minerales. Este producto no contiene grasas a\u00f1adidas, y no contiene granos ni gluten.<\/p>\n<p>85% pescado entero fresco (alacha (Sardinella aurita), caballa (Scomber scombrus), jurel (Trachurus spp.), sardina (Sardina pilchardus)), almid\u00f3n hidrolizado, cart\u00edlago hidrolizado, huevos, pulpa de Beta Vulgaris, levadura de cerveza (Saccharomyces cerevisiae), calabaza, pera, pi\u00f1a tomillo (Thymus vulgaris), cilantro (Coriandrum sativum), comino (Cuminum cyminum), c\u00farcuma (Curcuma longa).<\/p>","protected":false},"excerpt":{"rendered":"<p>Alimento seco para perros adultos Alpha Spirit Wild Fish 12 Kg.<\/p>\n<p>F\u00f3rmula fabricada con pescado fresco, sin grano, sin gluten y sin harinas de pescado.<\/p>","protected":false},"featured_media":6616,"template":"","meta":[],"etheme_brands":[{"term_id":97,"name":"ALPHA SPIRIT","slug":"alpha-spirit","term_group":0,"term_taxonomy_id":97,"taxonomy":"brand","description":"","parent":0,"count":36,"filter":"raw"}],"product_cat":[96,20,88],"product_tag":[],"class_list":{"0":"post-6211","1":"product","2":"type-product","3":"status-publish","4":"has-post-thumbnail","6":"brand-alpha-spirit","7":"product_cat-todos-los-productos","8":"product_cat-perros","9":"product_cat-pienso-para-perros","11":"first","12":"instock","13":"taxable","14":"shipping-taxable","15":"purchasable","16":"product-type-simple"},"jetpack_sharing_enabled":true,"_links":{"self":[{"href":"https:\/\/familycancat.com\/en\/wp-json\/wp\/v2\/product\/6211","targetHints":{"allow":["GET"]}}],"collection":[{"href":"https:\/\/familycancat.com\/en\/wp-json\/wp\/v2\/product"}],"about":[{"href":"https:\/\/familycancat.com\/en\/wp-json\/wp\/v2\/types\/product"}],"version-history":[{"count":2,"href":"https:\/\/familycancat.com\/en\/wp-json\/wp\/v2\/product\/6211\/revisions"}],"predecessor-version":[{"id":6617,"href":"https:\/\/familycancat.com\/en\/wp-json\/wp\/v2\/product\/6211\/revisions\/6617"}],"wp:featuredmedia":[{"embeddable":true,"href":"https:\/\/familycancat.com\/en\/wp-json\/wp\/v2\/media\/6616"}],"wp:attachment":[{"href":"https:\/\/familycancat.com\/en\/wp-json\/wp\/v2\/media?parent=6211"}],"wp:term":[{"taxonomy":"brand","embeddable":true,"href":"https:\/\/familycancat.com\/en\/wp-json\/wp\/v2\/etheme_brands?post=6211"},{"taxonomy":"product_cat","embeddable":true,"href":"https:\/\/familycancat.com\/en\/wp-json\/wp\/v2\/product_cat?post=6211"},{"taxonomy":"product_tag","embeddable":true,"href":"https:\/\/familycancat.com\/en\/wp-json\/wp\/v2\/product_tag?post=6211"}],"curies":[{"name":"wp","href":"https:\/\/api.w.org\/{rel}","templated":true}]}}