{"id":6201,"date":"2024-12-20T07:51:00","date_gmt":"2024-12-20T06:51:00","guid":{"rendered":"https:\/\/familycancat.com\/producto\/alpha-s-lata-conejo-con-platano-400gr\/"},"modified":"2026-04-08T11:17:37","modified_gmt":"2026-04-08T10:17:37","slug":"alpha-s-lata-conejo-con-platano-400gr","status":"publish","type":"product","link":"https:\/\/familycancat.com\/en\/product\/alpha-s-lata-conejo-con-platano-400gr\/","title":{"rendered":"Alpha Spirit Conejo con Platano 400 GR"},"content":{"rendered":"<p>El Alimento H\u00famedo Completo para Perros adultos est\u00e1 preparado con materias primas de alta calidad, un producto para una alimentaci\u00f3n balanceada, saludable y llena de sabor.<\/p>\n<p>La carne utilizada en la preparaci\u00f3n del producto proviene del exceso de producci\u00f3n para el consumo humano, lo que reduce el impacto ambiental y protege el bienestar de los animales.<\/p>\n<p>Composici\u00f3n:<br \/>\nPollo 63% (carne, h\u00edgado, coraz\u00f3n), conejo 30% (carne, h\u00edgado, coraz\u00f3n), pl\u00e1tano 4%, gelatina, pulpa remolacha molida, especias y minerales.<\/p>\n<p>Aditivos nutricionales: 30 mg\/kg \u00f3xido de zinc, glucosamina 200 mg\/kg, condroit\u00edn sulfato 200mg\/kg.<\/p>\n<p>*Pueden contener trazas de otras prote\u00ednas animales.<\/p>","protected":false},"excerpt":{"rendered":"<p>Delicioso pat\u00e9 hecho de carne picada para perros adultos de todas las razas. Enriquecido con peque\u00f1os bocados de fruta fresca.<\/p>","protected":false},"featured_media":6640,"template":"","meta":[],"etheme_brands":[{"term_id":97,"name":"ALPHA SPIRIT","slug":"alpha-spirit","term_group":0,"term_taxonomy_id":97,"taxonomy":"brand","description":"","parent":0,"count":36,"filter":"raw"}],"product_cat":[96,20,89],"product_tag":[],"class_list":{"0":"post-6201","1":"product","2":"type-product","3":"status-publish","4":"has-post-thumbnail","6":"brand-alpha-spirit","7":"product_cat-todos-los-productos","8":"product_cat-perros","9":"product_cat-comida-humeda-para-perros","11":"first","12":"instock","13":"taxable","14":"shipping-taxable","15":"purchasable","16":"product-type-simple"},"jetpack_sharing_enabled":true,"_links":{"self":[{"href":"https:\/\/familycancat.com\/en\/wp-json\/wp\/v2\/product\/6201","targetHints":{"allow":["GET"]}}],"collection":[{"href":"https:\/\/familycancat.com\/en\/wp-json\/wp\/v2\/product"}],"about":[{"href":"https:\/\/familycancat.com\/en\/wp-json\/wp\/v2\/types\/product"}],"version-history":[{"count":2,"href":"https:\/\/familycancat.com\/en\/wp-json\/wp\/v2\/product\/6201\/revisions"}],"predecessor-version":[{"id":6562,"href":"https:\/\/familycancat.com\/en\/wp-json\/wp\/v2\/product\/6201\/revisions\/6562"}],"wp:featuredmedia":[{"embeddable":true,"href":"https:\/\/familycancat.com\/en\/wp-json\/wp\/v2\/media\/6640"}],"wp:attachment":[{"href":"https:\/\/familycancat.com\/en\/wp-json\/wp\/v2\/media?parent=6201"}],"wp:term":[{"taxonomy":"brand","embeddable":true,"href":"https:\/\/familycancat.com\/en\/wp-json\/wp\/v2\/etheme_brands?post=6201"},{"taxonomy":"product_cat","embeddable":true,"href":"https:\/\/familycancat.com\/en\/wp-json\/wp\/v2\/product_cat?post=6201"},{"taxonomy":"product_tag","embeddable":true,"href":"https:\/\/familycancat.com\/en\/wp-json\/wp\/v2\/product_tag?post=6201"}],"curies":[{"name":"wp","href":"https:\/\/api.w.org\/{rel}","templated":true}]}}