{"id":6197,"date":"2024-12-20T07:51:00","date_gmt":"2024-12-20T06:51:00","guid":{"rendered":"https:\/\/familycancat.com\/producto\/alpha-s-lata-jamon-con-melon-400gr\/"},"modified":"2026-03-31T16:49:26","modified_gmt":"2026-03-31T15:49:26","slug":"alpha-s-lata-jamon-con-melon-400gr","status":"publish","type":"product","link":"https:\/\/familycancat.com\/en\/product\/alpha-s-lata-jamon-con-melon-400gr\/","title":{"rendered":"Alpha Spirit Jam\u00f3n con Mel\u00f3n 400 Gr"},"content":{"rendered":"<p>Alpha Spirit Jam\u00f3n con Mel\u00f3n es un Alimento H\u00famedo Completo para Perros adultos ,preparado con materias primas de alta calidad, un producto para una alimentaci\u00f3n balanceada, saludable y llena de sabor.<\/p>\n<p>Un pat\u00e9 delicioso hecho de carne picada para\u00a0perros adultos de todas las razas.\u00a0Enriquecido con peque\u00f1os bocados de fruta fresca.\u00a0Formulado con una sola prote\u00edna animal.<\/p>","protected":false},"excerpt":{"rendered":"<p>Alpha Spirit Jam\u00f3n con Mel\u00f3n es un Alimento H\u00famedo Completo para Perros adultos ,preparado con materias primas de alta calidad, un producto para una alimentaci\u00f3n balanceada, saludable y llena de sabor.<\/p>\n<p>Un pat\u00e9 delicioso hecho de carne picada para\u00a0perros adultos de todas las razas.\u00a0Enriquecido con peque\u00f1os bocados de fruta fresca.\u00a0Formulado con una sola prote\u00edna animal.<\/p>","protected":false},"featured_media":6576,"template":"","meta":[],"etheme_brands":[{"term_id":97,"name":"ALPHA SPIRIT","slug":"alpha-spirit","term_group":0,"term_taxonomy_id":97,"taxonomy":"brand","description":"","parent":0,"count":36,"filter":"raw"}],"product_cat":[96,20,89],"product_tag":[],"class_list":{"0":"post-6197","1":"product","2":"type-product","3":"status-publish","4":"has-post-thumbnail","6":"brand-alpha-spirit","7":"product_cat-todos-los-productos","8":"product_cat-perros","9":"product_cat-comida-humeda-para-perros","11":"first","12":"instock","13":"taxable","14":"shipping-taxable","15":"purchasable","16":"product-type-simple"},"jetpack_sharing_enabled":true,"_links":{"self":[{"href":"https:\/\/familycancat.com\/en\/wp-json\/wp\/v2\/product\/6197","targetHints":{"allow":["GET"]}}],"collection":[{"href":"https:\/\/familycancat.com\/en\/wp-json\/wp\/v2\/product"}],"about":[{"href":"https:\/\/familycancat.com\/en\/wp-json\/wp\/v2\/types\/product"}],"version-history":[{"count":3,"href":"https:\/\/familycancat.com\/en\/wp-json\/wp\/v2\/product\/6197\/revisions"}],"predecessor-version":[{"id":6578,"href":"https:\/\/familycancat.com\/en\/wp-json\/wp\/v2\/product\/6197\/revisions\/6578"}],"wp:featuredmedia":[{"embeddable":true,"href":"https:\/\/familycancat.com\/en\/wp-json\/wp\/v2\/media\/6576"}],"wp:attachment":[{"href":"https:\/\/familycancat.com\/en\/wp-json\/wp\/v2\/media?parent=6197"}],"wp:term":[{"taxonomy":"brand","embeddable":true,"href":"https:\/\/familycancat.com\/en\/wp-json\/wp\/v2\/etheme_brands?post=6197"},{"taxonomy":"product_cat","embeddable":true,"href":"https:\/\/familycancat.com\/en\/wp-json\/wp\/v2\/product_cat?post=6197"},{"taxonomy":"product_tag","embeddable":true,"href":"https:\/\/familycancat.com\/en\/wp-json\/wp\/v2\/product_tag?post=6197"}],"curies":[{"name":"wp","href":"https:\/\/api.w.org\/{rel}","templated":true}]}}