{"id":6193,"date":"2024-12-20T07:51:00","date_gmt":"2024-12-20T06:51:00","guid":{"rendered":"https:\/\/familycancat.com\/producto\/alpha-s-albondigas-javali-y-tomillo-400gr\/"},"modified":"2025-12-29T18:51:22","modified_gmt":"2025-12-29T17:51:22","slug":"alpha-s-albondigas-javali-y-tomillo-400gr","status":"publish","type":"product","link":"https:\/\/familycancat.com\/en\/product\/alpha-s-albondigas-javali-y-tomillo-400gr\/","title":{"rendered":"Alpha Spirit Alb\u00f3ndigas Jabal\u00ed y Tomillo 400 Gr"},"content":{"rendered":"<p>Composici\u00f3n:<br \/>\nCarne 80% (carne de pollo 40%, carne de cerdo 30%, carne de jabal\u00ed 10%), almid\u00f3n de patata, zanahoria, calabaza, acelga, pimiento rojo, gelatina, fibra de remolacha, tomillo (0,5%) y minerales.<\/p>\n<p>Aditivos: Aditivos nutr<\/p>","protected":false},"excerpt":{"rendered":"<p>Alpha Spirit alb\u00f3ndigas de jabal\u00ed y tomillo. Alimento completo para perros adultos.<\/p>\n<p>Composici\u00f3n: 70% carne de pollo, 10% carne de jabal\u00ed, almid\u00f3n de patata, prote\u00edna de guisante, tomillo, minerales, aceite de oliva virgen extra.<\/p>","protected":false},"featured_media":6402,"template":"","meta":[],"etheme_brands":[{"term_id":97,"name":"ALPHA SPIRIT","slug":"alpha-spirit","term_group":0,"term_taxonomy_id":97,"taxonomy":"brand","description":"","parent":0,"count":36,"filter":"raw"}],"product_cat":[96,20,89],"product_tag":[],"class_list":{"0":"post-6193","1":"product","2":"type-product","3":"status-publish","4":"has-post-thumbnail","6":"brand-alpha-spirit","7":"product_cat-todos-los-productos","8":"product_cat-perros","9":"product_cat-comida-humeda-para-perros","11":"first","12":"instock","13":"taxable","14":"shipping-taxable","15":"purchasable","16":"product-type-simple"},"jetpack_sharing_enabled":true,"_links":{"self":[{"href":"https:\/\/familycancat.com\/en\/wp-json\/wp\/v2\/product\/6193","targetHints":{"allow":["GET"]}}],"collection":[{"href":"https:\/\/familycancat.com\/en\/wp-json\/wp\/v2\/product"}],"about":[{"href":"https:\/\/familycancat.com\/en\/wp-json\/wp\/v2\/types\/product"}],"version-history":[{"count":2,"href":"https:\/\/familycancat.com\/en\/wp-json\/wp\/v2\/product\/6193\/revisions"}],"predecessor-version":[{"id":6403,"href":"https:\/\/familycancat.com\/en\/wp-json\/wp\/v2\/product\/6193\/revisions\/6403"}],"wp:featuredmedia":[{"embeddable":true,"href":"https:\/\/familycancat.com\/en\/wp-json\/wp\/v2\/media\/6402"}],"wp:attachment":[{"href":"https:\/\/familycancat.com\/en\/wp-json\/wp\/v2\/media?parent=6193"}],"wp:term":[{"taxonomy":"brand","embeddable":true,"href":"https:\/\/familycancat.com\/en\/wp-json\/wp\/v2\/etheme_brands?post=6193"},{"taxonomy":"product_cat","embeddable":true,"href":"https:\/\/familycancat.com\/en\/wp-json\/wp\/v2\/product_cat?post=6193"},{"taxonomy":"product_tag","embeddable":true,"href":"https:\/\/familycancat.com\/en\/wp-json\/wp\/v2\/product_tag?post=6193"}],"curies":[{"name":"wp","href":"https:\/\/api.w.org\/{rel}","templated":true}]}}