{"id":6192,"date":"2024-12-20T07:50:59","date_gmt":"2024-12-20T06:50:59","guid":{"rendered":"https:\/\/familycancat.com\/producto\/alpha-s-snack-bolsa-pollo-50gr\/"},"modified":"2026-04-06T09:45:38","modified_gmt":"2026-04-06T08:45:38","slug":"alpha-s-snack-bolsa-pollo-50gr","status":"publish","type":"product","link":"https:\/\/familycancat.com\/en\/product\/alpha-s-snack-bolsa-pollo-50gr\/","title":{"rendered":"Alpha Spirit Snack de Pollo Perro 50 Gr Bolsa"},"content":{"rendered":"<p>Los SNACKS para perros ALPHA SPIRIT est\u00e1n hechos con ingredientes naturales. Recompense a su perro con peque\u00f1os trozos de vitalidad, recomp\u00e9nselo con un esp\u00edritu alfa. Peque\u00f1as porciones de esencia. Peque\u00f1os mordiscos de su identidad. Peque\u00f1os recuerdos salvajes.<\/p>\n<p>Ingredientes<br \/>\n55% pollo fresco, 20% pescado entero fresco, 10% h\u00edgado de cerdo fresco, almid\u00f3n hidrolizado, glicerina vegetal (USP).<\/p>","protected":false},"excerpt":{"rendered":"<p>Alpha Spirit snack\u00a0de Pollo, con ingredientes 100% naturales y libre de Cereales.<\/p>\n<p>Peso 50 Gr.<\/p>","protected":false},"featured_media":6638,"template":"","meta":[],"etheme_brands":[{"term_id":97,"name":"ALPHA SPIRIT","slug":"alpha-spirit","term_group":0,"term_taxonomy_id":97,"taxonomy":"brand","description":"","parent":0,"count":36,"filter":"raw"}],"product_cat":[96,20,90],"product_tag":[],"class_list":{"0":"post-6192","1":"product","2":"type-product","3":"status-publish","4":"has-post-thumbnail","6":"brand-alpha-spirit","7":"product_cat-todos-los-productos","8":"product_cat-perros","9":"product_cat-snacks","11":"first","12":"instock","13":"taxable","14":"shipping-taxable","15":"purchasable","16":"product-type-simple"},"jetpack_sharing_enabled":true,"_links":{"self":[{"href":"https:\/\/familycancat.com\/en\/wp-json\/wp\/v2\/product\/6192","targetHints":{"allow":["GET"]}}],"collection":[{"href":"https:\/\/familycancat.com\/en\/wp-json\/wp\/v2\/product"}],"about":[{"href":"https:\/\/familycancat.com\/en\/wp-json\/wp\/v2\/types\/product"}],"version-history":[{"count":2,"href":"https:\/\/familycancat.com\/en\/wp-json\/wp\/v2\/product\/6192\/revisions"}],"predecessor-version":[{"id":6639,"href":"https:\/\/familycancat.com\/en\/wp-json\/wp\/v2\/product\/6192\/revisions\/6639"}],"wp:featuredmedia":[{"embeddable":true,"href":"https:\/\/familycancat.com\/en\/wp-json\/wp\/v2\/media\/6638"}],"wp:attachment":[{"href":"https:\/\/familycancat.com\/en\/wp-json\/wp\/v2\/media?parent=6192"}],"wp:term":[{"taxonomy":"brand","embeddable":true,"href":"https:\/\/familycancat.com\/en\/wp-json\/wp\/v2\/etheme_brands?post=6192"},{"taxonomy":"product_cat","embeddable":true,"href":"https:\/\/familycancat.com\/en\/wp-json\/wp\/v2\/product_cat?post=6192"},{"taxonomy":"product_tag","embeddable":true,"href":"https:\/\/familycancat.com\/en\/wp-json\/wp\/v2\/product_tag?post=6192"}],"curies":[{"name":"wp","href":"https:\/\/api.w.org\/{rel}","templated":true}]}}