{"id":6153,"date":"2024-12-20T07:50:58","date_gmt":"2024-12-20T06:50:58","guid":{"rendered":"https:\/\/familycancat.com\/producto\/churu-cat-receta-de-pollo-con-gamba\/"},"modified":"2025-12-27T13:08:27","modified_gmt":"2025-12-27T12:08:27","slug":"churu-cat-receta-de-pollo-con-gamba","status":"publish","type":"product","link":"https:\/\/familycancat.com\/en\/product\/churu-cat-receta-de-pollo-con-gamba\/","title":{"rendered":"Churu Cat Pollo con Gambas 14 gr x 4 Tubos"},"content":{"rendered":"<p>Churu Pur\u00e9es tiene un alto contenido de humedad que los felinos necesitan para la salud. Simplemente abra un tubo y apri\u00e9telo un poco para alimentar a mano estas golosinas sin granos.<\/p>\n<p>Indicaci\u00f3n<br \/>\nTextura cremosa y sabores sabrosos que a los gatos les encanta. Alto contenido de humedad que los gatos necesitan para su salud general.<\/p>\n<p>Modo de empleo<br \/>\nSe recomienda verterlos en un taz\u00f3n o usarlos como aderezo sabroso en alimentos h\u00famedos o secos.<\/p>\n<p>Advertencias<br \/>\nPuede contener camarones.<\/p>\n<p>Composici\u00f3n de Churu Crema para Gatos Pollo Con Camarones<br \/>\nComposici\u00f3n:<br \/>\nAgua, pollo, tapioca, sabores naturales, sabor natural a camarones, goma guar, col\u00e1geno, suplemento de vitamina E, extracto de t\u00e9 verde.<\/p>\n<p>Constituyentes anal\u00edticos:<br \/>\nProte\u00edna bruta (m\u00edn.)(7,00%), Grasa bruta (m\u00edn.)(0,20%), Fibra bruta (m\u00e1x.)(0,30%), Humedad (m\u00e1x.)(91,00%), Vitamina E (min)(310 IU \/ kg).<\/p>","protected":false},"excerpt":{"rendered":"<p>Divertidos snacks dise\u00f1ados para darles de comer directamente desde el empaque a los gatos y fortalecer los lazos entre ellos y sus due\u00f1os. Snacks l\u00edquidos elaborados con at\u00fan salvaje o pollo criado en granja 100 % natural<\/p>","protected":false},"featured_media":6457,"template":"","meta":[],"etheme_brands":[{"term_id":110,"name":"CHURU","slug":"churu","term_group":0,"term_taxonomy_id":110,"taxonomy":"brand","description":"","parent":0,"count":14,"filter":"raw"}],"product_cat":[96,25,34],"product_tag":[],"class_list":{"0":"post-6153","1":"product","2":"type-product","3":"status-publish","4":"has-post-thumbnail","6":"brand-churu","7":"product_cat-todos-los-productos","8":"product_cat-gatos","9":"product_cat-snacks-gatos","11":"first","12":"instock","13":"taxable","14":"shipping-taxable","15":"purchasable","16":"product-type-simple"},"jetpack_sharing_enabled":true,"_links":{"self":[{"href":"https:\/\/familycancat.com\/en\/wp-json\/wp\/v2\/product\/6153","targetHints":{"allow":["GET"]}}],"collection":[{"href":"https:\/\/familycancat.com\/en\/wp-json\/wp\/v2\/product"}],"about":[{"href":"https:\/\/familycancat.com\/en\/wp-json\/wp\/v2\/types\/product"}],"version-history":[{"count":2,"href":"https:\/\/familycancat.com\/en\/wp-json\/wp\/v2\/product\/6153\/revisions"}],"predecessor-version":[{"id":6459,"href":"https:\/\/familycancat.com\/en\/wp-json\/wp\/v2\/product\/6153\/revisions\/6459"}],"wp:featuredmedia":[{"embeddable":true,"href":"https:\/\/familycancat.com\/en\/wp-json\/wp\/v2\/media\/6457"}],"wp:attachment":[{"href":"https:\/\/familycancat.com\/en\/wp-json\/wp\/v2\/media?parent=6153"}],"wp:term":[{"taxonomy":"brand","embeddable":true,"href":"https:\/\/familycancat.com\/en\/wp-json\/wp\/v2\/etheme_brands?post=6153"},{"taxonomy":"product_cat","embeddable":true,"href":"https:\/\/familycancat.com\/en\/wp-json\/wp\/v2\/product_cat?post=6153"},{"taxonomy":"product_tag","embeddable":true,"href":"https:\/\/familycancat.com\/en\/wp-json\/wp\/v2\/product_tag?post=6153"}],"curies":[{"name":"wp","href":"https:\/\/api.w.org\/{rel}","templated":true}]}}