{"id":6138,"date":"2024-12-20T07:50:57","date_gmt":"2024-12-20T06:50:57","guid":{"rendered":"https:\/\/familycancat.com\/producto\/nd-dog-quinoa-skin-coat-codorniz-lata-285gr\/"},"modified":"2026-03-24T18:11:08","modified_gmt":"2026-03-24T17:11:08","slug":"nd-dog-quinoa-skin-coat-codorniz-lata-285gr","status":"publish","type":"product","link":"https:\/\/familycancat.com\/en\/product\/nd-dog-quinoa-skin-coat-codorniz-lata-285gr\/","title":{"rendered":"Farmina ND Dog Skin &#038; Coat de Codorniz 285Gr"},"content":{"rendered":"<p>Alimento h\u00famedo completo para perros adultos.<br \/>\nN&amp;D Quinoa Skin &amp; Coat es un alimento diet\u00e9tico completo para perros, sugerido para la reducci\u00f3n de intolerancias de ingredientes y nutrientes.<\/p>\n<p>COMPOSICI\u00d3N<br \/>\nFilete y muslo de codorniz (55%), extractos de semillas de quinoa (5%), aceite de pescado, coco (4%), fructo-oligosac\u00e1ridos, condroit\u00edn sulfato, glucosamina, vitaminas, minerales. Fuentes de prote\u00ednas: filete y pata de codorniz. Fuentes de hidratos de carbono: extractos de semillas de quinoa.<\/p>\n<p>ADITIVOS POR KG<br \/>\nAditivos nutricionales: Vitamina A 4000IU; Vitamina D3 400IU; Vitamina E130mg; Cloruro de colina 400mg; Zinc (quelato de zinc del an\u00e1logo hidroxi de la metionina): 36mg; Manganeso (quelato de manganeso del an\u00e1logo hidroxi de la metionina): 6. 8mg; Hierro (quelato de hierro (II) del hidrato de glicina): 16,8mg; Cobre (quelato de cobre del an\u00e1logo hidroxilado de la metionina): 2,9mg; Selenio (levadura inactivada de selenio): 0,00242mg; DL-metionina, t\u00e9cnicamente pura 1000mg; Taurina 500mg; L-carnitina 50mg.<\/p>\n<p>COMPONENTES ANAL\u00cdTICOS<br \/>\nHumedad 75,00%; prote\u00edna bruta 11,50%; aceite y grasa bruta 5,50%; fibra bruta 0,90%; ceniza bruta 2,90%.<\/p>\n<p>VALOR ENERG\u00c9TICO<br \/>\nEM Kcal\/Kg 1069 &#8211; Mj\/Kg 4,47<\/p>","protected":false},"excerpt":{"rendered":"<p>Alimento h\u00famedo completo para perros adultos.<br \/>\nN&amp;D Quinoa Skin &amp; Coat es un alimento diet\u00e9tico completo para perros, sugerido para la reducci\u00f3n de intolerancias de ingredientes y nutrientes.<\/p>","protected":false},"featured_media":6413,"template":"","meta":[],"etheme_brands":[{"term_id":99,"name":"FARMINA","slug":"farmina","term_group":0,"term_taxonomy_id":99,"taxonomy":"brand","description":"","parent":0,"count":127,"filter":"raw"}],"product_cat":[96,20,89],"product_tag":[],"class_list":{"0":"post-6138","1":"product","2":"type-product","3":"status-publish","4":"has-post-thumbnail","6":"brand-farmina","7":"product_cat-todos-los-productos","8":"product_cat-perros","9":"product_cat-comida-humeda-para-perros","11":"first","12":"instock","13":"taxable","14":"shipping-taxable","15":"purchasable","16":"product-type-simple"},"jetpack_sharing_enabled":true,"_links":{"self":[{"href":"https:\/\/familycancat.com\/en\/wp-json\/wp\/v2\/product\/6138","targetHints":{"allow":["GET"]}}],"collection":[{"href":"https:\/\/familycancat.com\/en\/wp-json\/wp\/v2\/product"}],"about":[{"href":"https:\/\/familycancat.com\/en\/wp-json\/wp\/v2\/types\/product"}],"version-history":[{"count":2,"href":"https:\/\/familycancat.com\/en\/wp-json\/wp\/v2\/product\/6138\/revisions"}],"predecessor-version":[{"id":6414,"href":"https:\/\/familycancat.com\/en\/wp-json\/wp\/v2\/product\/6138\/revisions\/6414"}],"wp:featuredmedia":[{"embeddable":true,"href":"https:\/\/familycancat.com\/en\/wp-json\/wp\/v2\/media\/6413"}],"wp:attachment":[{"href":"https:\/\/familycancat.com\/en\/wp-json\/wp\/v2\/media?parent=6138"}],"wp:term":[{"taxonomy":"brand","embeddable":true,"href":"https:\/\/familycancat.com\/en\/wp-json\/wp\/v2\/etheme_brands?post=6138"},{"taxonomy":"product_cat","embeddable":true,"href":"https:\/\/familycancat.com\/en\/wp-json\/wp\/v2\/product_cat?post=6138"},{"taxonomy":"product_tag","embeddable":true,"href":"https:\/\/familycancat.com\/en\/wp-json\/wp\/v2\/product_tag?post=6138"}],"curies":[{"name":"wp","href":"https:\/\/api.w.org\/{rel}","templated":true}]}}