{"id":6137,"date":"2024-12-20T07:50:57","date_gmt":"2024-12-20T06:50:57","guid":{"rendered":"https:\/\/familycancat.com\/producto\/nd-dog-spirulina-mini-cordero-2kg\/"},"modified":"2026-04-09T18:42:11","modified_gmt":"2026-04-09T17:42:11","slug":"nd-dog-spirulina-mini-cordero-2kg","status":"publish","type":"product","link":"https:\/\/familycancat.com\/en\/product\/nd-dog-spirulina-mini-cordero-2kg\/","title":{"rendered":"Farmina ND Dog Spirulina Mini Cordero 2 Kg"},"content":{"rendered":"<p>Comida completa para perros adultos<\/p>\n<p>COMPOSICI\u00d3N<br \/>\ncordero (22%), prote\u00edna de cordero deshidratada (20%), batata, grasa de pollo, spirulina deshidratada (5%), huevos deshidratados, arenque, prote\u00edna de arenque deshidratada, bayas goji deshidratadas (2,5%), aceite de pescado (de arenque), fibra de guisante, zanahoria deshidratada, harina de alfalfa, inulina, fructo-oligosac\u00e1ridos, extracto de levadura (fuente de manano-oligosac\u00e1ridos), espinacas deshidratadas, c\u00e1scaras y semillas de psyllium, cloruro s\u00f3dico, levadura de cerveza deshidratada, c\u00farcuma, extracto de aloe vera, glucosamina, sulfato de condroitina.<\/p>\n<p>INGREDIENTES Y NUTRICI\u00d3N<br \/>\nADITIVOS POR KG<br \/>\nAditivos nutricionales: Vitamina A 15000IU; Vitamina D3 1500IU; Vitamina E 600mg; Vitamina C 150mg; Niacina 37,5mg; D-pantotenato de calcio 15mg; Vitamina B2 7,5mg; Vitamina B6 6mg; Vitamina B1 4,5mg; Biotina 0,38mg; \u00c1cido f\u00f3lico 0,45mg; Vitamina B12 0,1mg; Cloruro de colina 2500mg; Betacaroteno 1,5mg; Zinc (Quelato de zinc del an\u00e1logo hidroxilado de la metionina): 163,8mg; Manganeso (quelato de manganeso del an\u00e1logo hidroxilado de la metionina): 64,6mg; Hierro [quelato de hierro (II) de hidrato de glicina] 58,3 mg; Cobre (quelato de cobre del an\u00e1logo hidroxilado de la metionina): 15,8mg; Selenio (levadura selenizada inactivada): 0,00088mg; DL-metionina, t\u00e9cnicamente pura 4000mg; Taurina 1000mg; L-carnitina 300mg.<br \/>\nAditivos organol\u00e9pticos: extracto de t\u00e9 verde 100 mg; extracto de romero. Antioxidantes: extractos de tocoferol de aceites vegetales.<\/p>\n<p>COMPONENTES ANAL\u00cdTICOS<br \/>\nprote\u00edna bruta 28,00%; grasa bruta 18,00%; fibra bruta 2,90%; humedad 9,00%; ceniza bruta 8,60%; calcio 1,10%; f\u00f3sforo 0,80%; omega-6 3,30%; omega-3 0,90%; DHA 0,50%; EPA 0,30%; glucosamina 1200mg\/kg; condroit\u00edn sulfato 900mg\/kg.<\/p>\n<p>VALOR ENERG\u00c9TICO<br \/>\nEM Kcal\/Kg 3926 &#8211; Mj\/Kg 16,42<\/p>","protected":false},"excerpt":{"rendered":"<p>Comida completa para perros adultos COMPOSICI\u00d3N cordero (22%), prote\u00edna de cordero deshidratada (20%), batata, grasa de pollo, spirulina deshidratada (5%), huevos deshidratados, arenque, prote\u00edna de&#8230;<\/p>","protected":false},"featured_media":6439,"template":"","meta":[],"etheme_brands":[{"term_id":99,"name":"FARMINA","slug":"farmina","term_group":0,"term_taxonomy_id":99,"taxonomy":"brand","description":"","parent":0,"count":127,"filter":"raw"}],"product_cat":[96,20,88,131],"product_tag":[],"class_list":{"0":"post-6137","1":"product","2":"type-product","3":"status-publish","4":"has-post-thumbnail","6":"brand-farmina","7":"product_cat-todos-los-productos","8":"product_cat-perros","9":"product_cat-pienso-para-perros","10":"product_cat-pienso-perro-adulto-raza-mini","12":"first","13":"instock","14":"taxable","15":"shipping-taxable","16":"purchasable","17":"product-type-simple"},"jetpack_sharing_enabled":true,"_links":{"self":[{"href":"https:\/\/familycancat.com\/en\/wp-json\/wp\/v2\/product\/6137","targetHints":{"allow":["GET"]}}],"collection":[{"href":"https:\/\/familycancat.com\/en\/wp-json\/wp\/v2\/product"}],"about":[{"href":"https:\/\/familycancat.com\/en\/wp-json\/wp\/v2\/types\/product"}],"version-history":[{"count":2,"href":"https:\/\/familycancat.com\/en\/wp-json\/wp\/v2\/product\/6137\/revisions"}],"predecessor-version":[{"id":6440,"href":"https:\/\/familycancat.com\/en\/wp-json\/wp\/v2\/product\/6137\/revisions\/6440"}],"wp:featuredmedia":[{"embeddable":true,"href":"https:\/\/familycancat.com\/en\/wp-json\/wp\/v2\/media\/6439"}],"wp:attachment":[{"href":"https:\/\/familycancat.com\/en\/wp-json\/wp\/v2\/media?parent=6137"}],"wp:term":[{"taxonomy":"brand","embeddable":true,"href":"https:\/\/familycancat.com\/en\/wp-json\/wp\/v2\/etheme_brands?post=6137"},{"taxonomy":"product_cat","embeddable":true,"href":"https:\/\/familycancat.com\/en\/wp-json\/wp\/v2\/product_cat?post=6137"},{"taxonomy":"product_tag","embeddable":true,"href":"https:\/\/familycancat.com\/en\/wp-json\/wp\/v2\/product_tag?post=6137"}],"curies":[{"name":"wp","href":"https:\/\/api.w.org\/{rel}","templated":true}]}}