{"id":6134,"date":"2024-12-20T07:50:57","date_gmt":"2024-12-20T06:50:57","guid":{"rendered":"https:\/\/familycancat.com\/producto\/nd-cat-ocean-atun-salmon-lata-70gr\/"},"modified":"2026-03-30T12:08:19","modified_gmt":"2026-03-30T11:08:19","slug":"nd-cat-ocean-atun-salmon-lata-70gr","status":"publish","type":"product","link":"https:\/\/familycancat.com\/en\/product\/nd-cat-ocean-atun-salmon-lata-70gr\/","title":{"rendered":"Farmina ND Cat Ocean Atun Salmon 70 Gr"},"content":{"rendered":"<p>Alimento completo para gatos adultos.<\/p>\n<p>COMPOSICI\u00d3N<br \/>\nFilete de at\u00fan (60%), filete de salm\u00f3n (10%), aceite de pescado, grasa animal, fructo-oligosac\u00e1ridos, condroit\u00edn sulfato, glucosamina, vitaminas, minerales.<\/p>\n<p>INGREDIENTES Y NUTRICI\u00d3N<br \/>\nADITIVOS POR KG<br \/>\nAditivos nutricionales: Vitamina A 4800IU; Vitamina D3 320IU; Vitamina E 160mg; Cloruro de colina 501mg; Zinc (quelato de zinc del an\u00e1logo hidroxilado de la metionina): 36mg; Manganeso (quelato de manganeso del an\u00e1logo hidroxilado de la metionina): 6. 8mg; Hierro [quelato de hierro (II) del hidrato de glicina]: 16,8mg; Cobre (quelato de cobre del an\u00e1logo hidroxilado de la metionina): 2,9mg; DL-metionina, t\u00e9cnicamente pura 1500mg; taurina 800mg; L-Carnitina 50mg.<br \/>\nCOMPONENTES ANAL\u00cdTICOS<br \/>\nHumedad 76,00%; prote\u00edna bruta 15,00%; grasa bruta 4,00%; fibras brutas 0,40%; ceniza bruta 3,30%.<\/p>\n<p>VALOR ENERG\u00c9TICO<br \/>\nEM Kcal\/Kg 954 &#8211; Mj\/Kg 3,99<\/p>","protected":false},"excerpt":{"rendered":"<div id=\"product-description-short-10046\" class=\"product-description\">\n<p>Alimento h\u00famedo completo formulado especialmente para gastos adultos. Elaborado a base de trucha y salm\u00f3n cumpliendo los niveles nutricionales establecidos.<\/p>\n<\/div>\n<div id=\"product-additional-info\">\n<div class=\"product-additional-info\">\n<div class=\"social-sharing\"><\/div>\n<\/div>\n<\/div>","protected":false},"featured_media":6417,"template":"","meta":[],"etheme_brands":[{"term_id":99,"name":"FARMINA","slug":"farmina","term_group":0,"term_taxonomy_id":99,"taxonomy":"brand","description":"","parent":0,"count":127,"filter":"raw"}],"product_cat":[96,25,83],"product_tag":[],"class_list":{"0":"post-6134","1":"product","2":"type-product","3":"status-publish","4":"has-post-thumbnail","6":"brand-farmina","7":"product_cat-todos-los-productos","8":"product_cat-gatos","9":"product_cat-comida-humeda-para-gatos","11":"first","12":"instock","13":"taxable","14":"shipping-taxable","15":"purchasable","16":"product-type-simple"},"jetpack_sharing_enabled":true,"_links":{"self":[{"href":"https:\/\/familycancat.com\/en\/wp-json\/wp\/v2\/product\/6134","targetHints":{"allow":["GET"]}}],"collection":[{"href":"https:\/\/familycancat.com\/en\/wp-json\/wp\/v2\/product"}],"about":[{"href":"https:\/\/familycancat.com\/en\/wp-json\/wp\/v2\/types\/product"}],"version-history":[{"count":2,"href":"https:\/\/familycancat.com\/en\/wp-json\/wp\/v2\/product\/6134\/revisions"}],"predecessor-version":[{"id":6416,"href":"https:\/\/familycancat.com\/en\/wp-json\/wp\/v2\/product\/6134\/revisions\/6416"}],"wp:featuredmedia":[{"embeddable":true,"href":"https:\/\/familycancat.com\/en\/wp-json\/wp\/v2\/media\/6417"}],"wp:attachment":[{"href":"https:\/\/familycancat.com\/en\/wp-json\/wp\/v2\/media?parent=6134"}],"wp:term":[{"taxonomy":"brand","embeddable":true,"href":"https:\/\/familycancat.com\/en\/wp-json\/wp\/v2\/etheme_brands?post=6134"},{"taxonomy":"product_cat","embeddable":true,"href":"https:\/\/familycancat.com\/en\/wp-json\/wp\/v2\/product_cat?post=6134"},{"taxonomy":"product_tag","embeddable":true,"href":"https:\/\/familycancat.com\/en\/wp-json\/wp\/v2\/product_tag?post=6134"}],"curies":[{"name":"wp","href":"https:\/\/api.w.org\/{rel}","templated":true}]}}