{"id":6132,"date":"2024-12-20T07:50:57","date_gmt":"2024-12-20T06:50:57","guid":{"rendered":"https:\/\/familycancat.com\/producto\/nd-dog-pumpkin-cordero-lata-70gr\/"},"modified":"2026-03-27T20:38:24","modified_gmt":"2026-03-27T19:38:24","slug":"nd-dog-pumpkin-cordero-lata-70gr","status":"publish","type":"product","link":"https:\/\/familycancat.com\/en\/product\/nd-dog-pumpkin-cordero-lata-70gr\/","title":{"rendered":"Farmina ND Cat Pumpkin Lata de Cordero y Arandanos 70 Gr"},"content":{"rendered":"<p>Alimento completo para gatos adultos.<\/p>\n<p>COMPOSICI\u00d3N<br \/>\npierna de cordero (50%), h\u00edgado de cordero, calabaza (5%), ar\u00e1ndanos (4%), aceite de pescado, grasa animal, fructo-oligosac\u00e1ridos, condroit\u00edn sulfato, glucosamina, vitaminas, minerales.<\/p>\n<p>INGREDIENTES Y NUTRICI\u00d3N<br \/>\nADITIVOS POR KG<br \/>\nAditivos nutricionales: Vitamina A 4800IU; Vitamina D3 320IU; Vitamina E 160mg; Cloruro de colina 501mg; Zinc (quelato de zinc del an\u00e1logo hidroxi de la metionina): 36mg; Manganeso (quelato de manganeso del an\u00e1logo hidroxi de la metionina): 6. 8mg; Hierro (quelato de hierro (II) del hidrato de glicina): 16,8mg; Cobre (quelato de cobre del an\u00e1logo hidroxi de la metionina): 2,9mg; DL-metionina, t\u00e9cnicamente pura 1500mg; Taurina 800mg; L-carnitina 50mg.<\/p>\n<p>COMPONENTES ANAL\u00cdTICOS<br \/>\nHumedad 75,00%; prote\u00edna bruta 11,50%; aceite y grasa bruta 6,50%; fibra bruta 1,00%; ceniza bruta 2,90%.<\/p>\n<p>VALOR ENERG\u00c9TICO<br \/>\nEM Kcal\/Kg 1122 &#8211; Mj\/Kg 4,69<\/p>","protected":false},"excerpt":{"rendered":"<p>Alimento completo para gatos adultos. COMPOSICI\u00d3N pierna de cordero (50%), h\u00edgado de cordero, calabaza (5%), ar\u00e1ndanos (4%), aceite de pescado, grasa animal, fructo-oligosac\u00e1ridos, condroit\u00edn sulfato,&#8230;<\/p>","protected":false},"featured_media":6452,"template":"","meta":[],"etheme_brands":[{"term_id":99,"name":"FARMINA","slug":"farmina","term_group":0,"term_taxonomy_id":99,"taxonomy":"brand","description":"","parent":0,"count":127,"filter":"raw"}],"product_cat":[96],"product_tag":[],"class_list":{"0":"post-6132","1":"product","2":"type-product","3":"status-publish","4":"has-post-thumbnail","6":"brand-farmina","7":"product_cat-todos-los-productos","9":"first","10":"instock","11":"featured","12":"taxable","13":"shipping-taxable","14":"purchasable","15":"product-type-simple"},"jetpack_sharing_enabled":true,"_links":{"self":[{"href":"https:\/\/familycancat.com\/en\/wp-json\/wp\/v2\/product\/6132","targetHints":{"allow":["GET"]}}],"collection":[{"href":"https:\/\/familycancat.com\/en\/wp-json\/wp\/v2\/product"}],"about":[{"href":"https:\/\/familycancat.com\/en\/wp-json\/wp\/v2\/types\/product"}],"version-history":[{"count":2,"href":"https:\/\/familycancat.com\/en\/wp-json\/wp\/v2\/product\/6132\/revisions"}],"predecessor-version":[{"id":6453,"href":"https:\/\/familycancat.com\/en\/wp-json\/wp\/v2\/product\/6132\/revisions\/6453"}],"wp:featuredmedia":[{"embeddable":true,"href":"https:\/\/familycancat.com\/en\/wp-json\/wp\/v2\/media\/6452"}],"wp:attachment":[{"href":"https:\/\/familycancat.com\/en\/wp-json\/wp\/v2\/media?parent=6132"}],"wp:term":[{"taxonomy":"brand","embeddable":true,"href":"https:\/\/familycancat.com\/en\/wp-json\/wp\/v2\/etheme_brands?post=6132"},{"taxonomy":"product_cat","embeddable":true,"href":"https:\/\/familycancat.com\/en\/wp-json\/wp\/v2\/product_cat?post=6132"},{"taxonomy":"product_tag","embeddable":true,"href":"https:\/\/familycancat.com\/en\/wp-json\/wp\/v2\/product_tag?post=6132"}],"curies":[{"name":"wp","href":"https:\/\/api.w.org\/{rel}","templated":true}]}}