{"id":6129,"date":"2024-12-20T07:50:57","date_gmt":"2024-12-20T06:50:57","guid":{"rendered":"https:\/\/familycancat.com\/producto\/nd-dog-ocean-pumpkin-medium-maxi-bacalao-25kg\/"},"modified":"2025-12-23T19:53:04","modified_gmt":"2025-12-23T18:53:04","slug":"nd-dog-ocean-pumpkin-medium-maxi-bacalao-25kg","status":"publish","type":"product","link":"https:\/\/familycancat.com\/en\/product\/nd-dog-ocean-pumpkin-medium-maxi-bacalao-25kg\/","title":{"rendered":"Farmina ND Dog Ocean Pumpkin Bacalao Medium Maxi 2,5 KG"},"content":{"rendered":"<p>Bacalao, calabaza y naranja. Alimento completo para perros adultos.<\/p>\n<p>DISPONIBLE EN FORMATOS DE 2,5KG &#8211; 12KG<br \/>\nCOMPOSICI\u00d3N<br \/>\nBacalao (25%), prote\u00edna de bacalao deshidratada (25%), almid\u00f3n de guisante, aceite de pescado (de arenque), calabaza deshidratada (5%), fibra de guisante, zanahorias deshidratadas, harina de alfalfa, inulina, fructooligosac\u00e1ridos, extracto de levadura (fuente de manano-oligosac\u00e1ridos), naranja dulce deshidratada (0. 5%), manzana deshidratada, granada deshidratada, espinacas deshidratadas, c\u00e1scaras y semillas de psylium (0,3%), ar\u00e1ndanos deshidratados, cloruro de sodio, levadura de cerveza deshidratada, c\u00farcuma (0,2%), extracto de aloe vera, glucosamina, condroit\u00edn sulfato.<\/p>\n<p>Bacalao, calabaza y naranja. Alimento completo para perros adultos.<\/p>\n<p>Bacalao, Calabaza y Naranja Adulto Medium &amp; Maxi<\/p>\n<p>DISPONIBLE EN FORMATOS DE 2,5KG &#8211; 12KG<br \/>\nCOMPOSICI\u00d3N<br \/>\nBacalao (25%), prote\u00edna de bacalao deshidratada (25%), almid\u00f3n de guisante, aceite de pescado (de arenque), calabaza deshidratada (5%), fibra de guisante, zanahorias deshidratadas, harina de alfalfa, inulina, fructooligosac\u00e1ridos, extracto de levadura (fuente de manano-oligosac\u00e1ridos), naranja dulce deshidratada (0. 5%), manzana deshidratada, granada deshidratada, espinacas deshidratadas, c\u00e1scaras y semillas de psylium (0,3%), ar\u00e1ndanos deshidratados, cloruro de sodio, levadura de cerveza deshidratada, c\u00farcuma (0,2%), extracto de aloe vera, glucosamina, condroit\u00edn sulfato.<\/p>","protected":false},"excerpt":{"rendered":"<p>Bacalao, calabaza y naranja. Alimento completo para perros adultos. DISPONIBLE EN FORMATOS DE 2,5KG &#8211; 12KG COMPOSICI\u00d3N Bacalao (25%), prote\u00edna de bacalao deshidratada (25%), almid\u00f3n&#8230;<\/p>","protected":false},"featured_media":6448,"template":"","meta":[],"etheme_brands":[{"term_id":99,"name":"FARMINA","slug":"farmina","term_group":0,"term_taxonomy_id":99,"taxonomy":"brand","description":"","parent":0,"count":127,"filter":"raw"}],"product_cat":[96,20,88],"product_tag":[],"class_list":{"0":"post-6129","1":"product","2":"type-product","3":"status-publish","4":"has-post-thumbnail","6":"brand-farmina","7":"product_cat-todos-los-productos","8":"product_cat-perros","9":"product_cat-pienso-para-perros","11":"first","12":"instock","13":"taxable","14":"shipping-taxable","15":"purchasable","16":"product-type-simple"},"jetpack_sharing_enabled":true,"_links":{"self":[{"href":"https:\/\/familycancat.com\/en\/wp-json\/wp\/v2\/product\/6129","targetHints":{"allow":["GET"]}}],"collection":[{"href":"https:\/\/familycancat.com\/en\/wp-json\/wp\/v2\/product"}],"about":[{"href":"https:\/\/familycancat.com\/en\/wp-json\/wp\/v2\/types\/product"}],"version-history":[{"count":2,"href":"https:\/\/familycancat.com\/en\/wp-json\/wp\/v2\/product\/6129\/revisions"}],"predecessor-version":[{"id":6449,"href":"https:\/\/familycancat.com\/en\/wp-json\/wp\/v2\/product\/6129\/revisions\/6449"}],"wp:featuredmedia":[{"embeddable":true,"href":"https:\/\/familycancat.com\/en\/wp-json\/wp\/v2\/media\/6448"}],"wp:attachment":[{"href":"https:\/\/familycancat.com\/en\/wp-json\/wp\/v2\/media?parent=6129"}],"wp:term":[{"taxonomy":"brand","embeddable":true,"href":"https:\/\/familycancat.com\/en\/wp-json\/wp\/v2\/etheme_brands?post=6129"},{"taxonomy":"product_cat","embeddable":true,"href":"https:\/\/familycancat.com\/en\/wp-json\/wp\/v2\/product_cat?post=6129"},{"taxonomy":"product_tag","embeddable":true,"href":"https:\/\/familycancat.com\/en\/wp-json\/wp\/v2\/product_tag?post=6129"}],"curies":[{"name":"wp","href":"https:\/\/api.w.org\/{rel}","templated":true}]}}