{"id":6127,"date":"2024-12-20T07:50:56","date_gmt":"2024-12-20T06:50:56","guid":{"rendered":"https:\/\/familycancat.com\/producto\/nd-dog-pumpkin-mini-cordero-25kg\/"},"modified":"2026-03-23T18:12:08","modified_gmt":"2026-03-23T17:12:08","slug":"nd-dog-pumpkin-mini-cordero-25kg","status":"publish","type":"product","link":"https:\/\/familycancat.com\/en\/product\/nd-dog-pumpkin-mini-cordero-25kg\/","title":{"rendered":"Farmina ND Dog Pumpkin Mini Cordero 2,5 KG"},"content":{"rendered":"<p>Alimento completo para perros adultos de razas de tama\u00f1o peque\u00f1o y mini.<br \/>\nElaborado a base de cordero, calabaza y ar\u00e1ndanos.<\/p>\n<p>DISPONIBLE EN FORMATOS DE 800G &#8211; 2,5KG &#8211; 7KG<br \/>\nCOMPOSICI\u00d3N<br \/>\nCordero deshuesado (22%), prote\u00edna de cordero deshidratada (20%), almid\u00f3n de guisante, grasa de pollo, calabaza deshidratada (5%), huevo entero deshidratado, arenque, prote\u00edna de arenque deshidratado, aceite de pescado (de arenque), fibra de guisante, zanahoria deshidratada, alfalfa deshidratada, inulina, fructo-oligosac\u00e1ridos, extracto de levadura (fuente de manano-oligosac\u00e1ridos), ar\u00e1ndano deshidratado (0.5%), manzana deshidratada, granada deshidratada, naranja dulce deshidratada, espinaca deshidratada, psyllium (0.3%), cloruro de sodio, levadura de cerveza deshidratada, c\u00farcuma (0.2%), glucosamina, sulfato de condroitina.<\/p>\n<p>INGREDIENTES Y NUTRICI\u00d3N<br \/>\nADITIVOS POR KG<br \/>\nAditivos nutricionales: Vitamina A 15000IU; Vitamina D3 1500IU; Vitamina E 600mg; Vitamina C 150mg; Niacina 37.5mg; \u00e1cido pantot\u00e9nico 15mg; Vitamina B2 7.5mg; Vitamina B6 6mg; Vitamina B1 4.5mg; Biotina 0.38mg; \u00e1cido f\u00f3lico 0.45mg; Vitamina B12 0.1mg; cloruro de colina 2500mg; Beta-carotenos 1.5mg; quelato de zinc del an\u00e1logo hidroxilado de la metionina 910mg; quelato de manganeso del an\u00e1logo hidroxilado de la metionina 380mg; quelato de hierro del hidrato de glicina 250mg; quelato de cobre del an\u00e1logo hidroxilado de la metionina 88mg; levadura selenizada inactivada 0.40mg; DL-metionina 4000mg; Taurina 1000mg; L\u2010carnitina 300mg.<br \/>\nAditivos organol\u00e9pticos: extracto de aloe vera 1000mg; extracto de t\u00e9 verde 100mg; extracto de romero.<br \/>\nAntioxidantes: extracto de origen natural rico en tocoferoles.<\/p>\n<p>COMPONENTES ANAL\u00cdTICOS<br \/>\nProte\u00edna bruta 28.00%; grasa bruta 18.00%; fibra bruta 2.90%; humedad 9.00%; ceniza bruta 8.60%; Calcio 1.10%; F\u00f3sforo 0.80%; Omega\u20106 3.30%; Omega\u20103 0.90%; DHA 0.50%; EPA 0.30%; Glucosamina 1200mg\/kg; Condroit\u00edn sulfato 900mg\/kg.<\/p>\n<p>VALOR ENERG\u00c9TICO<br \/>\nEM Kcal\/Kg 3926 &#8211; Mj\/Kg 16,42<\/p>","protected":false},"excerpt":{"rendered":"<p>Alimento completo para perros adultos de razas de tama\u00f1o peque\u00f1o y mini.<br \/>\nElaborado a base de cordero, calabaza y ar\u00e1ndanos.<\/p>","protected":false},"featured_media":6471,"template":"","meta":[],"etheme_brands":[{"term_id":99,"name":"FARMINA","slug":"farmina","term_group":0,"term_taxonomy_id":99,"taxonomy":"brand","description":"","parent":0,"count":127,"filter":"raw"}],"product_cat":[96,20,88,131],"product_tag":[],"class_list":{"0":"post-6127","1":"product","2":"type-product","3":"status-publish","4":"has-post-thumbnail","6":"brand-farmina","7":"product_cat-todos-los-productos","8":"product_cat-perros","9":"product_cat-pienso-para-perros","10":"product_cat-pienso-perro-adulto-raza-mini","12":"first","13":"instock","14":"taxable","15":"shipping-taxable","16":"purchasable","17":"product-type-simple"},"jetpack_sharing_enabled":true,"_links":{"self":[{"href":"https:\/\/familycancat.com\/en\/wp-json\/wp\/v2\/product\/6127","targetHints":{"allow":["GET"]}}],"collection":[{"href":"https:\/\/familycancat.com\/en\/wp-json\/wp\/v2\/product"}],"about":[{"href":"https:\/\/familycancat.com\/en\/wp-json\/wp\/v2\/types\/product"}],"version-history":[{"count":1,"href":"https:\/\/familycancat.com\/en\/wp-json\/wp\/v2\/product\/6127\/revisions"}],"predecessor-version":[{"id":6472,"href":"https:\/\/familycancat.com\/en\/wp-json\/wp\/v2\/product\/6127\/revisions\/6472"}],"wp:featuredmedia":[{"embeddable":true,"href":"https:\/\/familycancat.com\/en\/wp-json\/wp\/v2\/media\/6471"}],"wp:attachment":[{"href":"https:\/\/familycancat.com\/en\/wp-json\/wp\/v2\/media?parent=6127"}],"wp:term":[{"taxonomy":"brand","embeddable":true,"href":"https:\/\/familycancat.com\/en\/wp-json\/wp\/v2\/etheme_brands?post=6127"},{"taxonomy":"product_cat","embeddable":true,"href":"https:\/\/familycancat.com\/en\/wp-json\/wp\/v2\/product_cat?post=6127"},{"taxonomy":"product_tag","embeddable":true,"href":"https:\/\/familycancat.com\/en\/wp-json\/wp\/v2\/product_tag?post=6127"}],"curies":[{"name":"wp","href":"https:\/\/api.w.org\/{rel}","templated":true}]}}