{"id":6121,"date":"2024-12-20T07:50:56","date_gmt":"2024-12-20T06:50:56","guid":{"rendered":"https:\/\/familycancat.com\/producto\/nd-dog-pumpkin-medium-maxi-cordero-12kg\/"},"modified":"2026-04-01T12:24:21","modified_gmt":"2026-04-01T11:24:21","slug":"nd-dog-pumpkin-medium-maxi-cordero-12kg","status":"publish","type":"product","link":"https:\/\/familycancat.com\/en\/product\/nd-dog-pumpkin-medium-maxi-cordero-12kg\/","title":{"rendered":"Farmina ND Dog Pumpkin Medium Maxi Cordero 12KG"},"content":{"rendered":"<p>Alimento completo para perros adultos de razas de tama\u00f1o mediano, grande y gigante.<br \/>\nElaborado a base de jabal\u00ed, calabaza y manzana.<\/p>\n<p>DISPONIBLE EN FORMATOS DE 2,5KG &#8211; 12KG<br \/>\nCOMPOSICI\u00d3N<br \/>\nJabal\u00ed deshuesado (24%), prote\u00edna de jabal\u00ed deshidratada (22%), almid\u00f3n de guisante, grasa de pollo, calabaza deshidratada (5%), huevo entero deshidratado, aceite de pescado (de arenque), fibra de guisante, zanahoria deshidratada, alfalfa deshidratada, inulina, fructo-oligosac\u00e1ridos, extracto de levadura (fuente de manano-oligosac\u00e1ridos), manzana deshidratada (0.5%), espinaca deshidratada, psyllium (0.3%), granada deshidratada, naranja dulce deshidratada, ar\u00e1ndano deshidratado, cloruro de sodio, levadura de cerveza deshidratada, c\u00farcuma (0.2%), glucosamina, sulfato de condroitina.<\/p>\n<p>INGREDIENTES Y NUTRICI\u00d3N<br \/>\nADITIVOS POR KG<br \/>\nAditivos nutricionales: Vitamina A 15000IU; Vitamina D3 1500IU; Vitamina E 600mg; Vitamina C 150mg; Niacina 37.5mg; \u00e1cido pantot\u00e9nico 15mg; Vitamina B2 7.5mg; Vitamina B6 6mg; Vitamina B1 4.5mg; Biotina 0.38mg; \u00e1cido f\u00f3lico 0.45mg; Vitamina B12 0.1mg; cloruro de colina 2500mg; Beta-carotenos 1.5mg; quelato de zinc del an\u00e1logo hidroxilado de la metionina 910mg; quelato de manganeso del an\u00e1logo hidroxilado de la metionina 380mg; quelato de hierro del hidrato de glicina 250mg; quelato de cobre del an\u00e1logo hidroxilado de la metionina 88mg; levadura selenizada inactivada 0.40mg; DL-metionina 4000mg; Taurina 1000mg; L\u2010Carnitina 300mg.<br \/>\nAditivos organol\u00e9pticos: extracto de aloe vera 1000mg; extracto de t\u00e9 verde 100mg; extracto de romero.<br \/>\nAntioxidantes: extracto de origen natural rico en tocoferoles.<\/p>\n<p>COMPONENTES ANAL\u00cdTICOS<br \/>\nProte\u00edna bruta 30.00%; grasa bruta 18.00%; fibra bruta 2.90%; humedad 9.00%; ceniza bruta 6.60%; Calcio 0.90%; F\u00f3sforo 0.70%; Omega\u20106 3.30%; Omega\u20103 0.90%; DHA 0.50%; EPA 0.30%; Glucosamina 1200mg\/kg; Condroit\u00edn sulfato 900mg\/kg.<\/p>\n<p>VALOR ENERG\u00c9TICO<br \/>\nEM Kcal\/Kg 4005 &#8211; Mj\/Kg 16,75<\/p>","protected":false},"excerpt":{"rendered":"<div id=\"product-description-short-6394\" class=\"product-description\">\n<p>Farmina Nd Dog Pumpkin Medium Maxi es un alimento completo para perros adultos.\u00a0Con\u00a0calabaza,\u00a0importante\u00a0fuente\u00a0de\u00a0betacarotenos\u00a0y\u00a0antioxidantes\u00a0naturales,sin\u00a0cereales.\u00a0El\u00a0cordero,\u00a0fuente\u00a0de\u00a0prote\u00ednas\u00a0de\u00a0carne\u00a0roja\u00a0de\u00a0muy\u00a0alta\u00a0calidad,\u00a0procede\u00a0de\u00a0explotaciones\u00a0en\u00a0extensivo.<\/p>\n<\/div>\n<div id=\"product-additional-info\">\n<div class=\"product-additional-info\">\n<div class=\"social-sharing\"><\/div>\n<\/div>\n<\/div>","protected":false},"featured_media":6485,"template":"","meta":[],"etheme_brands":[{"term_id":99,"name":"FARMINA","slug":"farmina","term_group":0,"term_taxonomy_id":99,"taxonomy":"brand","description":"","parent":0,"count":127,"filter":"raw"}],"product_cat":[96,20,88],"product_tag":[],"class_list":{"0":"post-6121","1":"product","2":"type-product","3":"status-publish","4":"has-post-thumbnail","6":"brand-farmina","7":"product_cat-todos-los-productos","8":"product_cat-perros","9":"product_cat-pienso-para-perros","11":"first","12":"instock","13":"taxable","14":"shipping-taxable","15":"purchasable","16":"product-type-simple"},"jetpack_sharing_enabled":true,"_links":{"self":[{"href":"https:\/\/familycancat.com\/en\/wp-json\/wp\/v2\/product\/6121","targetHints":{"allow":["GET"]}}],"collection":[{"href":"https:\/\/familycancat.com\/en\/wp-json\/wp\/v2\/product"}],"about":[{"href":"https:\/\/familycancat.com\/en\/wp-json\/wp\/v2\/types\/product"}],"version-history":[{"count":2,"href":"https:\/\/familycancat.com\/en\/wp-json\/wp\/v2\/product\/6121\/revisions"}],"predecessor-version":[{"id":6487,"href":"https:\/\/familycancat.com\/en\/wp-json\/wp\/v2\/product\/6121\/revisions\/6487"}],"wp:featuredmedia":[{"embeddable":true,"href":"https:\/\/familycancat.com\/en\/wp-json\/wp\/v2\/media\/6485"}],"wp:attachment":[{"href":"https:\/\/familycancat.com\/en\/wp-json\/wp\/v2\/media?parent=6121"}],"wp:term":[{"taxonomy":"brand","embeddable":true,"href":"https:\/\/familycancat.com\/en\/wp-json\/wp\/v2\/etheme_brands?post=6121"},{"taxonomy":"product_cat","embeddable":true,"href":"https:\/\/familycancat.com\/en\/wp-json\/wp\/v2\/product_cat?post=6121"},{"taxonomy":"product_tag","embeddable":true,"href":"https:\/\/familycancat.com\/en\/wp-json\/wp\/v2\/product_tag?post=6121"}],"curies":[{"name":"wp","href":"https:\/\/api.w.org\/{rel}","templated":true}]}}