{"id":6120,"date":"2024-12-20T07:50:56","date_gmt":"2024-12-20T06:50:56","guid":{"rendered":"https:\/\/familycancat.com\/producto\/nd-dog-ocean-salmon-bacalao-lata-285gr\/"},"modified":"2026-03-24T18:37:37","modified_gmt":"2026-03-24T17:37:37","slug":"nd-dog-ocean-salmon-bacalao-lata-285gr","status":"publish","type":"product","link":"https:\/\/familycancat.com\/en\/product\/nd-dog-ocean-salmon-bacalao-lata-285gr\/","title":{"rendered":"Farmina ND Dog Ocean Salmon Bacalao 285 GR"},"content":{"rendered":"<p>Alimento h\u00famedo completo para perros adultos.<\/p>\n<p>DISPONIBLE EN FORMATOS DE 285G<br \/>\nCOMPOSICI\u00d3N<br \/>\nFilete de salm\u00f3n (30%), filete de bacalao (30%), arenque, at\u00fan, batata, aceite de pescado, grasa animal, gambas, fructooligosac\u00e1ridos, condroit\u00edn sulfato, glucosamina, vitaminas, minerales.<\/p>\n<p>INGREDIENTES Y NUTRICI\u00d3N<br \/>\nADITIVOS POR KG<br \/>\nAditivos nutricionales: Vitamina A 4000IU; Vitamina D3 400IU; Vitamina E 130mg; Cloruro de colina 400mg; Zinc (quelato de zinc del an\u00e1logo hidroxilado de la metionina): 36mg; Manganeso (quelato de manganeso del an\u00e1logo hidroxilado de la metionina): 6. 8mg; Hierro (quelato de hierro (II) del hidrato de glicina): 16,8mg; Cobre (quelato de cobre del an\u00e1logo hidroxilado de la metionina): 2,9mg; Selenio (levadura inactivada de selenio): 0,00242mg; DL-metionina, t\u00e9cnicamente pura 1000mg; Taurina 500mg; L-carnitina 50mg.<\/p>\n<p>COMPONENTES ANAL\u00cdTICOS<br \/>\nHumedad 76,00%; prote\u00edna bruta 12,00%; aceites y grasas brutas 2,80%; fibras brutas 0,50%; ceniza bruta 2,70%.<\/p>\n<p>VALOR ENERG\u00c9TICO<br \/>\nEM Kcal\/Kg 942 &#8211; Mj\/Kg 3,94<\/p>","protected":false},"excerpt":{"rendered":"<div id=\"product-description-short-7741\" class=\"product-description\">\n<p>Alimento h\u00famedo completo para perros adultos<\/p>\n<\/div>\n<div id=\"product-additional-info\">\n<div class=\"product-additional-info\">\n<div class=\"social-sharing\"><\/div>\n<\/div>\n<\/div>","protected":false},"featured_media":6483,"template":"","meta":[],"etheme_brands":[{"term_id":99,"name":"FARMINA","slug":"farmina","term_group":0,"term_taxonomy_id":99,"taxonomy":"brand","description":"","parent":0,"count":127,"filter":"raw"}],"product_cat":[96,20,89],"product_tag":[],"class_list":{"0":"post-6120","1":"product","2":"type-product","3":"status-publish","4":"has-post-thumbnail","6":"brand-farmina","7":"product_cat-todos-los-productos","8":"product_cat-perros","9":"product_cat-comida-humeda-para-perros","11":"first","12":"instock","13":"taxable","14":"shipping-taxable","15":"purchasable","16":"product-type-simple"},"jetpack_sharing_enabled":true,"_links":{"self":[{"href":"https:\/\/familycancat.com\/en\/wp-json\/wp\/v2\/product\/6120","targetHints":{"allow":["GET"]}}],"collection":[{"href":"https:\/\/familycancat.com\/en\/wp-json\/wp\/v2\/product"}],"about":[{"href":"https:\/\/familycancat.com\/en\/wp-json\/wp\/v2\/types\/product"}],"version-history":[{"count":3,"href":"https:\/\/familycancat.com\/en\/wp-json\/wp\/v2\/product\/6120\/revisions"}],"predecessor-version":[{"id":9386,"href":"https:\/\/familycancat.com\/en\/wp-json\/wp\/v2\/product\/6120\/revisions\/9386"}],"wp:featuredmedia":[{"embeddable":true,"href":"https:\/\/familycancat.com\/en\/wp-json\/wp\/v2\/media\/6483"}],"wp:attachment":[{"href":"https:\/\/familycancat.com\/en\/wp-json\/wp\/v2\/media?parent=6120"}],"wp:term":[{"taxonomy":"brand","embeddable":true,"href":"https:\/\/familycancat.com\/en\/wp-json\/wp\/v2\/etheme_brands?post=6120"},{"taxonomy":"product_cat","embeddable":true,"href":"https:\/\/familycancat.com\/en\/wp-json\/wp\/v2\/product_cat?post=6120"},{"taxonomy":"product_tag","embeddable":true,"href":"https:\/\/familycancat.com\/en\/wp-json\/wp\/v2\/product_tag?post=6120"}],"curies":[{"name":"wp","href":"https:\/\/api.w.org\/{rel}","templated":true}]}}