{"id":6119,"date":"2024-12-20T07:50:56","date_gmt":"2024-12-20T06:50:56","guid":{"rendered":"https:\/\/familycancat.com\/producto\/nd-dog-pumpkin-cordero-lata-285gr\/"},"modified":"2026-04-08T18:58:00","modified_gmt":"2026-04-08T17:58:00","slug":"nd-dog-pumpkin-cordero-lata-285gr","status":"publish","type":"product","link":"https:\/\/familycancat.com\/en\/product\/nd-dog-pumpkin-cordero-lata-285gr\/","title":{"rendered":"Farmina Nd Pumpkin Cordero 285 Gr"},"content":{"rendered":"<p>Alimento h\u00famedo completo para perros adultos.<\/p>\n<p>Cordero, Calabaza &amp; Ar\u00e1ndanos Adulto Lata<\/p>\n<p>DISPONIBLE EN FORMATOS DE 285G<br \/>\nCOMPOSICI\u00d3N<br \/>\nCarne de cordero (50%), h\u00edgado de cordero, arenque, calabaza (5%), batata, huevos de gallina cocidos, ar\u00e1ndanos (4%), aceite de pescado, grasa animal, fructo-oligosac\u00e1ridos, condroit\u00edn sulfato, glucosamina, vitaminas, minerales.<\/p>\n<p>INGREDIENTES Y NUTRICI\u00d3N<br \/>\nADITIVOS POR KG<br \/>\nAditivos nutricionales: Vitamina A 4000IU; Vitamina D3 400IU; Vitamina E 130mg; Cloruro de colina 400mg; Zinc (quelato de zinc del an\u00e1logo hidroxi de la metionina): 36mg; Manganeso (quelato de manganeso del an\u00e1logo hidroxi de la metionina): 6. 8 mg; Hierro [quelato de hierro (II) del hidrato de glicina]: 16,8 mg; Cobre (quelato de cobre del an\u00e1logo hidroxilado de la metionina): 2,9 mg; Selenio (levadura selenizada inactivada): 0,00242 mg; DL-metionina t\u00e9cnicamente pura 1000 mg; Taurina 500 mg; L-carnitina 50 mg.<\/p>\n<p>COMPONENTES ANAL\u00cdTICOS<br \/>\nHumedad 75,00%; prote\u00edna bruta 11,00%; grasa bruta 7,00%; fibra bruta 1,00%; ceniza bruta 2,40%.<\/p>\n<p>VALOR ENERG\u00c9TICO<br \/>\nEM Kcal\/Kg 1145 &#8211; Mj\/Kg 4,79<\/p>","protected":false},"excerpt":{"rendered":"<p>Alimento h\u00famedo completo formulado especialmente para perros adultos. Elaborado a base de cordero, calabaza y ar\u00e1ndanos cumpliendo los niveles nutricionales establecidos.<\/p>","protected":false},"featured_media":6491,"template":"","meta":[],"etheme_brands":[{"term_id":99,"name":"FARMINA","slug":"farmina","term_group":0,"term_taxonomy_id":99,"taxonomy":"brand","description":"","parent":0,"count":127,"filter":"raw"}],"product_cat":[96,20,89],"product_tag":[],"class_list":{"0":"post-6119","1":"product","2":"type-product","3":"status-publish","4":"has-post-thumbnail","6":"brand-farmina","7":"product_cat-todos-los-productos","8":"product_cat-perros","9":"product_cat-comida-humeda-para-perros","11":"first","12":"instock","13":"taxable","14":"shipping-taxable","15":"purchasable","16":"product-type-simple"},"jetpack_sharing_enabled":true,"_links":{"self":[{"href":"https:\/\/familycancat.com\/en\/wp-json\/wp\/v2\/product\/6119","targetHints":{"allow":["GET"]}}],"collection":[{"href":"https:\/\/familycancat.com\/en\/wp-json\/wp\/v2\/product"}],"about":[{"href":"https:\/\/familycancat.com\/en\/wp-json\/wp\/v2\/types\/product"}],"version-history":[{"count":1,"href":"https:\/\/familycancat.com\/en\/wp-json\/wp\/v2\/product\/6119\/revisions"}],"predecessor-version":[{"id":6490,"href":"https:\/\/familycancat.com\/en\/wp-json\/wp\/v2\/product\/6119\/revisions\/6490"}],"wp:featuredmedia":[{"embeddable":true,"href":"https:\/\/familycancat.com\/en\/wp-json\/wp\/v2\/media\/6491"}],"wp:attachment":[{"href":"https:\/\/familycancat.com\/en\/wp-json\/wp\/v2\/media?parent=6119"}],"wp:term":[{"taxonomy":"brand","embeddable":true,"href":"https:\/\/familycancat.com\/en\/wp-json\/wp\/v2\/etheme_brands?post=6119"},{"taxonomy":"product_cat","embeddable":true,"href":"https:\/\/familycancat.com\/en\/wp-json\/wp\/v2\/product_cat?post=6119"},{"taxonomy":"product_tag","embeddable":true,"href":"https:\/\/familycancat.com\/en\/wp-json\/wp\/v2\/product_tag?post=6119"}],"curies":[{"name":"wp","href":"https:\/\/api.w.org\/{rel}","templated":true}]}}