{"id":6113,"date":"2024-12-20T07:50:56","date_gmt":"2024-12-20T06:50:56","guid":{"rendered":"https:\/\/familycancat.com\/producto\/woolf-snack-sandwich-pato-100gr\/"},"modified":"2026-04-09T17:54:15","modified_gmt":"2026-04-09T16:54:15","slug":"woolf-snack-sandwich-pato-100gr","status":"publish","type":"product","link":"https:\/\/familycancat.com\/en\/product\/woolf-snack-sandwich-pato-100gr\/","title":{"rendered":"Woolf Premios Sandwich de Pato 100gr"},"content":{"rendered":"<p>Woolf S\u00e1ndwich de Pato, un snack natural para perros elaborado con ingredientes frescos de primera calidad. Como fuente principal de prote\u00ednas se utiliza carne de pato. Le aporta prote\u00ednas de calidad, vitaminas del grupo B como la tiamina, niacina, riboflavina y vitamina B12. Adem\u00e1s de hierro de f\u00e1cil absorci\u00f3n, f\u00f3sforo y zinc. Refuerza las defensas naturales, fortalece el sistema inmunitario y repara las c\u00e9lulas. Un snack que puedes ofrecer a tu mascota entre horas o como premio por un buen comportamiento.<\/p>\n<p>Alimento complementario para perros, elaborado con un 80% de pato y un 10% de bacalao. Premio nutritivo y saludable para perros. El bacalao aporta \u00e1cidos grasos esenciales Omega 3 y 6. Estos contribuyen al refuerzo del pelo y la piel de tu mascota. Adem\u00e1s de proporcionarle brillo y suavidad al pelaje.<\/p>\n<p>Las bolsas incluyen un cierre en forma de zip que facilita la conservaci\u00f3n del snack prolongando su frescura. Una vez abierto, recomendamos conservarlo en la nevera un m\u00e1ximo de 7 d\u00edas.<\/p>\n<p>Woolf fabrica todos sus productos sin conservantes, colorantes ni aditivos para ofrecer un alimento sano y natural.<\/p>\n<p>Contenido: 100gr<\/p>\n<p>Ingredientes: Pato (80%), bacalao (10%), minerales, almid\u00f3n, glicerina<\/p>\n<p>Todos los snacks Woolf se envasan sin aditivos qu\u00edmicos, conservantes ni colorantes<\/p>\n<p>Componentes anal\u00edticos: Prote\u00edna bruta 35%, grasa bruta 4%, fibra bruta 1%, ceniza bruta 6%, humedad 22%.<\/p>","protected":false},"excerpt":{"rendered":"<p>Woolf S\u00e1ndwich de Pato, un snack natural para perros elaborado con ingredientes frescos de primera calidad. Como fuente principal de prote\u00ednas se utiliza carne de&#8230;<\/p>","protected":false},"featured_media":7920,"template":"","meta":[],"etheme_brands":[{"term_id":109,"name":"WOOLF","slug":"woolf","term_group":0,"term_taxonomy_id":109,"taxonomy":"brand","description":"","parent":0,"count":26,"filter":"raw"}],"product_cat":[96,20,90],"product_tag":[],"class_list":{"0":"post-6113","1":"product","2":"type-product","3":"status-publish","4":"has-post-thumbnail","6":"brand-woolf","7":"product_cat-todos-los-productos","8":"product_cat-perros","9":"product_cat-snacks","11":"first","12":"outofstock","13":"taxable","14":"shipping-taxable","15":"purchasable","16":"product-type-simple"},"jetpack_sharing_enabled":true,"_links":{"self":[{"href":"https:\/\/familycancat.com\/en\/wp-json\/wp\/v2\/product\/6113","targetHints":{"allow":["GET"]}}],"collection":[{"href":"https:\/\/familycancat.com\/en\/wp-json\/wp\/v2\/product"}],"about":[{"href":"https:\/\/familycancat.com\/en\/wp-json\/wp\/v2\/types\/product"}],"version-history":[{"count":2,"href":"https:\/\/familycancat.com\/en\/wp-json\/wp\/v2\/product\/6113\/revisions"}],"predecessor-version":[{"id":7921,"href":"https:\/\/familycancat.com\/en\/wp-json\/wp\/v2\/product\/6113\/revisions\/7921"}],"wp:featuredmedia":[{"embeddable":true,"href":"https:\/\/familycancat.com\/en\/wp-json\/wp\/v2\/media\/7920"}],"wp:attachment":[{"href":"https:\/\/familycancat.com\/en\/wp-json\/wp\/v2\/media?parent=6113"}],"wp:term":[{"taxonomy":"brand","embeddable":true,"href":"https:\/\/familycancat.com\/en\/wp-json\/wp\/v2\/etheme_brands?post=6113"},{"taxonomy":"product_cat","embeddable":true,"href":"https:\/\/familycancat.com\/en\/wp-json\/wp\/v2\/product_cat?post=6113"},{"taxonomy":"product_tag","embeddable":true,"href":"https:\/\/familycancat.com\/en\/wp-json\/wp\/v2\/product_tag?post=6113"}],"curies":[{"name":"wp","href":"https:\/\/api.w.org\/{rel}","templated":true}]}}